{"id":1367,"date":"2025-07-24T14:07:15","date_gmt":"2025-07-24T14:07:15","guid":{"rendered":"https:\/\/www.game4fun.eu\/?page_id=1367"},"modified":"2025-07-28T12:07:11","modified_gmt":"2025-07-28T12:07:11","slug":"feedback","status":"publish","type":"page","link":"https:\/\/www.game4fun.eu\/?page_id=1367","title":{"rendered":"FeedBack"},"content":{"rendered":"<p>Pro p\u0159id\u00e1n\u00ed zp\u011btn\u00e9 vazby se mus\u00ed\u0161 <a href=\"https:\/\/www.game4fun.eu\/wp-login.php\">p\u0159ihl\u00e1sit<\/a>.<\/p>\n<hr \/>\n<p>    <ul id=\"sfb-list\">\r\n                <li data-postid=\"2965\">\r\n                <strong>Piplovic.<\/strong>: Mohli by v\u0161ichni v\u00edc makat, heja heja, hehehe muheheh.\n\nAle mohu poskytnout i vlastn\u00ed zp\u011btnou vazbu. Nen\u00ed jednoduch\u00e9 se o n\u011bco starat, zabere to hodn\u011b \u010dasu a pen\u011bz. P\u0159esto se sna\u017e\u00edme d\u011blat v\u0161e pro hr\u00e1\u010de, kte\u0159\u00ed maj\u00ed r\u00e1di online hran\u00ed.\n\nNejde jen o b\u011b\u017en\u00e9 hr\u00e1\u010de, ale o ty, kte\u0159\u00ed vn\u00edmaj\u00ed v\u0161e s nadhledem a nostalgi\u00ed. Tento server se n\u00e1m opravdu povedl, ale je to n\u00e1ro\u010dn\u00e9.                <br>\r\n                <button class=\"sfb-like-btn\" style=\"background:#e8ffe8;border:2px solid #7bbf7b;color:#1c7a1c;padding:6px 12px;font-weight:bold;cursor:pointer;border-radius:6px;\">\r\n                    l\u00edb\u00ed se mi to (0)\r\n                <\/button>\r\n                <button class=\"sfb-dislike-btn\" style=\"background:#ffe8e8;border:2px solid #d07b7b;color:#a11e1e;padding:6px 12px;font-weight:bold;cursor:pointer;border-radius:6px;margin-left:8px;\">\r\n                    nel\u00edb\u00ed (0)\r\n                <\/button>\r\n            <\/li>\r\n                        <li data-postid=\"1442\">\r\n                <strong>JudyAlvarez<\/strong>: Ob\u010das si \u0159\u00edk\u00e1m, pro\u010d vlastn\u011b je\u0161t\u011b zap\u00edn\u00e1m tenhle SAMP server. T\u011b\u0161il jsem se na z\u00e1bavu, na nov\u00e9 z\u00e1\u017eitky, na n\u011bco, co m\u011b po dni ve \u0161kole nebo v pr\u00e1ci odreaguje. M\u00edsto toho se mi ale otev\u00edr\u00e1 sv\u011bt, kter\u00fd mi p\u0159ipad\u00e1 v\u00edc mrtv\u00fd ne\u017e \u017eiv\u00fd \u2013 jako n\u00e1dra\u017e\u00ed uprost\u0159ed noci, kde jen ob\u010das projede zpo\u017ed\u011bn\u00fd vlak.\n\nVeden\u00ed serveru mi p\u0159ipom\u00edn\u00e1 \u010cesk\u00e9 dr\u00e1hy. Ano, existuje. Ob\u010das se n\u011bkde mihne, n\u011bco zahl\u00e1s\u00ed, ale re\u00e1lnou aktivitu aby \u010dlov\u011bk pohledal. HL administr\u00e1tor? Ten je snad permanentn\u011b AFK. Mo\u017en\u00e1 fakt n\u011bkde na farm\u011b, soud\u011b podle toho, jak moc se \u0159e\u0161\u00ed farma\u0159en\u00ed ve h\u0159e. Jen\u017ee komunita pot\u0159ebuje v\u00edc ne\u017e jen spr\u00e1vce, kter\u00fd se jednou za \u010das objev\u00ed a pak zase zmiz\u00ed beze stopy.\n\nA co se t\u00fd\u010de samotn\u00e9ho v\u00fdvoje? Tady p\u0159ich\u00e1z\u00ed to nejv\u011bt\u0161\u00ed zklam\u00e1n\u00ed. Nam\u00edsto roz\u0161\u00ed\u0159en\u00ed a vylep\u0161en\u00ed job\u016f jako mechanik, kam by \u0161lo p\u0159idat hromadu zaj\u00edmav\u00fdch funkc\u00ed, se do\u010dk\u00e1v\u00e1me jen dal\u0161\u00edch farem, pil nebo rafek. U\u017e to nep\u016fsob\u00ed jako RP server, sp\u00ed\u0161 jako zem\u011bd\u011blsk\u00fd simul\u00e1tor s n\u00e1dechem repetitivn\u00edho grindu.\n\nHodnotit posledn\u00ed update? S \u010dist\u00fdm sv\u011bdom\u00edm d\u00e1v\u00e1m 2 z 10. A to jen proto, \u017ee n\u011bco m\u00e1lo p\u0159ibylo. Ale z hlediska kreativity, p\u0159\u00ednosu a sm\u011bru v\u00fdvoje to byl krok stranou \u2013 a mo\u017en\u00e1 i dozadu.\n\nR\u00e1d bych vid\u011bl zm\u011bnu. R\u00e1d bych zase m\u011bl d\u016fvod ten server doporu\u010dit ostatn\u00edm. Ale dokud se veden\u00ed nevr\u00e1t\u00ed z farmy zp\u00e1tky do hry, t\u011b\u017eko \u0159\u00edct, jestli se to n\u011bkdy stane.                <br>\r\n                <button class=\"sfb-like-btn\" style=\"background:#e8ffe8;border:2px solid #7bbf7b;color:#1c7a1c;padding:6px 12px;font-weight:bold;cursor:pointer;border-radius:6px;\">\r\n                    l\u00edb\u00ed se mi to (1)\r\n                <\/button>\r\n                <button class=\"sfb-dislike-btn\" style=\"background:#ffe8e8;border:2px solid #d07b7b;color:#a11e1e;padding:6px 12px;font-weight:bold;cursor:pointer;border-radius:6px;margin-left:8px;\">\r\n                    nel\u00edb\u00ed (1)\r\n                <\/button>\r\n            <\/li>\r\n                        <li data-postid=\"1382\">\r\n                <strong>Piplovic.<\/strong>: \ud83d\ude42                <br>\r\n                <button class=\"sfb-like-btn\" style=\"background:#e8ffe8;border:2px solid #7bbf7b;color:#1c7a1c;padding:6px 12px;font-weight:bold;cursor:pointer;border-radius:6px;\">\r\n                    l\u00edb\u00ed se mi to (1)\r\n                <\/button>\r\n                <button class=\"sfb-dislike-btn\" style=\"background:#ffe8e8;border:2px solid #d07b7b;color:#a11e1e;padding:6px 12px;font-weight:bold;cursor:pointer;border-radius:6px;margin-left:8px;\">\r\n                    nel\u00edb\u00ed (0)\r\n                <\/button>\r\n            <\/li>\r\n                <\/ul>\r\n    <strong><br \/>\n<\/strong><\/p>\n<hr \/>\n<p><strong>Pravidla pro zas\u00edl\u00e1n\u00ed feedbacku:<\/strong><\/p>\n<p><strong> Vlo\u017eit p\u0159\u00edsp\u011bvky maj\u00ed povoleno pouze registrov\u00e1n\u00ed u\u017eivatel\u00e9. <\/strong><\/p>\n<p><strong>Respektuj ostatn\u00ed <\/strong>\u2013 Napi\u0161 zp\u011btnou vazbu slu\u0161n\u011b a konstruktivn\u011b. Nevhodn\u00fd obsah (ur\u00e1\u017eky, nen\u00e1vist, spam) bude smaz\u00e1n.<\/p>\n<p><strong>Dodr\u017euj t\u00e9ma<\/strong> \u2013 Feedback by m\u011bl b\u00fdt relevantn\u00ed k t\u00e9matu webu nebo slu\u017eby. (tzn: nevyu\u017e\u00edvat to jako b\u011b\u017en\u00fd chat ale \u010dist\u011b jenom pod\u00e1vat zp\u011btnou vazbu.)<\/p>\n<p><strong>Bez soukrom\u00fdch \u00fadaj\u016f<\/strong> \u2013 Nevkl\u00e1dej osobn\u00ed \u00fadaje ani citliv\u00e9 informace.<\/p>\n<p><strong>Form\u00e1t a d\u00e9lka<\/strong> \u2013 Text by m\u011bl b\u00fdt p\u0159ehledn\u00fd a maxim\u00e1ln\u011b 500 znak\u016f (nebo jin\u00e1 d\u00e9lka dle pot\u0159eby).<\/p>\n<p><strong>Administr\u00e1to\u0159i maj\u00ed pr\u00e1vo<\/strong> \u2013 Administr\u00e1to\u0159i mohou zp\u011btnou vazbu upravovat nebo mazat.<\/p>\n","protected":false},"excerpt":{"rendered":"<p>Pravidla pro zas\u00edl\u00e1n\u00ed feedbacku: Vlo\u017eit p\u0159\u00edsp\u011bvky maj\u00ed povoleno pouze registrov\u00e1n\u00ed u\u017eivatel\u00e9. Respektuj ostatn\u00ed \u2013 Napi\u0161 zp\u011btnou vazbu slu\u0161n\u011b a konstruktivn\u011b. Nevhodn\u00fd obsah (ur\u00e1\u017eky, nen\u00e1vist, spam) bude smaz\u00e1n. Dodr\u017euj t\u00e9ma \u2013 Feedback by m\u011bl b\u00fdt relevantn\u00ed k t\u00e9matu webu nebo slu\u017eby. (tzn: nevyu\u017e\u00edvat to jako b\u011b\u017en\u00fd chat ale \u010dist\u011b jenom pod\u00e1vat zp\u011btnou vazbu.) Bez soukrom\u00fdch \u00fadaj\u016f &hellip;<br \/><a href=\"https:\/\/www.game4fun.eu\/?page_id=1367\" class=\"more-link pen_button pen_element_default pen_icon_arrow_double\">Pokra\u010dovat ve\u00a0\u010dten\u00ed <span class=\"screen-reader-text\">FeedBack<\/span><\/a><\/p>\n","protected":false},"author":19,"featured_media":0,"parent":0,"menu_order":0,"comment_status":"closed","ping_status":"closed","template":"","meta":{"footnotes":""},"class_list":["post-1367","page","type-page","status-publish","hentry"],"yoast_head":"<!-- This site is optimized with the Yoast SEO plugin v27.4 - https:\/\/yoast.com\/product\/yoast-seo-wordpress\/ -->\n<title>FeedBack | Game4Fun.eu - Hern\u00ed sv\u011bt<\/title>\n<meta name=\"robots\" content=\"index, follow, max-snippet:-1, max-image-preview:large, max-video-preview:-1\" \/>\n<link rel=\"canonical\" href=\"https:\/\/www.game4fun.eu\/?page_id=1367\" \/>\n<meta property=\"og:locale\" content=\"cs_CZ\" \/>\n<meta property=\"og:type\" content=\"article\" \/>\n<meta property=\"og:title\" content=\"FeedBack | Game4Fun.eu - Hern\u00ed sv\u011bt\" \/>\n<meta property=\"og:description\" content=\"Pravidla pro zas\u00edl\u00e1n\u00ed feedbacku: Vlo\u017eit p\u0159\u00edsp\u011bvky maj\u00ed povoleno pouze registrov\u00e1n\u00ed u\u017eivatel\u00e9. Respektuj ostatn\u00ed \u2013 Napi\u0161 zp\u011btnou vazbu slu\u0161n\u011b a konstruktivn\u011b. Nevhodn\u00fd obsah (ur\u00e1\u017eky, nen\u00e1vist, spam) bude smaz\u00e1n. Dodr\u017euj t\u00e9ma \u2013 Feedback by m\u011bl b\u00fdt relevantn\u00ed k t\u00e9matu webu nebo slu\u017eby. (tzn: nevyu\u017e\u00edvat to jako b\u011b\u017en\u00fd chat ale \u010dist\u011b jenom pod\u00e1vat zp\u011btnou vazbu.) Bez soukrom\u00fdch \u00fadaj\u016f &hellip;Pokra\u010dovat ve\u00a0\u010dten\u00ed FeedBack\" \/>\n<meta property=\"og:url\" content=\"https:\/\/www.game4fun.eu\/?page_id=1367\" \/>\n<meta property=\"og:site_name\" content=\"Game4Fun.eu - Hern\u00ed sv\u011bt\" \/>\n<meta property=\"article:modified_time\" content=\"2025-07-28T12:07:11+00:00\" \/>\n<meta name=\"twitter:card\" content=\"summary_large_image\" \/>\n<meta name=\"twitter:label1\" content=\"Odhadovan\u00e1 doba \u010dten\u00ed\" \/>\n\t<meta name=\"twitter:data1\" content=\"1 minuta\" \/>\n<script type=\"application\/ld+json\" class=\"yoast-schema-graph\">{\"@context\":\"https:\\\/\\\/schema.org\",\"@graph\":[{\"@type\":\"WebPage\",\"@id\":\"https:\\\/\\\/www.game4fun.eu\\\/?page_id=1367\",\"url\":\"https:\\\/\\\/www.game4fun.eu\\\/?page_id=1367\",\"name\":\"FeedBack | Game4Fun.eu - Hern\u00ed sv\u011bt\",\"isPartOf\":{\"@id\":\"https:\\\/\\\/www.game4fun.eu\\\/#website\"},\"datePublished\":\"2025-07-24T14:07:15+00:00\",\"dateModified\":\"2025-07-28T12:07:11+00:00\",\"breadcrumb\":{\"@id\":\"https:\\\/\\\/www.game4fun.eu\\\/?page_id=1367#breadcrumb\"},\"inLanguage\":\"cs\",\"potentialAction\":[{\"@type\":\"ReadAction\",\"target\":[\"https:\\\/\\\/www.game4fun.eu\\\/?page_id=1367\"]}]},{\"@type\":\"BreadcrumbList\",\"@id\":\"https:\\\/\\\/www.game4fun.eu\\\/?page_id=1367#breadcrumb\",\"itemListElement\":[{\"@type\":\"ListItem\",\"position\":1,\"name\":\"Dom\u016f\",\"item\":\"https:\\\/\\\/www.game4fun.eu\\\/\"},{\"@type\":\"ListItem\",\"position\":2,\"name\":\"FeedBack\"}]},{\"@type\":\"WebSite\",\"@id\":\"https:\\\/\\\/www.game4fun.eu\\\/#website\",\"url\":\"https:\\\/\\\/www.game4fun.eu\\\/\",\"name\":\"Game4Fun.eu | \u010cesk\u00fd hern\u00ed port\u00e1l\",\"description\":\"\u010cesk\u00fd hern\u00ed port\u00e1l se servery San Andreas Multiplayer (SAMP), Call of Duty, SCUM, OpenTTD. P\u0159ij\u010fte si zahr\u00e1t!\",\"publisher\":{\"@id\":\"https:\\\/\\\/www.game4fun.eu\\\/#organization\"},\"potentialAction\":[{\"@type\":\"SearchAction\",\"target\":{\"@type\":\"EntryPoint\",\"urlTemplate\":\"https:\\\/\\\/www.game4fun.eu\\\/?s={search_term_string}\"},\"query-input\":{\"@type\":\"PropertyValueSpecification\",\"valueRequired\":true,\"valueName\":\"search_term_string\"}}],\"inLanguage\":\"cs\"},{\"@type\":\"Organization\",\"@id\":\"https:\\\/\\\/www.game4fun.eu\\\/#organization\",\"name\":\"Game4Fun.eu | \u010cesk\u00fd hern\u00ed port\u00e1l\",\"url\":\"https:\\\/\\\/www.game4fun.eu\\\/\",\"logo\":{\"@type\":\"ImageObject\",\"inLanguage\":\"cs\",\"@id\":\"https:\\\/\\\/www.game4fun.eu\\\/#\\\/schema\\\/logo\\\/image\\\/\",\"url\":\"https:\\\/\\\/www.game4fun.eu\\\/wp-content\\\/uploads\\\/2025\\\/10\\\/Game4funlogo.png\",\"contentUrl\":\"https:\\\/\\\/www.game4fun.eu\\\/wp-content\\\/uploads\\\/2025\\\/10\\\/Game4funlogo.png\",\"width\":210,\"height\":94,\"caption\":\"Game4Fun.eu | \u010cesk\u00fd hern\u00ed port\u00e1l\"},\"image\":{\"@id\":\"https:\\\/\\\/www.game4fun.eu\\\/#\\\/schema\\\/logo\\\/image\\\/\"}}]}<\/script>\n<!-- \/ Yoast SEO plugin. -->","yoast_head_json":{"title":"FeedBack | Game4Fun.eu - Hern\u00ed sv\u011bt","robots":{"index":"index","follow":"follow","max-snippet":"max-snippet:-1","max-image-preview":"max-image-preview:large","max-video-preview":"max-video-preview:-1"},"canonical":"https:\/\/www.game4fun.eu\/?page_id=1367","og_locale":"cs_CZ","og_type":"article","og_title":"FeedBack | Game4Fun.eu - Hern\u00ed sv\u011bt","og_description":"Pravidla pro zas\u00edl\u00e1n\u00ed feedbacku: Vlo\u017eit p\u0159\u00edsp\u011bvky maj\u00ed povoleno pouze registrov\u00e1n\u00ed u\u017eivatel\u00e9. Respektuj ostatn\u00ed \u2013 Napi\u0161 zp\u011btnou vazbu slu\u0161n\u011b a konstruktivn\u011b. Nevhodn\u00fd obsah (ur\u00e1\u017eky, nen\u00e1vist, spam) bude smaz\u00e1n. Dodr\u017euj t\u00e9ma \u2013 Feedback by m\u011bl b\u00fdt relevantn\u00ed k t\u00e9matu webu nebo slu\u017eby. (tzn: nevyu\u017e\u00edvat to jako b\u011b\u017en\u00fd chat ale \u010dist\u011b jenom pod\u00e1vat zp\u011btnou vazbu.) Bez soukrom\u00fdch \u00fadaj\u016f &hellip;Pokra\u010dovat ve\u00a0\u010dten\u00ed FeedBack","og_url":"https:\/\/www.game4fun.eu\/?page_id=1367","og_site_name":"Game4Fun.eu - Hern\u00ed sv\u011bt","article_modified_time":"2025-07-28T12:07:11+00:00","twitter_card":"summary_large_image","twitter_misc":{"Odhadovan\u00e1 doba \u010dten\u00ed":"1 minuta"},"schema":{"@context":"https:\/\/schema.org","@graph":[{"@type":"WebPage","@id":"https:\/\/www.game4fun.eu\/?page_id=1367","url":"https:\/\/www.game4fun.eu\/?page_id=1367","name":"FeedBack | Game4Fun.eu - Hern\u00ed sv\u011bt","isPartOf":{"@id":"https:\/\/www.game4fun.eu\/#website"},"datePublished":"2025-07-24T14:07:15+00:00","dateModified":"2025-07-28T12:07:11+00:00","breadcrumb":{"@id":"https:\/\/www.game4fun.eu\/?page_id=1367#breadcrumb"},"inLanguage":"cs","potentialAction":[{"@type":"ReadAction","target":["https:\/\/www.game4fun.eu\/?page_id=1367"]}]},{"@type":"BreadcrumbList","@id":"https:\/\/www.game4fun.eu\/?page_id=1367#breadcrumb","itemListElement":[{"@type":"ListItem","position":1,"name":"Dom\u016f","item":"https:\/\/www.game4fun.eu\/"},{"@type":"ListItem","position":2,"name":"FeedBack"}]},{"@type":"WebSite","@id":"https:\/\/www.game4fun.eu\/#website","url":"https:\/\/www.game4fun.eu\/","name":"Game4Fun.eu | \u010cesk\u00fd hern\u00ed port\u00e1l","description":"\u010cesk\u00fd hern\u00ed port\u00e1l se servery San Andreas Multiplayer (SAMP), Call of Duty, SCUM, OpenTTD. P\u0159ij\u010fte si zahr\u00e1t!","publisher":{"@id":"https:\/\/www.game4fun.eu\/#organization"},"potentialAction":[{"@type":"SearchAction","target":{"@type":"EntryPoint","urlTemplate":"https:\/\/www.game4fun.eu\/?s={search_term_string}"},"query-input":{"@type":"PropertyValueSpecification","valueRequired":true,"valueName":"search_term_string"}}],"inLanguage":"cs"},{"@type":"Organization","@id":"https:\/\/www.game4fun.eu\/#organization","name":"Game4Fun.eu | \u010cesk\u00fd hern\u00ed port\u00e1l","url":"https:\/\/www.game4fun.eu\/","logo":{"@type":"ImageObject","inLanguage":"cs","@id":"https:\/\/www.game4fun.eu\/#\/schema\/logo\/image\/","url":"https:\/\/www.game4fun.eu\/wp-content\/uploads\/2025\/10\/Game4funlogo.png","contentUrl":"https:\/\/www.game4fun.eu\/wp-content\/uploads\/2025\/10\/Game4funlogo.png","width":210,"height":94,"caption":"Game4Fun.eu | \u010cesk\u00fd hern\u00ed port\u00e1l"},"image":{"@id":"https:\/\/www.game4fun.eu\/#\/schema\/logo\/image\/"}}]}},"_links":{"self":[{"href":"https:\/\/www.game4fun.eu\/index.php?rest_route=\/wp\/v2\/pages\/1367","targetHints":{"allow":["GET"]}}],"collection":[{"href":"https:\/\/www.game4fun.eu\/index.php?rest_route=\/wp\/v2\/pages"}],"about":[{"href":"https:\/\/www.game4fun.eu\/index.php?rest_route=\/wp\/v2\/types\/page"}],"author":[{"embeddable":true,"href":"https:\/\/www.game4fun.eu\/index.php?rest_route=\/wp\/v2\/users\/19"}],"replies":[{"embeddable":true,"href":"https:\/\/www.game4fun.eu\/index.php?rest_route=%2Fwp%2Fv2%2Fcomments&post=1367"}],"version-history":[{"count":9,"href":"https:\/\/www.game4fun.eu\/index.php?rest_route=\/wp\/v2\/pages\/1367\/revisions"}],"predecessor-version":[{"id":1472,"href":"https:\/\/www.game4fun.eu\/index.php?rest_route=\/wp\/v2\/pages\/1367\/revisions\/1472"}],"wp:attachment":[{"href":"https:\/\/www.game4fun.eu\/index.php?rest_route=%2Fwp%2Fv2%2Fmedia&parent=1367"}],"curies":[{"name":"wp","href":"https:\/\/api.w.org\/{rel}","templated":true}]}}