{"id":1523,"date":"2025-07-28T22:55:09","date_gmt":"2025-07-28T22:55:09","guid":{"rendered":"https:\/\/www.game4fun.eu\/?page_id=1523"},"modified":"2026-04-10T13:07:26","modified_gmt":"2026-04-10T13:07:26","slug":"radio-4fun","status":"publish","type":"page","link":"https:\/\/www.game4fun.eu\/?page_id=1523","title":{"rendered":"R\u00e1dio 4fun"},"content":{"rendered":"<p class=\"rpa-message\">\ud83d\udd12 Pro poslech r\u00e1dia se pros\u00edm <a href=\"https:\/\/www.game4fun.eu\/wp-login.php\">p\u0159ihla\u0161te<\/a>.<\/p>\n<hr \/>\n<p>Tyhle r\u00e1dia jsou jen pro z\u00e1bavu.<\/p>\n<hr \/>\n<div style=\"border: 2px solid #444; padding: 10px; max-width: 300px; background: #f9f9f9; font-family: Arial, sans-serif;\">\n<h6 style=\"margin-bottom: 8px;\">Zdroje:<\/h6>\n<ul style=\"font-size: 10px; line-height: 1.4; padding-left: 20px; margin-top: 0;\">\n<li><a href=\"https:\/\/www.technobase.fm\/\" target=\"_blank\" rel=\"noopener noreferrer\">TechnoBase.FM<\/a><\/li>\n<li><a href=\"https:\/\/www.housetime.fm\/\" target=\"_blank\" rel=\"noopener noreferrer\">HouseTime.FM<\/a><\/li>\n<li><a href=\"https:\/\/www.hardbase.fm\/\" target=\"_blank\" rel=\"noopener noreferrer\">HardBase.FM<\/a><\/li>\n<li><a href=\"https:\/\/www.trancebase.fm\/\" target=\"_blank\" rel=\"noopener noreferrer\">TranceBase.FM<\/a><\/li>\n<\/ul>\n<\/div>\n<p><!DOCTYPE html><br \/>\n<html lang=\"cs\"><br \/>\n<head><br \/>\n  <meta charset=\"UTF-8\"><br \/>\n  <title>Demo<\/title><\/p>\n<style>\n    body {\n      font-family: Arial, sans-serif;\n    }\n    .autor {\n      position: fixed;\n      bottom: 10px;\n      right: 10px;\n      font-size: 16px;\n      font-weight: bold;\n      color: red;\n      cursor: pointer;\n      opacity: 0.8;\n      transition: 0.3s;\n    }\n    .autor:hover {\n      opacity: 1;\n      color: darkred;\n    }\n    .popup {\n      position: fixed;\n      bottom: 60px;\n      right: 10px;\n      padding: 10px 15px;\n      background: black;\n      color: white;\n      border-radius: 8px;\n      display: none;\n      animation: fadeIn 0.5s ease-out;\n    }\n    @keyframes fadeIn {\n      from { opacity: 0; transform: translateY(20px); }\n      to   { opacity: 1; transform: translateY(0); }\n    }\n  <\/style>\n<p><\/head><br \/>\n<body><\/p>\n<div class=\"autor\" onclick=\"zobrazPopup()\">\ud83d\udc49 Autor n\u00e1padu r\u00e1dia<\/div>\n<div class=\"popup\" id=\"popup\">\u2728 Inici\u00e1tor: Piplovic. \u2728<\/div>\n<p>  <script>\n    function zobrazPopup() {\n      const popup = document.getElementById(\"popup\");\n      popup.style.display = \"block\";\n      setTimeout(() => {\n        popup.style.display = \"none\";\n      }, 3000); \/\/ zmiz\u00ed po 3 vte\u0159in\u00e1ch\n    }\n  <\/script><br \/>\n<\/body><br \/>\n<\/html><\/p>\n","protected":false},"excerpt":{"rendered":"<p>Tyhle r\u00e1dia jsou jen pro z\u00e1bavu. Zdroje: TechnoBase.FM HouseTime.FM HardBase.FM TranceBase.FM Demo \ud83d\udc49 Autor n\u00e1padu r\u00e1dia \u2728 Inici\u00e1tor: Piplovic. \u2728<\/p>\n","protected":false},"author":19,"featured_media":0,"parent":0,"menu_order":0,"comment_status":"closed","ping_status":"closed","template":"","meta":{"footnotes":""},"class_list":["post-1523","page","type-page","status-publish","hentry"],"yoast_head":"<!-- This site is optimized with the Yoast SEO plugin v27.3 - https:\/\/yoast.com\/product\/yoast-seo-wordpress\/ -->\n<title>R\u00e1dio 4fun | Game4Fun.eu - Hern\u00ed sv\u011bt<\/title>\n<meta name=\"robots\" content=\"index, follow, max-snippet:-1, max-image-preview:large, max-video-preview:-1\" \/>\n<link rel=\"canonical\" href=\"https:\/\/www.game4fun.eu\/?page_id=1523\" \/>\n<meta property=\"og:locale\" content=\"cs_CZ\" \/>\n<meta property=\"og:type\" content=\"article\" \/>\n<meta property=\"og:title\" content=\"R\u00e1dio 4fun | Game4Fun.eu - Hern\u00ed sv\u011bt\" \/>\n<meta property=\"og:description\" content=\"Tyhle r\u00e1dia jsou jen pro z\u00e1bavu. Zdroje: TechnoBase.FM HouseTime.FM HardBase.FM TranceBase.FM Demo \ud83d\udc49 Autor n\u00e1padu r\u00e1dia \u2728 Inici\u00e1tor: Piplovic. \u2728\" \/>\n<meta property=\"og:url\" content=\"https:\/\/www.game4fun.eu\/?page_id=1523\" \/>\n<meta property=\"og:site_name\" content=\"Game4Fun.eu - Hern\u00ed sv\u011bt\" \/>\n<meta property=\"article:modified_time\" content=\"2026-04-10T13:07:26+00:00\" \/>\n<meta name=\"twitter:card\" content=\"summary_large_image\" \/>\n<meta name=\"twitter:label1\" content=\"Odhadovan\u00e1 doba \u010dten\u00ed\" \/>\n\t<meta name=\"twitter:data1\" content=\"1 minuta\" \/>\n<script type=\"application\/ld+json\" class=\"yoast-schema-graph\">{\"@context\":\"https:\\\/\\\/schema.org\",\"@graph\":[{\"@type\":\"WebPage\",\"@id\":\"https:\\\/\\\/www.game4fun.eu\\\/?page_id=1523\",\"url\":\"https:\\\/\\\/www.game4fun.eu\\\/?page_id=1523\",\"name\":\"R\u00e1dio 4fun | Game4Fun.eu - Hern\u00ed sv\u011bt\",\"isPartOf\":{\"@id\":\"https:\\\/\\\/www.game4fun.eu\\\/#website\"},\"datePublished\":\"2025-07-28T22:55:09+00:00\",\"dateModified\":\"2026-04-10T13:07:26+00:00\",\"breadcrumb\":{\"@id\":\"https:\\\/\\\/www.game4fun.eu\\\/?page_id=1523#breadcrumb\"},\"inLanguage\":\"cs\",\"potentialAction\":[{\"@type\":\"ReadAction\",\"target\":[\"https:\\\/\\\/www.game4fun.eu\\\/?page_id=1523\"]}]},{\"@type\":\"BreadcrumbList\",\"@id\":\"https:\\\/\\\/www.game4fun.eu\\\/?page_id=1523#breadcrumb\",\"itemListElement\":[{\"@type\":\"ListItem\",\"position\":1,\"name\":\"Dom\u016f\",\"item\":\"https:\\\/\\\/www.game4fun.eu\\\/\"},{\"@type\":\"ListItem\",\"position\":2,\"name\":\"R\u00e1dio 4fun\"}]},{\"@type\":\"WebSite\",\"@id\":\"https:\\\/\\\/www.game4fun.eu\\\/#website\",\"url\":\"https:\\\/\\\/www.game4fun.eu\\\/\",\"name\":\"Game4Fun.eu | \u010cesk\u00fd hern\u00ed port\u00e1l\",\"description\":\"\u010cesk\u00fd hern\u00ed port\u00e1l se servery San Andreas Multiplayer (SAMP), Call of Duty, SCUM, OpenTTD. P\u0159ij\u010fte si zahr\u00e1t!\",\"publisher\":{\"@id\":\"https:\\\/\\\/www.game4fun.eu\\\/#organization\"},\"potentialAction\":[{\"@type\":\"SearchAction\",\"target\":{\"@type\":\"EntryPoint\",\"urlTemplate\":\"https:\\\/\\\/www.game4fun.eu\\\/?s={search_term_string}\"},\"query-input\":{\"@type\":\"PropertyValueSpecification\",\"valueRequired\":true,\"valueName\":\"search_term_string\"}}],\"inLanguage\":\"cs\"},{\"@type\":\"Organization\",\"@id\":\"https:\\\/\\\/www.game4fun.eu\\\/#organization\",\"name\":\"Game4Fun.eu | \u010cesk\u00fd hern\u00ed port\u00e1l\",\"url\":\"https:\\\/\\\/www.game4fun.eu\\\/\",\"logo\":{\"@type\":\"ImageObject\",\"inLanguage\":\"cs\",\"@id\":\"https:\\\/\\\/www.game4fun.eu\\\/#\\\/schema\\\/logo\\\/image\\\/\",\"url\":\"https:\\\/\\\/www.game4fun.eu\\\/wp-content\\\/uploads\\\/2025\\\/10\\\/Game4funlogo.png\",\"contentUrl\":\"https:\\\/\\\/www.game4fun.eu\\\/wp-content\\\/uploads\\\/2025\\\/10\\\/Game4funlogo.png\",\"width\":210,\"height\":94,\"caption\":\"Game4Fun.eu | \u010cesk\u00fd hern\u00ed port\u00e1l\"},\"image\":{\"@id\":\"https:\\\/\\\/www.game4fun.eu\\\/#\\\/schema\\\/logo\\\/image\\\/\"}}]}<\/script>\n<!-- \/ Yoast SEO plugin. -->","yoast_head_json":{"title":"R\u00e1dio 4fun | Game4Fun.eu - Hern\u00ed sv\u011bt","robots":{"index":"index","follow":"follow","max-snippet":"max-snippet:-1","max-image-preview":"max-image-preview:large","max-video-preview":"max-video-preview:-1"},"canonical":"https:\/\/www.game4fun.eu\/?page_id=1523","og_locale":"cs_CZ","og_type":"article","og_title":"R\u00e1dio 4fun | Game4Fun.eu - Hern\u00ed sv\u011bt","og_description":"Tyhle r\u00e1dia jsou jen pro z\u00e1bavu. Zdroje: TechnoBase.FM HouseTime.FM HardBase.FM TranceBase.FM Demo \ud83d\udc49 Autor n\u00e1padu r\u00e1dia \u2728 Inici\u00e1tor: Piplovic. \u2728","og_url":"https:\/\/www.game4fun.eu\/?page_id=1523","og_site_name":"Game4Fun.eu - Hern\u00ed sv\u011bt","article_modified_time":"2026-04-10T13:07:26+00:00","twitter_card":"summary_large_image","twitter_misc":{"Odhadovan\u00e1 doba \u010dten\u00ed":"1 minuta"},"schema":{"@context":"https:\/\/schema.org","@graph":[{"@type":"WebPage","@id":"https:\/\/www.game4fun.eu\/?page_id=1523","url":"https:\/\/www.game4fun.eu\/?page_id=1523","name":"R\u00e1dio 4fun | Game4Fun.eu - Hern\u00ed sv\u011bt","isPartOf":{"@id":"https:\/\/www.game4fun.eu\/#website"},"datePublished":"2025-07-28T22:55:09+00:00","dateModified":"2026-04-10T13:07:26+00:00","breadcrumb":{"@id":"https:\/\/www.game4fun.eu\/?page_id=1523#breadcrumb"},"inLanguage":"cs","potentialAction":[{"@type":"ReadAction","target":["https:\/\/www.game4fun.eu\/?page_id=1523"]}]},{"@type":"BreadcrumbList","@id":"https:\/\/www.game4fun.eu\/?page_id=1523#breadcrumb","itemListElement":[{"@type":"ListItem","position":1,"name":"Dom\u016f","item":"https:\/\/www.game4fun.eu\/"},{"@type":"ListItem","position":2,"name":"R\u00e1dio 4fun"}]},{"@type":"WebSite","@id":"https:\/\/www.game4fun.eu\/#website","url":"https:\/\/www.game4fun.eu\/","name":"Game4Fun.eu | \u010cesk\u00fd hern\u00ed port\u00e1l","description":"\u010cesk\u00fd hern\u00ed port\u00e1l se servery San Andreas Multiplayer (SAMP), Call of Duty, SCUM, OpenTTD. P\u0159ij\u010fte si zahr\u00e1t!","publisher":{"@id":"https:\/\/www.game4fun.eu\/#organization"},"potentialAction":[{"@type":"SearchAction","target":{"@type":"EntryPoint","urlTemplate":"https:\/\/www.game4fun.eu\/?s={search_term_string}"},"query-input":{"@type":"PropertyValueSpecification","valueRequired":true,"valueName":"search_term_string"}}],"inLanguage":"cs"},{"@type":"Organization","@id":"https:\/\/www.game4fun.eu\/#organization","name":"Game4Fun.eu | \u010cesk\u00fd hern\u00ed port\u00e1l","url":"https:\/\/www.game4fun.eu\/","logo":{"@type":"ImageObject","inLanguage":"cs","@id":"https:\/\/www.game4fun.eu\/#\/schema\/logo\/image\/","url":"https:\/\/www.game4fun.eu\/wp-content\/uploads\/2025\/10\/Game4funlogo.png","contentUrl":"https:\/\/www.game4fun.eu\/wp-content\/uploads\/2025\/10\/Game4funlogo.png","width":210,"height":94,"caption":"Game4Fun.eu | \u010cesk\u00fd hern\u00ed port\u00e1l"},"image":{"@id":"https:\/\/www.game4fun.eu\/#\/schema\/logo\/image\/"}}]}},"_links":{"self":[{"href":"https:\/\/www.game4fun.eu\/index.php?rest_route=\/wp\/v2\/pages\/1523","targetHints":{"allow":["GET"]}}],"collection":[{"href":"https:\/\/www.game4fun.eu\/index.php?rest_route=\/wp\/v2\/pages"}],"about":[{"href":"https:\/\/www.game4fun.eu\/index.php?rest_route=\/wp\/v2\/types\/page"}],"author":[{"embeddable":true,"href":"https:\/\/www.game4fun.eu\/index.php?rest_route=\/wp\/v2\/users\/19"}],"replies":[{"embeddable":true,"href":"https:\/\/www.game4fun.eu\/index.php?rest_route=%2Fwp%2Fv2%2Fcomments&post=1523"}],"version-history":[{"count":34,"href":"https:\/\/www.game4fun.eu\/index.php?rest_route=\/wp\/v2\/pages\/1523\/revisions"}],"predecessor-version":[{"id":3064,"href":"https:\/\/www.game4fun.eu\/index.php?rest_route=\/wp\/v2\/pages\/1523\/revisions\/3064"}],"wp:attachment":[{"href":"https:\/\/www.game4fun.eu\/index.php?rest_route=%2Fwp%2Fv2%2Fmedia&parent=1523"}],"curies":[{"name":"wp","href":"https:\/\/api.w.org\/{rel}","templated":true}]}}