{"id":1992,"date":"2025-09-08T17:12:22","date_gmt":"2025-09-08T17:12:22","guid":{"rendered":"https:\/\/www.game4fun.eu\/?page_id=1992"},"modified":"2025-12-28T15:37:51","modified_gmt":"2025-12-28T15:37:51","slug":"pravidla-hry-automatu-stastna-ruka","status":"publish","type":"page","link":"https:\/\/www.game4fun.eu\/?page_id=1992","title":{"rendered":"Pravidla Hry &#8211; Automatu \u0160\u0165astn\u00e1 Ruka"},"content":{"rendered":"<hr \/>\n<h2 style=\"text-align: center;\"><strong>Hern\u00ed Informace<br \/>\n<\/strong><\/h2>\n<hr \/>\n<p><span style=\"color: #ff0000;\"><strong>D\u016fle\u017eit\u00e9: <\/strong><\/span>Ka\u017ed\u00fd hr\u00e1\u010d kter\u00fd chce b\u00fdt p\u0159ips\u00e1n do tabulky sl\u00e1vy, mus\u00ed b\u00fdt u n\u00e1s zaregistrov\u00e1n.<\/p>\n<p><strong>1. C\u00edl hry<\/strong><br \/>\n1.2 &#8211; C\u00edlem je zato\u010dit v\u00e1lce a z\u00edskat kombinace symbol\u016f, kter\u00e9 ti p\u0159inesou kredity.<br \/>\n1.3 &#8211; Hr\u00e1\u010d vs\u00e1z\u00ed kredity a sna\u017e\u00ed se maximalizovat v\u00fdhry.<\/p>\n<p><strong>2. Kredity<br \/>\n<\/strong><\/p>\n<h4 data-start=\"257\" data-end=\"295\">2.1 Z\u00e1kladn\u00ed informace o kreditech<\/h4>\n<p data-start=\"296\" data-end=\"564\">2.1.1 Kredity slou\u017e\u00ed v\u00fdhradn\u011b pro hern\u00ed a z\u00e1bavn\u00ed \u00fa\u010dely v r\u00e1mci webu a hern\u00edho projektu GTA SAMP.<br data-start=\"393\" data-end=\"396\" \/>2.1.2 Kredity nep\u0159edstavuj\u00ed skute\u010dn\u00e9 pen\u00edze ani v\u011bcn\u00e9 hodnoty a nelze je sm\u011bnit zp\u011bt za re\u00e1ln\u00e9 pen\u00edze.<br data-start=\"498\" data-end=\"501\" \/>2.1.3 Kredity nejsou investic\u00ed a jejich hodnota je \u010dist\u011b hern\u00ed.<\/p>\n<h4 data-start=\"571\" data-end=\"596\">2.2 Z\u00edsk\u00e1v\u00e1n\u00ed kredit\u016f<\/h4>\n<p data-start=\"597\" data-end=\"958\">2.2.1 Kredity lze z\u00edskat aktivn\u00edm hran\u00edm a \u00fa\u010dast\u00ed na hern\u00edch eventech a sout\u011b\u017e\u00edch.<br data-start=\"679\" data-end=\"682\" \/>2.2.2 Kredity mohou b\u00fdt ud\u011bleny jako hern\u00ed odm\u011bna za podporu projektu formou sponzorsk\u00e9ho daru.<br data-start=\"777\" data-end=\"780\" \/>2.2.3 V\u00fd\u0161e hern\u00ed odm\u011bny nen\u00ed pr\u00e1vn\u011b n\u00e1rokovateln\u00e1 a m\u016f\u017ee se li\u0161it podle aktu\u00e1ln\u00edch podm\u00ednek projektu.<br data-start=\"881\" data-end=\"884\" \/>2.2.4 Kredity jsou p\u0159ips\u00e1ny a\u017e po ov\u011b\u0159en\u00ed podpory provozovatelem projektu.<\/p>\n<h4 data-start=\"1554\" data-end=\"1576\">2.5 P\u0159evod kredit\u016f a \u00da\u010dty a omezen\u00ed<\/h4>\n<p data-start=\"1577\" data-end=\"1856\">2.5.1 Hern\u00ed kredity z\u00edskan\u00e9 v\u00fdhradn\u011b hran\u00edm lze p\u0159ev\u00e9st na hern\u00ed pen\u00edze ve h\u0159e GTA SAMP.<br data-start=\"1665\" data-end=\"1668\" \/>2.5.2 P\u0159evod kredit\u016f je mo\u017en\u00fd pouze v r\u00e1mci hern\u00edho syst\u00e9mu a podle aktu\u00e1ln\u00edch pravidel serveru.<br \/>\n2.5.3 Neregistrovan\u00ed u\u017eivatel\u00e9 mohou m\u00edt omezen\u00fd po\u010det kredit\u016f ur\u010den\u00fdch pouze pro demo hran\u00ed.<br data-start=\"1979\" data-end=\"1982\" \/>2.5.4 Neregistrovan\u00ed u\u017eivatel\u00e9 nejsou zapisov\u00e1ni do statistik ani do s\u00edn\u011b sl\u00e1vy.<br data-start=\"2062\" data-end=\"2065\" \/>2.5.5 Registrovan\u00ed hr\u00e1\u010di maj\u00ed p\u0159\u00edstup k pln\u00fdm funkc\u00edm kreditn\u00edho syst\u00e9mu dle nastaven\u00ed \u00fa\u010dtu.<\/p>\n<h4 data-start=\"2164\" data-end=\"2188\">2.7 Z\u00e1kazy a omezen\u00ed<\/h4>\n<p data-start=\"2189\" data-end=\"2472\">2.7.1 Kredity nelze prod\u00e1vat, darovat ani p\u0159ev\u00e1d\u011bt mezi hr\u00e1\u010di mimo ofici\u00e1ln\u00ed syst\u00e9m.<br data-start=\"2273\" data-end=\"2276\" \/>2.7.2 Jak\u00fdkoliv pokus o zneu\u017eit\u00ed kreditn\u00edho syst\u00e9mu m\u016f\u017ee v\u00e9st k omezen\u00ed nebo zru\u0161en\u00ed \u00fa\u010dtu.<\/p>\n<h4 data-start=\"2479\" data-end=\"2512\">2.8 Zodpov\u011bdnost a upozorn\u011bn\u00ed<\/h4>\n<p data-start=\"2513\" data-end=\"2669\">2.8.1 Hern\u00ed syst\u00e9my jsou ur\u010deny v\u00fdhradn\u011b pro z\u00e1bavu.<br data-start=\"2565\" data-end=\"2568\" \/>2.8.2 Projekt neumo\u017e\u0148uje v\u00fdhru skute\u010dn\u00fdch pen\u011bz ani v\u011bcn\u00fdch cen.<br data-start=\"2632\" data-end=\"2635\" \/>2.8.3 Doporu\u010den\u00fd v\u011bk hr\u00e1\u010d\u016f je 18+.<\/p>\n<p><strong>3. S\u00e1zky<\/strong><br \/>\n3.1 &#8211; Hr\u00e1\u010d si p\u0159ed spinem zvol\u00ed hodnotu s\u00e1zky.<br \/>\n3.1.1 &#8211; Rozmez\u00ed s\u00e1zky: <strong>1 \u2013 200<\/strong> kredit\u016f.<br \/>\n3.1.2 &#8211; S\u00e1zka se ode\u010d\u00edt\u00e1 po ot\u00e1\u010dce, stisknut\u00ed tla\u010d\u00edtka <strong>To\u010dit.<\/strong><br \/>\n3.1.3 &#8211; Pokud hr\u00e1\u010d nem\u00e1 dostatek kredit\u016f, spin nelze spustit.<\/p>\n<p><strong>4. Reels \/ v\u00e1lce<\/strong><br \/>\n4.1 &#8211; Automat m\u00e1 3 v\u00e1lce.<br \/>\n4.1.1 &#8211; Ka\u017ed\u00fd v\u00e1lec obsahuje 9 symbol\u016f:<\/p>\n<div style=\"font-size: 24px; line-height: 1.5;\">\ud83c\udf52 \ud83c\udf4b \ud83c\udf4a \ud83c\udf47 \ud83c\udf49 \u2b50 \ud83d\udd14 \ud83c\udf40 7\ufe0f\u20e3<\/div>\n<p>4.1.2 &#8211; V\u00e1lce se zastavuj\u00ed po sob\u011b s kr\u00e1tk\u00fdm zpo\u017ed\u011bn\u00edm a animac\u00ed, aby hr\u00e1\u010d vid\u011bl ot\u00e1\u010den\u00ed.<\/p>\n<p><strong>5. V\u00fdhern\u00ed kombinace<\/strong><\/p>\n<table style=\"border-collapse: collapse; width: 100%; max-width: 600px;\">\n<thead>\n<tr style=\"background-color: #000000;\">\n<th style=\"border: 1px solid #ddd; padding: 8px;\">Symbol<\/th>\n<th style=\"border: 1px solid #ddd; padding: 8px;\">S\u00e1zka<\/th>\n<th style=\"border: 1px solid #ddd; padding: 8px;\">3 stejn\u00e9 = v\u00fdhra<\/th>\n<th style=\"border: 1px solid #ddd; padding: 8px;\">2 stejn\u00e9 = v\u00fdhra<\/th>\n<\/tr>\n<\/thead>\n<tbody>\n<tr>\n<td style=\"border: 1px solid #ddd; padding: 8px;\">7\ufe0f\u20e3<\/td>\n<td style=\"border: 1px solid #ddd; padding: 8px;\">5<\/td>\n<td style=\"border: 1px solid #ddd; padding: 8px;\">20\u00d7 s\u00e1zka (JACKPOT)<\/td>\n<td style=\"border: 1px solid #ddd; padding: 8px;\">5\u00d7 s\u00e1zka<\/td>\n<\/tr>\n<tr>\n<td style=\"border: 1px solid #ddd; padding: 8px;\">\ud83c\udf52<\/td>\n<td style=\"border: 1px solid #ddd; padding: 8px;\">5<\/td>\n<td style=\"border: 1px solid #ddd; padding: 8px;\">10\u00d7 s\u00e1zka<\/td>\n<td style=\"border: 1px solid #ddd; padding: 8px;\">3\u00d7 s\u00e1zka<\/td>\n<\/tr>\n<tr>\n<td style=\"border: 1px solid #ddd; padding: 8px;\">\ud83c\udf4b<\/td>\n<td style=\"border: 1px solid #ddd; padding: 8px;\">5<\/td>\n<td style=\"border: 1px solid #ddd; padding: 8px;\">8\u00d7 s\u00e1zka<\/td>\n<td style=\"border: 1px solid #ddd; padding: 8px;\">2\u00d7 s\u00e1zka<\/td>\n<\/tr>\n<tr>\n<td style=\"border: 1px solid #ddd; padding: 8px;\">\ud83c\udf4a<\/td>\n<td style=\"border: 1px solid #ddd; padding: 8px;\">5<\/td>\n<td style=\"border: 1px solid #ddd; padding: 8px;\">7\u00d7 s\u00e1zka<\/td>\n<td style=\"border: 1px solid #ddd; padding: 8px;\">2\u00d7 s\u00e1zka<\/td>\n<\/tr>\n<tr>\n<td style=\"border: 1px solid #ddd; padding: 8px;\">\ud83c\udf47<\/td>\n<td style=\"border: 1px solid #ddd; padding: 8px;\">5<\/td>\n<td style=\"border: 1px solid #ddd; padding: 8px;\">6\u00d7 s\u00e1zka<\/td>\n<td style=\"border: 1px solid #ddd; padding: 8px;\">2\u00d7 s\u00e1zka<\/td>\n<\/tr>\n<tr>\n<td style=\"border: 1px solid #ddd; padding: 8px;\">\ud83c\udf49<\/td>\n<td style=\"border: 1px solid #ddd; padding: 8px;\">5<\/td>\n<td style=\"border: 1px solid #ddd; padding: 8px;\">5\u00d7 s\u00e1zka<\/td>\n<td style=\"border: 1px solid #ddd; padding: 8px;\">2\u00d7 s\u00e1zka<\/td>\n<\/tr>\n<tr>\n<td style=\"border: 1px solid #ddd; padding: 8px;\">\u2b50<\/td>\n<td style=\"border: 1px solid #ddd; padding: 8px;\">5<\/td>\n<td style=\"border: 1px solid #ddd; padding: 8px;\">4\u00d7 s\u00e1zka<\/td>\n<td style=\"border: 1px solid #ddd; padding: 8px;\">1\u00d7 s\u00e1zka<\/td>\n<\/tr>\n<tr>\n<td style=\"border: 1px solid #ddd; padding: 8px;\">\ud83d\udd14<\/td>\n<td style=\"border: 1px solid #ddd; padding: 8px;\">5<\/td>\n<td style=\"border: 1px solid #ddd; padding: 8px;\">3\u00d7 s\u00e1zka<\/td>\n<td style=\"border: 1px solid #ddd; padding: 8px;\">1\u00d7 s\u00e1zka<\/td>\n<\/tr>\n<tr>\n<td style=\"border: 1px solid #ddd; padding: 8px;\">\ud83c\udf40<\/td>\n<td style=\"border: 1px solid #ddd; padding: 8px;\">5<\/td>\n<td style=\"border: 1px solid #ddd; padding: 8px;\">2\u00d7 s\u00e1zka<\/td>\n<td style=\"border: 1px solid #ddd; padding: 8px;\">1\u00d7 s\u00e1zka<\/td>\n<\/tr>\n<\/tbody>\n<\/table>\n<p><strong>V\u00fdhra a aktualizace kredit\u016f:<\/strong> Po skon\u010den\u00ed spinu se v\u00fdhra ihned p\u0159i\u010dte ke kredit\u016fm. S\u00e1zka se ode\u010dte pouze jednou po skon\u010den\u00ed spinu.<\/p>\n<p><strong>Barva v\u00fdsledku:<\/strong> <span class=\"ssm-win\">Zelen\u00e1 \u2013 v\u00fdhra<\/span>, <span class=\"ssm-lose\">\u010cerven\u00e1 \u2013 prohra<\/span>.<\/p>\n<p><strong>6. Maxim\u00e1ln\u00ed s\u00e1zka<\/strong><br \/>\n6.1 &#8211; Maxim\u00e1ln\u00ed s\u00e1zka: 200 kredit\u016f.<br \/>\n6.1.1 &#8211; G4F T\u00fdm m\u016f\u017ee kdykoliv zm\u011bnit.<br \/>\n6.2 &#8211; Host\u00e9 mohou hr\u00e1t jen s demo kredity.<br \/>\n6.2.1\u00a0 &#8211; Nezapisuje se do datab\u00e1ze.<br \/>\n6.3 &#8211; Registrovan\u00ed hr\u00e1\u010di nemohou s\u00e1zet v\u00edce kredit\u016f, ne\u017e maj\u00ed.<\/p>\n<p><strong>7. Bezpe\u010dnost \/ omezen\u00ed<\/strong><br \/>\n7.1 &#8211; Anti-spam: nelze spou\u0161t\u011bt spin \u010dast\u011bji ne\u017e jednou.<br \/>\n7.2 &#8211; P\u0159i nedostatku kredit\u016f se spin nespust\u00ed a zobraz\u00ed se upozorn\u011bn\u00ed.<br \/>\n7.3 &#8211; HUD (zobrazen\u00ed)<br \/>\nNa obrazovce se zobrazuje:<br \/>\n7.3.1 &#8211; Kredity \u2013 aktu\u00e1ln\u00ed stav.<br \/>\n7.3.2 &#8211; S\u00e1zka \u2013 aktu\u00e1ln\u011b nastaven\u00e1 hodnota.<br \/>\n7.3.3 &#8211; V\u00fdsledek \u2013 zpr\u00e1va po ka\u017ed\u00e9m spinu.<\/p>\n<p><strong>8. Z\u00e1bava a animace<\/strong><br \/>\n8.1 &#8211; Animace v\u00e1lc\u016f je plynul\u00e1 a na konci m\u011bn\u00ed sm\u011bry. \ud83d\ude42<br \/>\n8.2 &#8211; Symboly se zastavuj\u00ed ve st\u0159edu, aby hr\u00e1\u010d vid\u011bl v\u00fdsledek.<br \/>\n8.3 &#8211; Ka\u017ed\u00e1 v\u00fdhra je doprov\u00e1zena vizu\u00e1ln\u00edm efektem a zpr\u00e1vou.<\/p>\n<p data-start=\"338\" data-end=\"502\"><strong>9. Vyhran\u00e9 kredity<br \/>\n<\/strong>9.1 &#8211; Vyhran\u00e9 kredity z automatu lze op\u011btovn\u011b rozm\u011bnit za hern\u00ed pen\u00edze GTA SAMP.<br \/>\n9.2 &#8211; Hodnota <strong>1 kreditu je 10 000$<\/strong> ve h\u0159e GTASAMP.<br \/>\n9.2.1 &#8211; G4F T\u00fdm m\u016f\u017ee hodnotu kreditu kdykoliv zm\u011bnit.<\/p>\n<p><strong>10. Pravd\u011bpodobnost v\u00fdhry<\/strong><\/p>\n<p>3 stejn\u00e9 symboly | 0,14 %<br \/>\n2 stejn\u00e9 symboly | 29.6. %<\/p>\n<p><strong>11. Jak sm\u011bnit kredity s hern\u00ed m\u011bnou.<\/strong><br \/>\n11.1 &#8211; V\u0161e s domluvou Administr\u00e1tora hry GTASAMP.<br \/>\n11.1.1 &#8211; Nebo s \u010dlenem veden\u00ed Piplovic.<\/p>\n<hr \/>\n<h2 style=\"text-align: center;\"><strong>Pravidla hry<br \/>\n<\/strong><\/h2>\n<hr \/>\n<p><strong>F\u00e9rov\u00e1 hra<\/strong><br \/>\nAutomat je navr\u017een tak, aby v\u0161echny spiny byly n\u00e1hodn\u00e9. V\u00fdsledky jsou generov\u00e1ny bez z\u00e1sahu hr\u00e1\u010de.<\/p>\n<p><strong>Z\u00e1kaz podv\u00e1d\u011bn\u00ed<\/strong><br \/>\nJe zak\u00e1z\u00e1no pou\u017e\u00edvat jak\u00e9koliv programy, skripty, hacky nebo modifikace, kter\u00e9 m\u011bn\u00ed v\u00fdsledek spinu. Ka\u017ed\u00e9 poru\u0161en\u00ed vede k okam\u017eit\u00e9 ztr\u00e1t\u011b kredit\u016f a m\u016f\u017ee b\u00fdt nahl\u00e1\u0161eno administr\u00e1tor\u016fm.<\/p>\n<p><strong>Pouze jeden \u00fa\u010det na hr\u00e1\u010de<\/strong><br \/>\nKa\u017ed\u00fd hr\u00e1\u010d m\u016f\u017ee m\u00edt pouze jeden \u00fa\u010det. Duplicitn\u00ed \u00fa\u010dty mohou b\u00fdt zablokov\u00e1ny a kredity vymaz\u00e1ny.<\/p>\n<p><strong>Odm\u011bny a p\u0159evody<\/strong><br \/>\nKredity z\u00edskan\u00e9 ve h\u0159e lze pou\u017e\u00edt pouze pro hern\u00ed \u00fa\u010dely.<\/p>\n<p><strong>Respekt k ostatn\u00edm hr\u00e1\u010d\u016fm<\/strong><br \/>\nJe zak\u00e1z\u00e1no obt\u011b\u017eovat ostatn\u00ed hr\u00e1\u010de, v\u010detn\u011b pokus\u016f o manipulaci jejich kredit\u016f.<\/p>\n<p><strong>Zodpov\u011bdn\u00e1 hra<\/strong><br \/>\nHr\u00e1\u010d hraje na vlastn\u00ed riziko. Spr\u00e1vci si vyhrazuj\u00ed pr\u00e1vo upravit pravidla nebo pozastavit hru.<\/p>\n<p><strong>Bezpe\u010dnostn\u00ed opat\u0159en\u00ed<\/strong><br \/>\nKa\u017ed\u00e1 zm\u011bna kredit\u016f je logovana pro bezpe\u010dnost a kontrolu. Pokusy o neopr\u00e1vn\u011bnou \u00fapravu mohou b\u00fdt u\u017eivatel\u00e9 smaz\u00e1n\u00ed z db pop\u0159\u00edpad\u011b vlo\u017een do blacklistu.<\/p>\n<p style=\"font-weight: bold; font-size: 1.1em; text-align: center;\">Zp\u011bt na <span style=\"color: #f59e0b;\"><span style=\"color: #000000;\">AUTOMAT<\/span> \ud83c\udf52<\/span>?<br \/>\n<a style=\"color: #1d4ed8; text-decoration: underline;\" href=\"https:\/\/www.game4fun.eu\/?page_id=1953\/\">ZDE!<\/a><\/p>\n<p><span class=\"emojiContainer__75abc emojiContainerClickable__75abc\" tabindex=\"0\" role=\"button\" aria-expanded=\"false\"><img decoding=\"async\" class=\"emoji\" draggable=\"false\" src=\"https:\/\/cdn.discordapp.com\/emojis\/549607635800817664.webp?size=44\" alt=\":g4f:\" aria-label=\":g4f:\" data-type=\"emoji\" data-id=\"549607635800817664\" \/><\/span> G4F.eu m\u00e1 pr\u00e1vo na zm\u011bnu a zn\u011bn\u00ed pravidel.<\/p>\n","protected":false},"excerpt":{"rendered":"<p>Hern\u00ed Informace D\u016fle\u017eit\u00e9: Ka\u017ed\u00fd hr\u00e1\u010d kter\u00fd chce b\u00fdt p\u0159ips\u00e1n do tabulky sl\u00e1vy, mus\u00ed b\u00fdt u n\u00e1s zaregistrov\u00e1n. 1. C\u00edl hry 1.2 &#8211; C\u00edlem je zato\u010dit v\u00e1lce a z\u00edskat kombinace symbol\u016f, kter\u00e9 ti p\u0159inesou kredity. 1.3 &#8211; Hr\u00e1\u010d vs\u00e1z\u00ed kredity a sna\u017e\u00ed se maximalizovat v\u00fdhry. 2. Kredity 2.1 Z\u00e1kladn\u00ed informace o kreditech 2.1.1 Kredity slou\u017e\u00ed v\u00fdhradn\u011b &hellip;<br \/><a href=\"https:\/\/www.game4fun.eu\/?page_id=1992\" class=\"more-link pen_button pen_element_default pen_icon_arrow_double\">Pokra\u010dovat ve\u00a0\u010dten\u00ed <span class=\"screen-reader-text\">Pravidla Hry &#8211; Automatu \u0160\u0165astn\u00e1 Ruka<\/span><\/a><\/p>\n","protected":false},"author":19,"featured_media":0,"parent":0,"menu_order":0,"comment_status":"closed","ping_status":"closed","template":"","meta":{"footnotes":""},"class_list":["post-1992","page","type-page","status-publish","hentry"],"yoast_head":"<!-- This site is optimized with the Yoast SEO plugin v27.3 - https:\/\/yoast.com\/product\/yoast-seo-wordpress\/ -->\n<title>Pravidla Hry - Automatu \u0160\u0165astn\u00e1 Ruka | Game4Fun.eu - Hern\u00ed sv\u011bt<\/title>\n<meta name=\"robots\" content=\"index, follow, max-snippet:-1, max-image-preview:large, max-video-preview:-1\" \/>\n<link rel=\"canonical\" href=\"https:\/\/www.game4fun.eu\/?page_id=1992\" \/>\n<meta property=\"og:locale\" content=\"cs_CZ\" \/>\n<meta property=\"og:type\" content=\"article\" \/>\n<meta property=\"og:title\" content=\"Pravidla Hry - Automatu \u0160\u0165astn\u00e1 Ruka | Game4Fun.eu - Hern\u00ed sv\u011bt\" \/>\n<meta property=\"og:description\" content=\"Hern\u00ed Informace D\u016fle\u017eit\u00e9: Ka\u017ed\u00fd hr\u00e1\u010d kter\u00fd chce b\u00fdt p\u0159ips\u00e1n do tabulky sl\u00e1vy, mus\u00ed b\u00fdt u n\u00e1s zaregistrov\u00e1n. 1. C\u00edl hry 1.2 &#8211; C\u00edlem je zato\u010dit v\u00e1lce a z\u00edskat kombinace symbol\u016f, kter\u00e9 ti p\u0159inesou kredity. 1.3 &#8211; Hr\u00e1\u010d vs\u00e1z\u00ed kredity a sna\u017e\u00ed se maximalizovat v\u00fdhry. 2. Kredity 2.1 Z\u00e1kladn\u00ed informace o kreditech 2.1.1 Kredity slou\u017e\u00ed v\u00fdhradn\u011b &hellip;Pokra\u010dovat ve\u00a0\u010dten\u00ed Pravidla Hry &#8211; Automatu \u0160\u0165astn\u00e1 Ruka\" \/>\n<meta property=\"og:url\" content=\"https:\/\/www.game4fun.eu\/?page_id=1992\" \/>\n<meta property=\"og:site_name\" content=\"Game4Fun.eu - Hern\u00ed sv\u011bt\" \/>\n<meta property=\"article:modified_time\" content=\"2025-12-28T15:37:51+00:00\" \/>\n<meta property=\"og:image\" content=\"https:\/\/cdn.discordapp.com\/emojis\/549607635800817664.webp?size=44\" \/>\n<meta name=\"twitter:card\" content=\"summary_large_image\" \/>\n<meta name=\"twitter:label1\" content=\"Odhadovan\u00e1 doba \u010dten\u00ed\" \/>\n\t<meta name=\"twitter:data1\" content=\"5 minut\" \/>\n<script type=\"application\/ld+json\" class=\"yoast-schema-graph\">{\"@context\":\"https:\\\/\\\/schema.org\",\"@graph\":[{\"@type\":\"WebPage\",\"@id\":\"https:\\\/\\\/www.game4fun.eu\\\/?page_id=1992\",\"url\":\"https:\\\/\\\/www.game4fun.eu\\\/?page_id=1992\",\"name\":\"Pravidla Hry - Automatu \u0160\u0165astn\u00e1 Ruka | Game4Fun.eu - Hern\u00ed sv\u011bt\",\"isPartOf\":{\"@id\":\"https:\\\/\\\/www.game4fun.eu\\\/#website\"},\"primaryImageOfPage\":{\"@id\":\"https:\\\/\\\/www.game4fun.eu\\\/?page_id=1992#primaryimage\"},\"image\":{\"@id\":\"https:\\\/\\\/www.game4fun.eu\\\/?page_id=1992#primaryimage\"},\"thumbnailUrl\":\"https:\\\/\\\/cdn.discordapp.com\\\/emojis\\\/549607635800817664.webp?size=44\",\"datePublished\":\"2025-09-08T17:12:22+00:00\",\"dateModified\":\"2025-12-28T15:37:51+00:00\",\"breadcrumb\":{\"@id\":\"https:\\\/\\\/www.game4fun.eu\\\/?page_id=1992#breadcrumb\"},\"inLanguage\":\"cs\",\"potentialAction\":[{\"@type\":\"ReadAction\",\"target\":[\"https:\\\/\\\/www.game4fun.eu\\\/?page_id=1992\"]}]},{\"@type\":\"ImageObject\",\"inLanguage\":\"cs\",\"@id\":\"https:\\\/\\\/www.game4fun.eu\\\/?page_id=1992#primaryimage\",\"url\":\"https:\\\/\\\/cdn.discordapp.com\\\/emojis\\\/549607635800817664.webp?size=44\",\"contentUrl\":\"https:\\\/\\\/cdn.discordapp.com\\\/emojis\\\/549607635800817664.webp?size=44\"},{\"@type\":\"BreadcrumbList\",\"@id\":\"https:\\\/\\\/www.game4fun.eu\\\/?page_id=1992#breadcrumb\",\"itemListElement\":[{\"@type\":\"ListItem\",\"position\":1,\"name\":\"Dom\u016f\",\"item\":\"https:\\\/\\\/www.game4fun.eu\\\/\"},{\"@type\":\"ListItem\",\"position\":2,\"name\":\"Pravidla Hry &#8211; Automatu \u0160\u0165astn\u00e1 Ruka\"}]},{\"@type\":\"WebSite\",\"@id\":\"https:\\\/\\\/www.game4fun.eu\\\/#website\",\"url\":\"https:\\\/\\\/www.game4fun.eu\\\/\",\"name\":\"Game4Fun.eu | \u010cesk\u00fd hern\u00ed port\u00e1l\",\"description\":\"\u010cesk\u00fd hern\u00ed port\u00e1l se servery San Andreas Multiplayer (SAMP), Call of Duty, SCUM, OpenTTD. P\u0159ij\u010fte si zahr\u00e1t!\",\"publisher\":{\"@id\":\"https:\\\/\\\/www.game4fun.eu\\\/#organization\"},\"potentialAction\":[{\"@type\":\"SearchAction\",\"target\":{\"@type\":\"EntryPoint\",\"urlTemplate\":\"https:\\\/\\\/www.game4fun.eu\\\/?s={search_term_string}\"},\"query-input\":{\"@type\":\"PropertyValueSpecification\",\"valueRequired\":true,\"valueName\":\"search_term_string\"}}],\"inLanguage\":\"cs\"},{\"@type\":\"Organization\",\"@id\":\"https:\\\/\\\/www.game4fun.eu\\\/#organization\",\"name\":\"Game4Fun.eu | \u010cesk\u00fd hern\u00ed port\u00e1l\",\"url\":\"https:\\\/\\\/www.game4fun.eu\\\/\",\"logo\":{\"@type\":\"ImageObject\",\"inLanguage\":\"cs\",\"@id\":\"https:\\\/\\\/www.game4fun.eu\\\/#\\\/schema\\\/logo\\\/image\\\/\",\"url\":\"https:\\\/\\\/www.game4fun.eu\\\/wp-content\\\/uploads\\\/2025\\\/10\\\/Game4funlogo.png\",\"contentUrl\":\"https:\\\/\\\/www.game4fun.eu\\\/wp-content\\\/uploads\\\/2025\\\/10\\\/Game4funlogo.png\",\"width\":210,\"height\":94,\"caption\":\"Game4Fun.eu | \u010cesk\u00fd hern\u00ed port\u00e1l\"},\"image\":{\"@id\":\"https:\\\/\\\/www.game4fun.eu\\\/#\\\/schema\\\/logo\\\/image\\\/\"}}]}<\/script>\n<!-- \/ Yoast SEO plugin. -->","yoast_head_json":{"title":"Pravidla Hry - Automatu \u0160\u0165astn\u00e1 Ruka | Game4Fun.eu - Hern\u00ed sv\u011bt","robots":{"index":"index","follow":"follow","max-snippet":"max-snippet:-1","max-image-preview":"max-image-preview:large","max-video-preview":"max-video-preview:-1"},"canonical":"https:\/\/www.game4fun.eu\/?page_id=1992","og_locale":"cs_CZ","og_type":"article","og_title":"Pravidla Hry - Automatu \u0160\u0165astn\u00e1 Ruka | Game4Fun.eu - Hern\u00ed sv\u011bt","og_description":"Hern\u00ed Informace D\u016fle\u017eit\u00e9: Ka\u017ed\u00fd hr\u00e1\u010d kter\u00fd chce b\u00fdt p\u0159ips\u00e1n do tabulky sl\u00e1vy, mus\u00ed b\u00fdt u n\u00e1s zaregistrov\u00e1n. 1. C\u00edl hry 1.2 &#8211; C\u00edlem je zato\u010dit v\u00e1lce a z\u00edskat kombinace symbol\u016f, kter\u00e9 ti p\u0159inesou kredity. 1.3 &#8211; Hr\u00e1\u010d vs\u00e1z\u00ed kredity a sna\u017e\u00ed se maximalizovat v\u00fdhry. 2. Kredity 2.1 Z\u00e1kladn\u00ed informace o kreditech 2.1.1 Kredity slou\u017e\u00ed v\u00fdhradn\u011b &hellip;Pokra\u010dovat ve\u00a0\u010dten\u00ed Pravidla Hry &#8211; Automatu \u0160\u0165astn\u00e1 Ruka","og_url":"https:\/\/www.game4fun.eu\/?page_id=1992","og_site_name":"Game4Fun.eu - Hern\u00ed sv\u011bt","article_modified_time":"2025-12-28T15:37:51+00:00","og_image":[{"url":"https:\/\/cdn.discordapp.com\/emojis\/549607635800817664.webp?size=44","type":"","width":"","height":""}],"twitter_card":"summary_large_image","twitter_misc":{"Odhadovan\u00e1 doba \u010dten\u00ed":"5 minut"},"schema":{"@context":"https:\/\/schema.org","@graph":[{"@type":"WebPage","@id":"https:\/\/www.game4fun.eu\/?page_id=1992","url":"https:\/\/www.game4fun.eu\/?page_id=1992","name":"Pravidla Hry - Automatu \u0160\u0165astn\u00e1 Ruka | Game4Fun.eu - Hern\u00ed sv\u011bt","isPartOf":{"@id":"https:\/\/www.game4fun.eu\/#website"},"primaryImageOfPage":{"@id":"https:\/\/www.game4fun.eu\/?page_id=1992#primaryimage"},"image":{"@id":"https:\/\/www.game4fun.eu\/?page_id=1992#primaryimage"},"thumbnailUrl":"https:\/\/cdn.discordapp.com\/emojis\/549607635800817664.webp?size=44","datePublished":"2025-09-08T17:12:22+00:00","dateModified":"2025-12-28T15:37:51+00:00","breadcrumb":{"@id":"https:\/\/www.game4fun.eu\/?page_id=1992#breadcrumb"},"inLanguage":"cs","potentialAction":[{"@type":"ReadAction","target":["https:\/\/www.game4fun.eu\/?page_id=1992"]}]},{"@type":"ImageObject","inLanguage":"cs","@id":"https:\/\/www.game4fun.eu\/?page_id=1992#primaryimage","url":"https:\/\/cdn.discordapp.com\/emojis\/549607635800817664.webp?size=44","contentUrl":"https:\/\/cdn.discordapp.com\/emojis\/549607635800817664.webp?size=44"},{"@type":"BreadcrumbList","@id":"https:\/\/www.game4fun.eu\/?page_id=1992#breadcrumb","itemListElement":[{"@type":"ListItem","position":1,"name":"Dom\u016f","item":"https:\/\/www.game4fun.eu\/"},{"@type":"ListItem","position":2,"name":"Pravidla Hry &#8211; Automatu \u0160\u0165astn\u00e1 Ruka"}]},{"@type":"WebSite","@id":"https:\/\/www.game4fun.eu\/#website","url":"https:\/\/www.game4fun.eu\/","name":"Game4Fun.eu | \u010cesk\u00fd hern\u00ed port\u00e1l","description":"\u010cesk\u00fd hern\u00ed port\u00e1l se servery San Andreas Multiplayer (SAMP), Call of Duty, SCUM, OpenTTD. P\u0159ij\u010fte si zahr\u00e1t!","publisher":{"@id":"https:\/\/www.game4fun.eu\/#organization"},"potentialAction":[{"@type":"SearchAction","target":{"@type":"EntryPoint","urlTemplate":"https:\/\/www.game4fun.eu\/?s={search_term_string}"},"query-input":{"@type":"PropertyValueSpecification","valueRequired":true,"valueName":"search_term_string"}}],"inLanguage":"cs"},{"@type":"Organization","@id":"https:\/\/www.game4fun.eu\/#organization","name":"Game4Fun.eu | \u010cesk\u00fd hern\u00ed port\u00e1l","url":"https:\/\/www.game4fun.eu\/","logo":{"@type":"ImageObject","inLanguage":"cs","@id":"https:\/\/www.game4fun.eu\/#\/schema\/logo\/image\/","url":"https:\/\/www.game4fun.eu\/wp-content\/uploads\/2025\/10\/Game4funlogo.png","contentUrl":"https:\/\/www.game4fun.eu\/wp-content\/uploads\/2025\/10\/Game4funlogo.png","width":210,"height":94,"caption":"Game4Fun.eu | \u010cesk\u00fd hern\u00ed port\u00e1l"},"image":{"@id":"https:\/\/www.game4fun.eu\/#\/schema\/logo\/image\/"}}]}},"_links":{"self":[{"href":"https:\/\/www.game4fun.eu\/index.php?rest_route=\/wp\/v2\/pages\/1992","targetHints":{"allow":["GET"]}}],"collection":[{"href":"https:\/\/www.game4fun.eu\/index.php?rest_route=\/wp\/v2\/pages"}],"about":[{"href":"https:\/\/www.game4fun.eu\/index.php?rest_route=\/wp\/v2\/types\/page"}],"author":[{"embeddable":true,"href":"https:\/\/www.game4fun.eu\/index.php?rest_route=\/wp\/v2\/users\/19"}],"replies":[{"embeddable":true,"href":"https:\/\/www.game4fun.eu\/index.php?rest_route=%2Fwp%2Fv2%2Fcomments&post=1992"}],"version-history":[{"count":41,"href":"https:\/\/www.game4fun.eu\/index.php?rest_route=\/wp\/v2\/pages\/1992\/revisions"}],"predecessor-version":[{"id":2800,"href":"https:\/\/www.game4fun.eu\/index.php?rest_route=\/wp\/v2\/pages\/1992\/revisions\/2800"}],"wp:attachment":[{"href":"https:\/\/www.game4fun.eu\/index.php?rest_route=%2Fwp%2Fv2%2Fmedia&parent=1992"}],"curies":[{"name":"wp","href":"https:\/\/api.w.org\/{rel}","templated":true}]}}