{"id":2,"date":"2018-03-16T18:01:49","date_gmt":"2018-03-16T18:01:49","guid":{"rendered":"http:\/\/www.game4fun.eu\/www\/?page_id=2"},"modified":"2026-01-12T13:09:57","modified_gmt":"2026-01-12T13:09:57","slug":"banlist","status":"publish","type":"page","link":"https:\/\/www.game4fun.eu\/?page_id=2","title":{"rendered":"Banlist"},"content":{"rendered":"<p><img loading=\"lazy\" decoding=\"async\" class=\"wp-image-763 aligncenter\" src=\"http:\/\/www.game4fun.eu\/wp-content\/uploads\/2021\/02\/banlistbanner2.png\" alt=\"\" width=\"646\" height=\"155\" srcset=\"https:\/\/www.game4fun.eu\/wp-content\/uploads\/2021\/02\/banlistbanner2.png 667w, https:\/\/www.game4fun.eu\/wp-content\/uploads\/2021\/02\/banlistbanner2-300x72.png 300w\" sizes=\"auto, (max-width: 646px) 100vw, 646px\" \/><\/p>\r\n<hr \/>\r\n<p style=\"text-align: center;\"><strong>BanList\u00a0 GTA San Andreas MP<\/strong><\/p>\r\n<hr \/>\r\n<p><br \/><br \/><br \/><\/p>\r\n<hr \/>\r\n<p style=\"text-align: center;\"><strong>BanList SCUM<\/strong><\/p>\r\n<hr \/>\r\n<p style=\"text-align: left;\">\u017d\u00e1dn\u00e9 bany nenalezeny.<\/p>\r\n<hr \/>\r\n<p style=\"text-align: center;\"><strong>BanList Discord \/ TeamSpeak \/ Web <br \/><\/strong><\/p>\r\n<hr \/>\r\n<p><br \/><table class=\"discord-bans-table wp-block-table\" style=\"border-collapse:collapse;width:100%;\">\n    <thead>\n        <tr>\n            <th style=\"background-color:#000000;color:#ffffff;padding:8px;text-align:left;\">Za\u010d\u00e1tek:<\/th>\n            <th style=\"background-color:#000000;color:#ffffff;padding:8px;text-align:left;\">Konec:<\/th>\n            <th style=\"background-color:#000000;color:#ffffff;padding:8px;text-align:left;\">Nick hr\u00e1\u010de:<\/th>\n            <th style=\"background-color:#000000;color:#ffffff;padding:8px;text-align:left;\">D\u016fvod:<\/th>\n            <th style=\"background-color:#000000;color:#ffffff;padding:8px;text-align:left;\">Banoval:<\/th>\n        <\/tr>\n    <\/thead>\n    <tbody>\n            <tr>\n            <td style=\"padding:8px;\">30.12.2018<\/td>\n            <td style=\"padding:8px;\">25.11.4756<\/td>\n            <td style=\"padding:8px;\">CRONOS A.<\/td>\n            <td style=\"padding:8px;\">Hack\/Shazov\u00e1n\u00ed TeamSpeak<\/td>\n            <td style=\"padding:8px;\">Bigheada, Piplovic.<\/td>\n        <\/tr>\n        <\/tbody>\n<\/table>\n\n    <\/p>\r\n<hr \/>\r\n<p style=\"text-align: center;\"><strong>BlackList Webov\u00e9 hry<br \/><\/strong><\/p>\r\n<hr \/>\r\n\u017d\u00e1dn\u00ed hr\u00e1\u010di na blacklistu.\r\n\r\n<p>&nbsp;<\/p>","protected":false},"excerpt":{"rendered":"<p>BanList\u00a0 GTA San Andreas MP BanList SCUM BanList Discord \/ TeamSpeak \/ Web BlackList Webov\u00e9 hry &nbsp;<\/p>\n","protected":false},"author":1,"featured_media":0,"parent":0,"menu_order":0,"comment_status":"closed","ping_status":"closed","template":"","meta":{"footnotes":""},"class_list":["post-2","page","type-page","status-publish","hentry"],"yoast_head":"<!-- This site is optimized with the Yoast SEO plugin v27.3 - https:\/\/yoast.com\/product\/yoast-seo-wordpress\/ -->\n<title>Banlist | Game4Fun.eu - Hern\u00ed sv\u011bt<\/title>\n<meta name=\"robots\" content=\"index, follow, max-snippet:-1, max-image-preview:large, max-video-preview:-1\" \/>\n<link rel=\"canonical\" href=\"https:\/\/www.game4fun.eu\/?page_id=2\" \/>\n<meta property=\"og:locale\" content=\"cs_CZ\" \/>\n<meta property=\"og:type\" content=\"article\" \/>\n<meta property=\"og:title\" content=\"Banlist | Game4Fun.eu - Hern\u00ed sv\u011bt\" \/>\n<meta property=\"og:description\" content=\"BanList\u00a0 GTA San Andreas MP BanList SCUM BanList Discord \/ TeamSpeak \/ Web BlackList Webov\u00e9 hry &nbsp;\" \/>\n<meta property=\"og:url\" content=\"https:\/\/www.game4fun.eu\/?page_id=2\" \/>\n<meta property=\"og:site_name\" content=\"Game4Fun.eu - Hern\u00ed sv\u011bt\" \/>\n<meta property=\"article:modified_time\" content=\"2026-01-12T13:09:57+00:00\" \/>\n<meta property=\"og:image\" content=\"https:\/\/www.game4fun.eu\/wp-content\/uploads\/2021\/02\/banlistbanner2.png\" \/>\n\t<meta property=\"og:image:width\" content=\"667\" \/>\n\t<meta property=\"og:image:height\" content=\"160\" \/>\n\t<meta property=\"og:image:type\" content=\"image\/png\" \/>\n<meta name=\"twitter:card\" content=\"summary_large_image\" \/>\n<meta name=\"twitter:label1\" content=\"Odhadovan\u00e1 doba \u010dten\u00ed\" \/>\n\t<meta name=\"twitter:data1\" content=\"1 minuta\" \/>\n<script type=\"application\/ld+json\" class=\"yoast-schema-graph\">{\"@context\":\"https:\\\/\\\/schema.org\",\"@graph\":[{\"@type\":\"WebPage\",\"@id\":\"https:\\\/\\\/www.game4fun.eu\\\/?page_id=2\",\"url\":\"https:\\\/\\\/www.game4fun.eu\\\/?page_id=2\",\"name\":\"Banlist | Game4Fun.eu - Hern\u00ed sv\u011bt\",\"isPartOf\":{\"@id\":\"https:\\\/\\\/www.game4fun.eu\\\/#website\"},\"primaryImageOfPage\":{\"@id\":\"https:\\\/\\\/www.game4fun.eu\\\/?page_id=2#primaryimage\"},\"image\":{\"@id\":\"https:\\\/\\\/www.game4fun.eu\\\/?page_id=2#primaryimage\"},\"thumbnailUrl\":\"http:\\\/\\\/www.game4fun.eu\\\/wp-content\\\/uploads\\\/2021\\\/02\\\/banlistbanner2.png\",\"datePublished\":\"2018-03-16T18:01:49+00:00\",\"dateModified\":\"2026-01-12T13:09:57+00:00\",\"breadcrumb\":{\"@id\":\"https:\\\/\\\/www.game4fun.eu\\\/?page_id=2#breadcrumb\"},\"inLanguage\":\"cs\",\"potentialAction\":[{\"@type\":\"ReadAction\",\"target\":[\"https:\\\/\\\/www.game4fun.eu\\\/?page_id=2\"]}]},{\"@type\":\"ImageObject\",\"inLanguage\":\"cs\",\"@id\":\"https:\\\/\\\/www.game4fun.eu\\\/?page_id=2#primaryimage\",\"url\":\"https:\\\/\\\/www.game4fun.eu\\\/wp-content\\\/uploads\\\/2021\\\/02\\\/banlistbanner2.png\",\"contentUrl\":\"https:\\\/\\\/www.game4fun.eu\\\/wp-content\\\/uploads\\\/2021\\\/02\\\/banlistbanner2.png\",\"width\":667,\"height\":160},{\"@type\":\"BreadcrumbList\",\"@id\":\"https:\\\/\\\/www.game4fun.eu\\\/?page_id=2#breadcrumb\",\"itemListElement\":[{\"@type\":\"ListItem\",\"position\":1,\"name\":\"Dom\u016f\",\"item\":\"https:\\\/\\\/www.game4fun.eu\\\/\"},{\"@type\":\"ListItem\",\"position\":2,\"name\":\"Banlist\"}]},{\"@type\":\"WebSite\",\"@id\":\"https:\\\/\\\/www.game4fun.eu\\\/#website\",\"url\":\"https:\\\/\\\/www.game4fun.eu\\\/\",\"name\":\"Game4Fun.eu | \u010cesk\u00fd hern\u00ed port\u00e1l\",\"description\":\"\u010cesk\u00fd hern\u00ed port\u00e1l se servery San Andreas Multiplayer (SAMP), Call of Duty, SCUM, OpenTTD. P\u0159ij\u010fte si zahr\u00e1t!\",\"publisher\":{\"@id\":\"https:\\\/\\\/www.game4fun.eu\\\/#organization\"},\"potentialAction\":[{\"@type\":\"SearchAction\",\"target\":{\"@type\":\"EntryPoint\",\"urlTemplate\":\"https:\\\/\\\/www.game4fun.eu\\\/?s={search_term_string}\"},\"query-input\":{\"@type\":\"PropertyValueSpecification\",\"valueRequired\":true,\"valueName\":\"search_term_string\"}}],\"inLanguage\":\"cs\"},{\"@type\":\"Organization\",\"@id\":\"https:\\\/\\\/www.game4fun.eu\\\/#organization\",\"name\":\"Game4Fun.eu | \u010cesk\u00fd hern\u00ed port\u00e1l\",\"url\":\"https:\\\/\\\/www.game4fun.eu\\\/\",\"logo\":{\"@type\":\"ImageObject\",\"inLanguage\":\"cs\",\"@id\":\"https:\\\/\\\/www.game4fun.eu\\\/#\\\/schema\\\/logo\\\/image\\\/\",\"url\":\"https:\\\/\\\/www.game4fun.eu\\\/wp-content\\\/uploads\\\/2025\\\/10\\\/Game4funlogo.png\",\"contentUrl\":\"https:\\\/\\\/www.game4fun.eu\\\/wp-content\\\/uploads\\\/2025\\\/10\\\/Game4funlogo.png\",\"width\":210,\"height\":94,\"caption\":\"Game4Fun.eu | \u010cesk\u00fd hern\u00ed port\u00e1l\"},\"image\":{\"@id\":\"https:\\\/\\\/www.game4fun.eu\\\/#\\\/schema\\\/logo\\\/image\\\/\"}}]}<\/script>\n<!-- \/ Yoast SEO plugin. -->","yoast_head_json":{"title":"Banlist | Game4Fun.eu - Hern\u00ed sv\u011bt","robots":{"index":"index","follow":"follow","max-snippet":"max-snippet:-1","max-image-preview":"max-image-preview:large","max-video-preview":"max-video-preview:-1"},"canonical":"https:\/\/www.game4fun.eu\/?page_id=2","og_locale":"cs_CZ","og_type":"article","og_title":"Banlist | Game4Fun.eu - Hern\u00ed sv\u011bt","og_description":"BanList\u00a0 GTA San Andreas MP BanList SCUM BanList Discord \/ TeamSpeak \/ Web BlackList Webov\u00e9 hry &nbsp;","og_url":"https:\/\/www.game4fun.eu\/?page_id=2","og_site_name":"Game4Fun.eu - Hern\u00ed sv\u011bt","article_modified_time":"2026-01-12T13:09:57+00:00","og_image":[{"width":667,"height":160,"url":"https:\/\/www.game4fun.eu\/wp-content\/uploads\/2021\/02\/banlistbanner2.png","type":"image\/png"}],"twitter_card":"summary_large_image","twitter_misc":{"Odhadovan\u00e1 doba \u010dten\u00ed":"1 minuta"},"schema":{"@context":"https:\/\/schema.org","@graph":[{"@type":"WebPage","@id":"https:\/\/www.game4fun.eu\/?page_id=2","url":"https:\/\/www.game4fun.eu\/?page_id=2","name":"Banlist | Game4Fun.eu - Hern\u00ed sv\u011bt","isPartOf":{"@id":"https:\/\/www.game4fun.eu\/#website"},"primaryImageOfPage":{"@id":"https:\/\/www.game4fun.eu\/?page_id=2#primaryimage"},"image":{"@id":"https:\/\/www.game4fun.eu\/?page_id=2#primaryimage"},"thumbnailUrl":"http:\/\/www.game4fun.eu\/wp-content\/uploads\/2021\/02\/banlistbanner2.png","datePublished":"2018-03-16T18:01:49+00:00","dateModified":"2026-01-12T13:09:57+00:00","breadcrumb":{"@id":"https:\/\/www.game4fun.eu\/?page_id=2#breadcrumb"},"inLanguage":"cs","potentialAction":[{"@type":"ReadAction","target":["https:\/\/www.game4fun.eu\/?page_id=2"]}]},{"@type":"ImageObject","inLanguage":"cs","@id":"https:\/\/www.game4fun.eu\/?page_id=2#primaryimage","url":"https:\/\/www.game4fun.eu\/wp-content\/uploads\/2021\/02\/banlistbanner2.png","contentUrl":"https:\/\/www.game4fun.eu\/wp-content\/uploads\/2021\/02\/banlistbanner2.png","width":667,"height":160},{"@type":"BreadcrumbList","@id":"https:\/\/www.game4fun.eu\/?page_id=2#breadcrumb","itemListElement":[{"@type":"ListItem","position":1,"name":"Dom\u016f","item":"https:\/\/www.game4fun.eu\/"},{"@type":"ListItem","position":2,"name":"Banlist"}]},{"@type":"WebSite","@id":"https:\/\/www.game4fun.eu\/#website","url":"https:\/\/www.game4fun.eu\/","name":"Game4Fun.eu | \u010cesk\u00fd hern\u00ed port\u00e1l","description":"\u010cesk\u00fd hern\u00ed port\u00e1l se servery San Andreas Multiplayer (SAMP), Call of Duty, SCUM, OpenTTD. P\u0159ij\u010fte si zahr\u00e1t!","publisher":{"@id":"https:\/\/www.game4fun.eu\/#organization"},"potentialAction":[{"@type":"SearchAction","target":{"@type":"EntryPoint","urlTemplate":"https:\/\/www.game4fun.eu\/?s={search_term_string}"},"query-input":{"@type":"PropertyValueSpecification","valueRequired":true,"valueName":"search_term_string"}}],"inLanguage":"cs"},{"@type":"Organization","@id":"https:\/\/www.game4fun.eu\/#organization","name":"Game4Fun.eu | \u010cesk\u00fd hern\u00ed port\u00e1l","url":"https:\/\/www.game4fun.eu\/","logo":{"@type":"ImageObject","inLanguage":"cs","@id":"https:\/\/www.game4fun.eu\/#\/schema\/logo\/image\/","url":"https:\/\/www.game4fun.eu\/wp-content\/uploads\/2025\/10\/Game4funlogo.png","contentUrl":"https:\/\/www.game4fun.eu\/wp-content\/uploads\/2025\/10\/Game4funlogo.png","width":210,"height":94,"caption":"Game4Fun.eu | \u010cesk\u00fd hern\u00ed port\u00e1l"},"image":{"@id":"https:\/\/www.game4fun.eu\/#\/schema\/logo\/image\/"}}]}},"_links":{"self":[{"href":"https:\/\/www.game4fun.eu\/index.php?rest_route=\/wp\/v2\/pages\/2","targetHints":{"allow":["GET"]}}],"collection":[{"href":"https:\/\/www.game4fun.eu\/index.php?rest_route=\/wp\/v2\/pages"}],"about":[{"href":"https:\/\/www.game4fun.eu\/index.php?rest_route=\/wp\/v2\/types\/page"}],"author":[{"embeddable":true,"href":"https:\/\/www.game4fun.eu\/index.php?rest_route=\/wp\/v2\/users\/1"}],"replies":[{"embeddable":true,"href":"https:\/\/www.game4fun.eu\/index.php?rest_route=%2Fwp%2Fv2%2Fcomments&post=2"}],"version-history":[{"count":81,"href":"https:\/\/www.game4fun.eu\/index.php?rest_route=\/wp\/v2\/pages\/2\/revisions"}],"predecessor-version":[{"id":2864,"href":"https:\/\/www.game4fun.eu\/index.php?rest_route=\/wp\/v2\/pages\/2\/revisions\/2864"}],"wp:attachment":[{"href":"https:\/\/www.game4fun.eu\/index.php?rest_route=%2Fwp%2Fv2%2Fmedia&parent=2"}],"curies":[{"name":"wp","href":"https:\/\/api.w.org\/{rel}","templated":true}]}}