{"id":2417,"date":"2025-10-24T15:21:00","date_gmt":"2025-10-24T15:21:00","guid":{"rendered":"https:\/\/www.game4fun.eu\/?page_id=2417"},"modified":"2025-10-24T15:22:08","modified_gmt":"2025-10-24T15:22:08","slug":"pravidla-2","status":"publish","type":"page","link":"https:\/\/www.game4fun.eu\/?page_id=2417","title":{"rendered":"Pravidla hry Call Of Duty"},"content":{"rendered":"<ol data-start=\"117\" data-end=\"607\">\n<li data-start=\"117\" data-end=\"202\">\n<p data-start=\"120\" data-end=\"202\">Hraj poctiv\u011b, bez cheat\u016f, aimbot\u016f, wallhack\u016f nebo jin\u00fdch nepovolen\u00fdch modifikac\u00ed.<\/p>\n<\/li>\n<li data-start=\"203\" data-end=\"286\">\n<p data-start=\"206\" data-end=\"286\">Respektuj ostatn\u00ed hr\u00e1\u010de, \u017e\u00e1dn\u00e9 ur\u00e1\u017eky, nad\u00e1vky, rasismus, \u0161ikana nebo trolling.<\/p>\n<\/li>\n<li data-start=\"287\" data-end=\"344\">\n<p data-start=\"290\" data-end=\"344\">Pou\u017e\u00edvej vhodn\u00fd nick, nevyd\u00e1vej se za administr\u00e1tora.<\/p>\n<\/li>\n<li data-start=\"345\" data-end=\"404\">\n<p data-start=\"348\" data-end=\"404\">Nezaspamuj chat, \u017e\u00e1dn\u00fd nadm\u011brn\u00fd text nebo zvukov\u00fd spam.<\/p>\n<\/li>\n<li data-start=\"405\" data-end=\"475\">\n<p data-start=\"408\" data-end=\"475\">Respektuj rozhodnut\u00ed administr\u00e1tor\u016f, jejich rozhodnut\u00ed je kone\u010dn\u00e9.<\/p>\n<\/li>\n<li data-start=\"476\" data-end=\"540\">\n<p data-start=\"479\" data-end=\"540\">Nepou\u017e\u00edvej bugy map nebo hry k z\u00edsk\u00e1n\u00ed nespravedliv\u00e9 v\u00fdhody.<\/p>\n<\/li>\n<li data-start=\"541\" data-end=\"607\">\n<p data-start=\"544\" data-end=\"607\">Nep\u0159ek\u00e1\u017eej spoluhr\u00e1\u010d\u016fm, pokud server nem\u00e1 re\u017eim friendly fire.<\/p>\n<p>x. V\u0161eobecn\u00e1 pravidla G4F.eu<\/li>\n<\/ol>\n<p data-start=\"609\" data-end=\"669\">Poru\u0161en\u00ed pravidel m\u016f\u017ee v\u00e9st k do\u010dasn\u00e9mu nebo trval\u00e9mu banu.<\/p>\n","protected":false},"excerpt":{"rendered":"<p>Hraj poctiv\u011b, bez cheat\u016f, aimbot\u016f, wallhack\u016f nebo jin\u00fdch nepovolen\u00fdch modifikac\u00ed. Respektuj ostatn\u00ed hr\u00e1\u010de, \u017e\u00e1dn\u00e9 ur\u00e1\u017eky, nad\u00e1vky, rasismus, \u0161ikana nebo trolling. Pou\u017e\u00edvej vhodn\u00fd nick, nevyd\u00e1vej se za administr\u00e1tora. Nezaspamuj chat, \u017e\u00e1dn\u00fd nadm\u011brn\u00fd text nebo zvukov\u00fd spam. Respektuj rozhodnut\u00ed administr\u00e1tor\u016f, jejich rozhodnut\u00ed je kone\u010dn\u00e9. Nepou\u017e\u00edvej bugy map nebo hry k z\u00edsk\u00e1n\u00ed nespravedliv\u00e9 v\u00fdhody. Nep\u0159ek\u00e1\u017eej spoluhr\u00e1\u010d\u016fm, pokud server &hellip;<br \/><a href=\"https:\/\/www.game4fun.eu\/?page_id=2417\" class=\"more-link pen_button pen_element_default pen_icon_arrow_double\">Pokra\u010dovat ve\u00a0\u010dten\u00ed <span class=\"screen-reader-text\">Pravidla hry Call Of Duty<\/span><\/a><\/p>\n","protected":false},"author":19,"featured_media":0,"parent":0,"menu_order":0,"comment_status":"closed","ping_status":"closed","template":"","meta":{"footnotes":""},"class_list":["post-2417","page","type-page","status-publish","hentry"],"yoast_head":"<!-- This site is optimized with the Yoast SEO plugin v27.4 - https:\/\/yoast.com\/product\/yoast-seo-wordpress\/ -->\n<title>Pravidla hry Call Of Duty | Game4Fun.eu - Hern\u00ed sv\u011bt<\/title>\n<meta name=\"robots\" content=\"index, follow, max-snippet:-1, max-image-preview:large, max-video-preview:-1\" \/>\n<link rel=\"canonical\" href=\"https:\/\/www.game4fun.eu\/?page_id=2417\" \/>\n<meta property=\"og:locale\" content=\"cs_CZ\" \/>\n<meta property=\"og:type\" content=\"article\" \/>\n<meta property=\"og:title\" content=\"Pravidla hry Call Of Duty | Game4Fun.eu - Hern\u00ed sv\u011bt\" \/>\n<meta property=\"og:description\" content=\"Hraj poctiv\u011b, bez cheat\u016f, aimbot\u016f, wallhack\u016f nebo jin\u00fdch nepovolen\u00fdch modifikac\u00ed. Respektuj ostatn\u00ed hr\u00e1\u010de, \u017e\u00e1dn\u00e9 ur\u00e1\u017eky, nad\u00e1vky, rasismus, \u0161ikana nebo trolling. Pou\u017e\u00edvej vhodn\u00fd nick, nevyd\u00e1vej se za administr\u00e1tora. Nezaspamuj chat, \u017e\u00e1dn\u00fd nadm\u011brn\u00fd text nebo zvukov\u00fd spam. Respektuj rozhodnut\u00ed administr\u00e1tor\u016f, jejich rozhodnut\u00ed je kone\u010dn\u00e9. Nepou\u017e\u00edvej bugy map nebo hry k z\u00edsk\u00e1n\u00ed nespravedliv\u00e9 v\u00fdhody. Nep\u0159ek\u00e1\u017eej spoluhr\u00e1\u010d\u016fm, pokud server &hellip;Pokra\u010dovat ve\u00a0\u010dten\u00ed Pravidla hry Call Of Duty\" \/>\n<meta property=\"og:url\" content=\"https:\/\/www.game4fun.eu\/?page_id=2417\" \/>\n<meta property=\"og:site_name\" content=\"Game4Fun.eu - Hern\u00ed sv\u011bt\" \/>\n<meta property=\"article:modified_time\" content=\"2025-10-24T15:22:08+00:00\" \/>\n<meta name=\"twitter:card\" content=\"summary_large_image\" \/>\n<meta name=\"twitter:label1\" content=\"Odhadovan\u00e1 doba \u010dten\u00ed\" \/>\n\t<meta name=\"twitter:data1\" content=\"1 minuta\" \/>\n<script type=\"application\/ld+json\" class=\"yoast-schema-graph\">{\"@context\":\"https:\\\/\\\/schema.org\",\"@graph\":[{\"@type\":\"WebPage\",\"@id\":\"https:\\\/\\\/www.game4fun.eu\\\/?page_id=2417\",\"url\":\"https:\\\/\\\/www.game4fun.eu\\\/?page_id=2417\",\"name\":\"Pravidla hry Call Of Duty | Game4Fun.eu - Hern\u00ed sv\u011bt\",\"isPartOf\":{\"@id\":\"https:\\\/\\\/www.game4fun.eu\\\/#website\"},\"datePublished\":\"2025-10-24T15:21:00+00:00\",\"dateModified\":\"2025-10-24T15:22:08+00:00\",\"breadcrumb\":{\"@id\":\"https:\\\/\\\/www.game4fun.eu\\\/?page_id=2417#breadcrumb\"},\"inLanguage\":\"cs\",\"potentialAction\":[{\"@type\":\"ReadAction\",\"target\":[\"https:\\\/\\\/www.game4fun.eu\\\/?page_id=2417\"]}]},{\"@type\":\"BreadcrumbList\",\"@id\":\"https:\\\/\\\/www.game4fun.eu\\\/?page_id=2417#breadcrumb\",\"itemListElement\":[{\"@type\":\"ListItem\",\"position\":1,\"name\":\"Dom\u016f\",\"item\":\"https:\\\/\\\/www.game4fun.eu\\\/\"},{\"@type\":\"ListItem\",\"position\":2,\"name\":\"Pravidla hry Call Of Duty\"}]},{\"@type\":\"WebSite\",\"@id\":\"https:\\\/\\\/www.game4fun.eu\\\/#website\",\"url\":\"https:\\\/\\\/www.game4fun.eu\\\/\",\"name\":\"Game4Fun.eu | \u010cesk\u00fd hern\u00ed port\u00e1l\",\"description\":\"\u010cesk\u00fd hern\u00ed port\u00e1l se servery San Andreas Multiplayer (SAMP), Call of Duty, SCUM, OpenTTD. P\u0159ij\u010fte si zahr\u00e1t!\",\"publisher\":{\"@id\":\"https:\\\/\\\/www.game4fun.eu\\\/#organization\"},\"potentialAction\":[{\"@type\":\"SearchAction\",\"target\":{\"@type\":\"EntryPoint\",\"urlTemplate\":\"https:\\\/\\\/www.game4fun.eu\\\/?s={search_term_string}\"},\"query-input\":{\"@type\":\"PropertyValueSpecification\",\"valueRequired\":true,\"valueName\":\"search_term_string\"}}],\"inLanguage\":\"cs\"},{\"@type\":\"Organization\",\"@id\":\"https:\\\/\\\/www.game4fun.eu\\\/#organization\",\"name\":\"Game4Fun.eu | \u010cesk\u00fd hern\u00ed port\u00e1l\",\"url\":\"https:\\\/\\\/www.game4fun.eu\\\/\",\"logo\":{\"@type\":\"ImageObject\",\"inLanguage\":\"cs\",\"@id\":\"https:\\\/\\\/www.game4fun.eu\\\/#\\\/schema\\\/logo\\\/image\\\/\",\"url\":\"https:\\\/\\\/www.game4fun.eu\\\/wp-content\\\/uploads\\\/2025\\\/10\\\/Game4funlogo.png\",\"contentUrl\":\"https:\\\/\\\/www.game4fun.eu\\\/wp-content\\\/uploads\\\/2025\\\/10\\\/Game4funlogo.png\",\"width\":210,\"height\":94,\"caption\":\"Game4Fun.eu | \u010cesk\u00fd hern\u00ed port\u00e1l\"},\"image\":{\"@id\":\"https:\\\/\\\/www.game4fun.eu\\\/#\\\/schema\\\/logo\\\/image\\\/\"}}]}<\/script>\n<!-- \/ Yoast SEO plugin. -->","yoast_head_json":{"title":"Pravidla hry Call Of Duty | Game4Fun.eu - Hern\u00ed sv\u011bt","robots":{"index":"index","follow":"follow","max-snippet":"max-snippet:-1","max-image-preview":"max-image-preview:large","max-video-preview":"max-video-preview:-1"},"canonical":"https:\/\/www.game4fun.eu\/?page_id=2417","og_locale":"cs_CZ","og_type":"article","og_title":"Pravidla hry Call Of Duty | Game4Fun.eu - Hern\u00ed sv\u011bt","og_description":"Hraj poctiv\u011b, bez cheat\u016f, aimbot\u016f, wallhack\u016f nebo jin\u00fdch nepovolen\u00fdch modifikac\u00ed. Respektuj ostatn\u00ed hr\u00e1\u010de, \u017e\u00e1dn\u00e9 ur\u00e1\u017eky, nad\u00e1vky, rasismus, \u0161ikana nebo trolling. Pou\u017e\u00edvej vhodn\u00fd nick, nevyd\u00e1vej se za administr\u00e1tora. Nezaspamuj chat, \u017e\u00e1dn\u00fd nadm\u011brn\u00fd text nebo zvukov\u00fd spam. Respektuj rozhodnut\u00ed administr\u00e1tor\u016f, jejich rozhodnut\u00ed je kone\u010dn\u00e9. Nepou\u017e\u00edvej bugy map nebo hry k z\u00edsk\u00e1n\u00ed nespravedliv\u00e9 v\u00fdhody. Nep\u0159ek\u00e1\u017eej spoluhr\u00e1\u010d\u016fm, pokud server &hellip;Pokra\u010dovat ve\u00a0\u010dten\u00ed Pravidla hry Call Of Duty","og_url":"https:\/\/www.game4fun.eu\/?page_id=2417","og_site_name":"Game4Fun.eu - Hern\u00ed sv\u011bt","article_modified_time":"2025-10-24T15:22:08+00:00","twitter_card":"summary_large_image","twitter_misc":{"Odhadovan\u00e1 doba \u010dten\u00ed":"1 minuta"},"schema":{"@context":"https:\/\/schema.org","@graph":[{"@type":"WebPage","@id":"https:\/\/www.game4fun.eu\/?page_id=2417","url":"https:\/\/www.game4fun.eu\/?page_id=2417","name":"Pravidla hry Call Of Duty | Game4Fun.eu - Hern\u00ed sv\u011bt","isPartOf":{"@id":"https:\/\/www.game4fun.eu\/#website"},"datePublished":"2025-10-24T15:21:00+00:00","dateModified":"2025-10-24T15:22:08+00:00","breadcrumb":{"@id":"https:\/\/www.game4fun.eu\/?page_id=2417#breadcrumb"},"inLanguage":"cs","potentialAction":[{"@type":"ReadAction","target":["https:\/\/www.game4fun.eu\/?page_id=2417"]}]},{"@type":"BreadcrumbList","@id":"https:\/\/www.game4fun.eu\/?page_id=2417#breadcrumb","itemListElement":[{"@type":"ListItem","position":1,"name":"Dom\u016f","item":"https:\/\/www.game4fun.eu\/"},{"@type":"ListItem","position":2,"name":"Pravidla hry Call Of Duty"}]},{"@type":"WebSite","@id":"https:\/\/www.game4fun.eu\/#website","url":"https:\/\/www.game4fun.eu\/","name":"Game4Fun.eu | \u010cesk\u00fd hern\u00ed port\u00e1l","description":"\u010cesk\u00fd hern\u00ed port\u00e1l se servery San Andreas Multiplayer (SAMP), Call of Duty, SCUM, OpenTTD. P\u0159ij\u010fte si zahr\u00e1t!","publisher":{"@id":"https:\/\/www.game4fun.eu\/#organization"},"potentialAction":[{"@type":"SearchAction","target":{"@type":"EntryPoint","urlTemplate":"https:\/\/www.game4fun.eu\/?s={search_term_string}"},"query-input":{"@type":"PropertyValueSpecification","valueRequired":true,"valueName":"search_term_string"}}],"inLanguage":"cs"},{"@type":"Organization","@id":"https:\/\/www.game4fun.eu\/#organization","name":"Game4Fun.eu | \u010cesk\u00fd hern\u00ed port\u00e1l","url":"https:\/\/www.game4fun.eu\/","logo":{"@type":"ImageObject","inLanguage":"cs","@id":"https:\/\/www.game4fun.eu\/#\/schema\/logo\/image\/","url":"https:\/\/www.game4fun.eu\/wp-content\/uploads\/2025\/10\/Game4funlogo.png","contentUrl":"https:\/\/www.game4fun.eu\/wp-content\/uploads\/2025\/10\/Game4funlogo.png","width":210,"height":94,"caption":"Game4Fun.eu | \u010cesk\u00fd hern\u00ed port\u00e1l"},"image":{"@id":"https:\/\/www.game4fun.eu\/#\/schema\/logo\/image\/"}}]}},"_links":{"self":[{"href":"https:\/\/www.game4fun.eu\/index.php?rest_route=\/wp\/v2\/pages\/2417","targetHints":{"allow":["GET"]}}],"collection":[{"href":"https:\/\/www.game4fun.eu\/index.php?rest_route=\/wp\/v2\/pages"}],"about":[{"href":"https:\/\/www.game4fun.eu\/index.php?rest_route=\/wp\/v2\/types\/page"}],"author":[{"embeddable":true,"href":"https:\/\/www.game4fun.eu\/index.php?rest_route=\/wp\/v2\/users\/19"}],"replies":[{"embeddable":true,"href":"https:\/\/www.game4fun.eu\/index.php?rest_route=%2Fwp%2Fv2%2Fcomments&post=2417"}],"version-history":[{"count":2,"href":"https:\/\/www.game4fun.eu\/index.php?rest_route=\/wp\/v2\/pages\/2417\/revisions"}],"predecessor-version":[{"id":2419,"href":"https:\/\/www.game4fun.eu\/index.php?rest_route=\/wp\/v2\/pages\/2417\/revisions\/2419"}],"wp:attachment":[{"href":"https:\/\/www.game4fun.eu\/index.php?rest_route=%2Fwp%2Fv2%2Fmedia&parent=2417"}],"curies":[{"name":"wp","href":"https:\/\/api.w.org\/{rel}","templated":true}]}}