{"id":2421,"date":"2025-10-24T15:26:06","date_gmt":"2025-10-24T15:26:06","guid":{"rendered":"https:\/\/www.game4fun.eu\/?page_id=2421"},"modified":"2025-10-24T15:26:06","modified_gmt":"2025-10-24T15:26:06","slug":"pravidla-hry-openttd","status":"publish","type":"page","link":"https:\/\/www.game4fun.eu\/?page_id=2421","title":{"rendered":"Pravidla hry OpenTTD"},"content":{"rendered":"<ol data-start=\"125\" data-end=\"609\">\n<li data-start=\"125\" data-end=\"213\">\n<p data-start=\"128\" data-end=\"213\">Hraj poctiv\u011b, bez cheat\u016f, hack\u016f nebo modifikac\u00ed, kter\u00e9 d\u00e1vaj\u00ed nespravedlivou v\u00fdhodu<\/p>\n<\/li>\n<li data-start=\"214\" data-end=\"297\">\n<p data-start=\"217\" data-end=\"297\">Respektuj ostatn\u00ed hr\u00e1\u010de, \u017e\u00e1dn\u00e9 ur\u00e1\u017eky, nad\u00e1vky, rasismus, \u0161ikana nebo trolling<\/p>\n<\/li>\n<li data-start=\"298\" data-end=\"355\">\n<p data-start=\"301\" data-end=\"355\">Pou\u017e\u00edvej vhodn\u00fd nick, nevyd\u00e1vej se za administr\u00e1tora<\/p>\n<\/li>\n<li data-start=\"356\" data-end=\"415\">\n<p data-start=\"359\" data-end=\"415\">Nezaspamuj chat, \u017e\u00e1dn\u00fd nadm\u011brn\u00fd text nebo zvukov\u00fd spam<\/p>\n<\/li>\n<li data-start=\"416\" data-end=\"486\">\n<p data-start=\"419\" data-end=\"486\">Respektuj rozhodnut\u00ed administr\u00e1tor\u016f, jejich rozhodnut\u00ed je kone\u010dn\u00e9<\/p>\n<\/li>\n<li data-start=\"487\" data-end=\"541\">\n<p data-start=\"490\" data-end=\"541\">Nep\u0159ek\u00e1\u017eej ostatn\u00edm ve stavb\u011b a pl\u00e1nov\u00e1n\u00ed dopravy<\/p>\n<\/li>\n<li data-start=\"542\" data-end=\"609\">\n<p data-start=\"545\" data-end=\"609\">Sleduj pravidla serveru ohledn\u011b financ\u00ed, bankrotu a konkurence<\/p>\n<p>x. V\u0161eobecn\u00e1 pravidla G4F.eu<\/p>\n<\/li>\n<\/ol>\n<p data-start=\"611\" data-end=\"671\">Poru\u0161en\u00ed pravidel m\u016f\u017ee v\u00e9st k do\u010dasn\u00e9mu nebo trval\u00e9mu banu<\/p>\n","protected":false},"excerpt":{"rendered":"<p>Hraj poctiv\u011b, bez cheat\u016f, hack\u016f nebo modifikac\u00ed, kter\u00e9 d\u00e1vaj\u00ed nespravedlivou v\u00fdhodu Respektuj ostatn\u00ed hr\u00e1\u010de, \u017e\u00e1dn\u00e9 ur\u00e1\u017eky, nad\u00e1vky, rasismus, \u0161ikana nebo trolling Pou\u017e\u00edvej vhodn\u00fd nick, nevyd\u00e1vej se za administr\u00e1tora Nezaspamuj chat, \u017e\u00e1dn\u00fd nadm\u011brn\u00fd text nebo zvukov\u00fd spam Respektuj rozhodnut\u00ed administr\u00e1tor\u016f, jejich rozhodnut\u00ed je kone\u010dn\u00e9 Nep\u0159ek\u00e1\u017eej ostatn\u00edm ve stavb\u011b a pl\u00e1nov\u00e1n\u00ed dopravy Sleduj pravidla serveru ohledn\u011b financ\u00ed, &hellip;<br \/><a href=\"https:\/\/www.game4fun.eu\/?page_id=2421\" class=\"more-link pen_button pen_element_default pen_icon_arrow_double\">Pokra\u010dovat ve\u00a0\u010dten\u00ed <span class=\"screen-reader-text\">Pravidla hry OpenTTD<\/span><\/a><\/p>\n","protected":false},"author":19,"featured_media":0,"parent":0,"menu_order":0,"comment_status":"closed","ping_status":"closed","template":"","meta":{"footnotes":""},"class_list":["post-2421","page","type-page","status-publish","hentry"],"yoast_head":"<!-- This site is optimized with the Yoast SEO plugin v27.4 - https:\/\/yoast.com\/product\/yoast-seo-wordpress\/ -->\n<title>Pravidla hry OpenTTD | Game4Fun.eu - Hern\u00ed sv\u011bt<\/title>\n<meta name=\"robots\" content=\"index, follow, max-snippet:-1, max-image-preview:large, max-video-preview:-1\" \/>\n<link rel=\"canonical\" href=\"https:\/\/www.game4fun.eu\/?page_id=2421\" \/>\n<meta property=\"og:locale\" content=\"cs_CZ\" \/>\n<meta property=\"og:type\" content=\"article\" \/>\n<meta property=\"og:title\" content=\"Pravidla hry OpenTTD | Game4Fun.eu - Hern\u00ed sv\u011bt\" \/>\n<meta property=\"og:description\" content=\"Hraj poctiv\u011b, bez cheat\u016f, hack\u016f nebo modifikac\u00ed, kter\u00e9 d\u00e1vaj\u00ed nespravedlivou v\u00fdhodu Respektuj ostatn\u00ed hr\u00e1\u010de, \u017e\u00e1dn\u00e9 ur\u00e1\u017eky, nad\u00e1vky, rasismus, \u0161ikana nebo trolling Pou\u017e\u00edvej vhodn\u00fd nick, nevyd\u00e1vej se za administr\u00e1tora Nezaspamuj chat, \u017e\u00e1dn\u00fd nadm\u011brn\u00fd text nebo zvukov\u00fd spam Respektuj rozhodnut\u00ed administr\u00e1tor\u016f, jejich rozhodnut\u00ed je kone\u010dn\u00e9 Nep\u0159ek\u00e1\u017eej ostatn\u00edm ve stavb\u011b a pl\u00e1nov\u00e1n\u00ed dopravy Sleduj pravidla serveru ohledn\u011b financ\u00ed, &hellip;Pokra\u010dovat ve\u00a0\u010dten\u00ed Pravidla hry OpenTTD\" \/>\n<meta property=\"og:url\" content=\"https:\/\/www.game4fun.eu\/?page_id=2421\" \/>\n<meta property=\"og:site_name\" content=\"Game4Fun.eu - Hern\u00ed sv\u011bt\" \/>\n<meta name=\"twitter:card\" content=\"summary_large_image\" \/>\n<script type=\"application\/ld+json\" class=\"yoast-schema-graph\">{\"@context\":\"https:\\\/\\\/schema.org\",\"@graph\":[{\"@type\":\"WebPage\",\"@id\":\"https:\\\/\\\/www.game4fun.eu\\\/?page_id=2421\",\"url\":\"https:\\\/\\\/www.game4fun.eu\\\/?page_id=2421\",\"name\":\"Pravidla hry OpenTTD | Game4Fun.eu - Hern\u00ed sv\u011bt\",\"isPartOf\":{\"@id\":\"https:\\\/\\\/www.game4fun.eu\\\/#website\"},\"datePublished\":\"2025-10-24T15:26:06+00:00\",\"breadcrumb\":{\"@id\":\"https:\\\/\\\/www.game4fun.eu\\\/?page_id=2421#breadcrumb\"},\"inLanguage\":\"cs\",\"potentialAction\":[{\"@type\":\"ReadAction\",\"target\":[\"https:\\\/\\\/www.game4fun.eu\\\/?page_id=2421\"]}]},{\"@type\":\"BreadcrumbList\",\"@id\":\"https:\\\/\\\/www.game4fun.eu\\\/?page_id=2421#breadcrumb\",\"itemListElement\":[{\"@type\":\"ListItem\",\"position\":1,\"name\":\"Dom\u016f\",\"item\":\"https:\\\/\\\/www.game4fun.eu\\\/\"},{\"@type\":\"ListItem\",\"position\":2,\"name\":\"Pravidla hry OpenTTD\"}]},{\"@type\":\"WebSite\",\"@id\":\"https:\\\/\\\/www.game4fun.eu\\\/#website\",\"url\":\"https:\\\/\\\/www.game4fun.eu\\\/\",\"name\":\"Game4Fun.eu | \u010cesk\u00fd hern\u00ed port\u00e1l\",\"description\":\"\u010cesk\u00fd hern\u00ed port\u00e1l se servery San Andreas Multiplayer (SAMP), Call of Duty, SCUM, OpenTTD. P\u0159ij\u010fte si zahr\u00e1t!\",\"publisher\":{\"@id\":\"https:\\\/\\\/www.game4fun.eu\\\/#organization\"},\"potentialAction\":[{\"@type\":\"SearchAction\",\"target\":{\"@type\":\"EntryPoint\",\"urlTemplate\":\"https:\\\/\\\/www.game4fun.eu\\\/?s={search_term_string}\"},\"query-input\":{\"@type\":\"PropertyValueSpecification\",\"valueRequired\":true,\"valueName\":\"search_term_string\"}}],\"inLanguage\":\"cs\"},{\"@type\":\"Organization\",\"@id\":\"https:\\\/\\\/www.game4fun.eu\\\/#organization\",\"name\":\"Game4Fun.eu | \u010cesk\u00fd hern\u00ed port\u00e1l\",\"url\":\"https:\\\/\\\/www.game4fun.eu\\\/\",\"logo\":{\"@type\":\"ImageObject\",\"inLanguage\":\"cs\",\"@id\":\"https:\\\/\\\/www.game4fun.eu\\\/#\\\/schema\\\/logo\\\/image\\\/\",\"url\":\"https:\\\/\\\/www.game4fun.eu\\\/wp-content\\\/uploads\\\/2025\\\/10\\\/Game4funlogo.png\",\"contentUrl\":\"https:\\\/\\\/www.game4fun.eu\\\/wp-content\\\/uploads\\\/2025\\\/10\\\/Game4funlogo.png\",\"width\":210,\"height\":94,\"caption\":\"Game4Fun.eu | \u010cesk\u00fd hern\u00ed port\u00e1l\"},\"image\":{\"@id\":\"https:\\\/\\\/www.game4fun.eu\\\/#\\\/schema\\\/logo\\\/image\\\/\"}}]}<\/script>\n<!-- \/ Yoast SEO plugin. -->","yoast_head_json":{"title":"Pravidla hry OpenTTD | Game4Fun.eu - Hern\u00ed sv\u011bt","robots":{"index":"index","follow":"follow","max-snippet":"max-snippet:-1","max-image-preview":"max-image-preview:large","max-video-preview":"max-video-preview:-1"},"canonical":"https:\/\/www.game4fun.eu\/?page_id=2421","og_locale":"cs_CZ","og_type":"article","og_title":"Pravidla hry OpenTTD | Game4Fun.eu - Hern\u00ed sv\u011bt","og_description":"Hraj poctiv\u011b, bez cheat\u016f, hack\u016f nebo modifikac\u00ed, kter\u00e9 d\u00e1vaj\u00ed nespravedlivou v\u00fdhodu Respektuj ostatn\u00ed hr\u00e1\u010de, \u017e\u00e1dn\u00e9 ur\u00e1\u017eky, nad\u00e1vky, rasismus, \u0161ikana nebo trolling Pou\u017e\u00edvej vhodn\u00fd nick, nevyd\u00e1vej se za administr\u00e1tora Nezaspamuj chat, \u017e\u00e1dn\u00fd nadm\u011brn\u00fd text nebo zvukov\u00fd spam Respektuj rozhodnut\u00ed administr\u00e1tor\u016f, jejich rozhodnut\u00ed je kone\u010dn\u00e9 Nep\u0159ek\u00e1\u017eej ostatn\u00edm ve stavb\u011b a pl\u00e1nov\u00e1n\u00ed dopravy Sleduj pravidla serveru ohledn\u011b financ\u00ed, &hellip;Pokra\u010dovat ve\u00a0\u010dten\u00ed Pravidla hry OpenTTD","og_url":"https:\/\/www.game4fun.eu\/?page_id=2421","og_site_name":"Game4Fun.eu - Hern\u00ed sv\u011bt","twitter_card":"summary_large_image","schema":{"@context":"https:\/\/schema.org","@graph":[{"@type":"WebPage","@id":"https:\/\/www.game4fun.eu\/?page_id=2421","url":"https:\/\/www.game4fun.eu\/?page_id=2421","name":"Pravidla hry OpenTTD | Game4Fun.eu - Hern\u00ed sv\u011bt","isPartOf":{"@id":"https:\/\/www.game4fun.eu\/#website"},"datePublished":"2025-10-24T15:26:06+00:00","breadcrumb":{"@id":"https:\/\/www.game4fun.eu\/?page_id=2421#breadcrumb"},"inLanguage":"cs","potentialAction":[{"@type":"ReadAction","target":["https:\/\/www.game4fun.eu\/?page_id=2421"]}]},{"@type":"BreadcrumbList","@id":"https:\/\/www.game4fun.eu\/?page_id=2421#breadcrumb","itemListElement":[{"@type":"ListItem","position":1,"name":"Dom\u016f","item":"https:\/\/www.game4fun.eu\/"},{"@type":"ListItem","position":2,"name":"Pravidla hry OpenTTD"}]},{"@type":"WebSite","@id":"https:\/\/www.game4fun.eu\/#website","url":"https:\/\/www.game4fun.eu\/","name":"Game4Fun.eu | \u010cesk\u00fd hern\u00ed port\u00e1l","description":"\u010cesk\u00fd hern\u00ed port\u00e1l se servery San Andreas Multiplayer (SAMP), Call of Duty, SCUM, OpenTTD. P\u0159ij\u010fte si zahr\u00e1t!","publisher":{"@id":"https:\/\/www.game4fun.eu\/#organization"},"potentialAction":[{"@type":"SearchAction","target":{"@type":"EntryPoint","urlTemplate":"https:\/\/www.game4fun.eu\/?s={search_term_string}"},"query-input":{"@type":"PropertyValueSpecification","valueRequired":true,"valueName":"search_term_string"}}],"inLanguage":"cs"},{"@type":"Organization","@id":"https:\/\/www.game4fun.eu\/#organization","name":"Game4Fun.eu | \u010cesk\u00fd hern\u00ed port\u00e1l","url":"https:\/\/www.game4fun.eu\/","logo":{"@type":"ImageObject","inLanguage":"cs","@id":"https:\/\/www.game4fun.eu\/#\/schema\/logo\/image\/","url":"https:\/\/www.game4fun.eu\/wp-content\/uploads\/2025\/10\/Game4funlogo.png","contentUrl":"https:\/\/www.game4fun.eu\/wp-content\/uploads\/2025\/10\/Game4funlogo.png","width":210,"height":94,"caption":"Game4Fun.eu | \u010cesk\u00fd hern\u00ed port\u00e1l"},"image":{"@id":"https:\/\/www.game4fun.eu\/#\/schema\/logo\/image\/"}}]}},"_links":{"self":[{"href":"https:\/\/www.game4fun.eu\/index.php?rest_route=\/wp\/v2\/pages\/2421","targetHints":{"allow":["GET"]}}],"collection":[{"href":"https:\/\/www.game4fun.eu\/index.php?rest_route=\/wp\/v2\/pages"}],"about":[{"href":"https:\/\/www.game4fun.eu\/index.php?rest_route=\/wp\/v2\/types\/page"}],"author":[{"embeddable":true,"href":"https:\/\/www.game4fun.eu\/index.php?rest_route=\/wp\/v2\/users\/19"}],"replies":[{"embeddable":true,"href":"https:\/\/www.game4fun.eu\/index.php?rest_route=%2Fwp%2Fv2%2Fcomments&post=2421"}],"version-history":[{"count":1,"href":"https:\/\/www.game4fun.eu\/index.php?rest_route=\/wp\/v2\/pages\/2421\/revisions"}],"predecessor-version":[{"id":2422,"href":"https:\/\/www.game4fun.eu\/index.php?rest_route=\/wp\/v2\/pages\/2421\/revisions\/2422"}],"wp:attachment":[{"href":"https:\/\/www.game4fun.eu\/index.php?rest_route=%2Fwp%2Fv2%2Fmedia&parent=2421"}],"curies":[{"name":"wp","href":"https:\/\/api.w.org\/{rel}","templated":true}]}}