{"id":2677,"date":"2025-11-26T15:46:04","date_gmt":"2025-11-26T15:46:04","guid":{"rendered":"https:\/\/www.game4fun.eu\/?page_id=2677"},"modified":"2026-01-25T19:28:55","modified_gmt":"2026-01-25T19:28:55","slug":"scum-server","status":"publish","type":"page","link":"https:\/\/www.game4fun.eu\/?page_id=2677","title":{"rendered":"SCUM"},"content":{"rendered":"<h1 style=\"text-align: center;\">SCUM CZ\/SK PVE server<\/h1>\n<div class=\"info-highlight\" style=\"background-color: #e7f5ff; border-left: 5px solid #007bff; padding: 20px; margin: 30px 0; font-size: 1.1em; color: #004085;\">\n<p style=\"margin: 0;\"><strong>Ovl\u00e1dni ostrov na \u010desk\u00e9m SCUM PVE serveru! Bojuj proti zomb\u00edk\u016fm, prozkoum\u00e1vej bunkry a buduj ob\u0159\u00ed z\u00e1kladnu bez strachu z ostatn\u00edch hr\u00e1\u010d\u016f. \u010cek\u00e1 t\u011b f\u00e9rov\u00fd survival.<\/strong><\/p>\n<\/div>\n<div style=\"display: flex; justify-content: center; margin: 20px 0;\"><iframe style=\"border: 0;\" src=\"https:\/\/cdn.battlemetrics.com\/b\/horizontal500x80px\/36605450.html?foreground=%2300a9ff&amp;background=%23000000&amp;lines=%23ff0000&amp;linkColor=%2300a9ff&amp;chartColor=%23ff0000\" name=\"wylvt\" frameborder=\"0\"><br \/>\n<\/iframe><\/div>\n<p><script type=\"application\/javascript\">\nwindow.addEventListener('message', function(e){\n    if(e.data.uid && e.data.type === 'sizeUpdate'){\n        var i = document.querySelector('iframe[name=\"'+e.data.uid+'\"]');\n        i.style.width = e.data.payload.width;\n        i.style.height = e.data.payload.height;\n    }\n});\n<\/script><\/p>\n<p><img loading=\"lazy\" decoding=\"async\" class=\"alignnone size-full wp-image-1137\" src=\"https:\/\/www.game4fun.eu\/wp-content\/uploads\/2024\/05\/SCUM-1024x537-1.jpg\" alt=\"\" width=\"1024\" height=\"537\" srcset=\"https:\/\/www.game4fun.eu\/wp-content\/uploads\/2024\/05\/SCUM-1024x537-1.jpg 1024w, https:\/\/www.game4fun.eu\/wp-content\/uploads\/2024\/05\/SCUM-1024x537-1-300x157.jpg 300w, https:\/\/www.game4fun.eu\/wp-content\/uploads\/2024\/05\/SCUM-1024x537-1-768x403.jpg 768w\" sizes=\"auto, (max-width: 1024px) 100vw, 1024px\" \/><br \/>\n<iframe loading=\"lazy\" src=\"https:\/\/store.steampowered.com\/widget\/513710\/\" width=\"646\" height=\"190\" frameborder=\"0\"><\/iframe><\/p>\n","protected":false},"excerpt":{"rendered":"<p>SCUM CZ\/SK PVE server Ovl\u00e1dni ostrov na \u010desk\u00e9m SCUM PVE serveru! Bojuj proti zomb\u00edk\u016fm, prozkoum\u00e1vej bunkry a buduj ob\u0159\u00ed z\u00e1kladnu bez strachu z ostatn\u00edch hr\u00e1\u010d\u016f. \u010cek\u00e1 t\u011b f\u00e9rov\u00fd survival.<\/p>\n","protected":false},"author":19,"featured_media":0,"parent":0,"menu_order":0,"comment_status":"closed","ping_status":"closed","template":"","meta":{"footnotes":""},"class_list":["post-2677","page","type-page","status-publish","hentry"],"yoast_head":"<!-- This site is optimized with the Yoast SEO plugin v27.3 - https:\/\/yoast.com\/product\/yoast-seo-wordpress\/ -->\n<title>SCUM CZ\/SK server | Game4Fun.eu - Hern\u00ed sv\u011bt<\/title>\n<meta name=\"description\" content=\"Hled\u00e1\u0161 klid na stav\u011bn\u00ed a craft\u011bn\u00ed? Na na\u0161em serveru je pohodov\u00e1 komunita, \u017e\u00e1dn\u00e9 raidov\u00e1n\u00ed a pomoc za\u010d\u00e1te\u010dn\u00edk\u016fm. U\u017eij si survival bez stresu!\" \/>\n<meta name=\"robots\" content=\"index, follow, max-snippet:-1, max-image-preview:large, max-video-preview:-1\" \/>\n<link rel=\"canonical\" href=\"https:\/\/www.game4fun.eu\/?page_id=2677\" \/>\n<meta property=\"og:locale\" content=\"cs_CZ\" \/>\n<meta property=\"og:type\" content=\"article\" \/>\n<meta property=\"og:title\" content=\"SCUM CZ\/SK server | Game4Fun.eu - Hern\u00ed sv\u011bt\" \/>\n<meta property=\"og:description\" content=\"Hled\u00e1\u0161 klid na stav\u011bn\u00ed a craft\u011bn\u00ed? Na na\u0161em serveru je pohodov\u00e1 komunita, \u017e\u00e1dn\u00e9 raidov\u00e1n\u00ed a pomoc za\u010d\u00e1te\u010dn\u00edk\u016fm. U\u017eij si survival bez stresu!\" \/>\n<meta property=\"og:url\" content=\"https:\/\/www.game4fun.eu\/?page_id=2677\" \/>\n<meta property=\"og:site_name\" content=\"Game4Fun.eu - Hern\u00ed sv\u011bt\" \/>\n<meta property=\"article:modified_time\" content=\"2026-01-25T19:28:55+00:00\" \/>\n<meta property=\"og:image\" content=\"https:\/\/www.game4fun.eu\/wp-content\/uploads\/2024\/05\/SCUM-1024x537-1.jpg\" \/>\n\t<meta property=\"og:image:width\" content=\"1024\" \/>\n\t<meta property=\"og:image:height\" content=\"537\" \/>\n\t<meta property=\"og:image:type\" content=\"image\/jpeg\" \/>\n<meta name=\"twitter:card\" content=\"summary_large_image\" \/>\n<meta name=\"twitter:label1\" content=\"Odhadovan\u00e1 doba \u010dten\u00ed\" \/>\n\t<meta name=\"twitter:data1\" content=\"1 minuta\" \/>\n<script type=\"application\/ld+json\" class=\"yoast-schema-graph\">{\"@context\":\"https:\\\/\\\/schema.org\",\"@graph\":[{\"@type\":\"WebPage\",\"@id\":\"https:\\\/\\\/www.game4fun.eu\\\/?page_id=2677\",\"url\":\"https:\\\/\\\/www.game4fun.eu\\\/?page_id=2677\",\"name\":\"SCUM CZ\\\/SK server | Game4Fun.eu - Hern\u00ed sv\u011bt\",\"isPartOf\":{\"@id\":\"https:\\\/\\\/www.game4fun.eu\\\/#website\"},\"primaryImageOfPage\":{\"@id\":\"https:\\\/\\\/www.game4fun.eu\\\/?page_id=2677#primaryimage\"},\"image\":{\"@id\":\"https:\\\/\\\/www.game4fun.eu\\\/?page_id=2677#primaryimage\"},\"thumbnailUrl\":\"https:\\\/\\\/www.game4fun.eu\\\/wp-content\\\/uploads\\\/2024\\\/05\\\/SCUM-1024x537-1.jpg\",\"datePublished\":\"2025-11-26T15:46:04+00:00\",\"dateModified\":\"2026-01-25T19:28:55+00:00\",\"description\":\"Hled\u00e1\u0161 klid na stav\u011bn\u00ed a craft\u011bn\u00ed? Na na\u0161em serveru je pohodov\u00e1 komunita, \u017e\u00e1dn\u00e9 raidov\u00e1n\u00ed a pomoc za\u010d\u00e1te\u010dn\u00edk\u016fm. U\u017eij si survival bez stresu!\",\"breadcrumb\":{\"@id\":\"https:\\\/\\\/www.game4fun.eu\\\/?page_id=2677#breadcrumb\"},\"inLanguage\":\"cs\",\"potentialAction\":[{\"@type\":\"ReadAction\",\"target\":[\"https:\\\/\\\/www.game4fun.eu\\\/?page_id=2677\"]}]},{\"@type\":\"ImageObject\",\"inLanguage\":\"cs\",\"@id\":\"https:\\\/\\\/www.game4fun.eu\\\/?page_id=2677#primaryimage\",\"url\":\"https:\\\/\\\/www.game4fun.eu\\\/wp-content\\\/uploads\\\/2024\\\/05\\\/SCUM-1024x537-1.jpg\",\"contentUrl\":\"https:\\\/\\\/www.game4fun.eu\\\/wp-content\\\/uploads\\\/2024\\\/05\\\/SCUM-1024x537-1.jpg\",\"width\":1024,\"height\":537},{\"@type\":\"BreadcrumbList\",\"@id\":\"https:\\\/\\\/www.game4fun.eu\\\/?page_id=2677#breadcrumb\",\"itemListElement\":[{\"@type\":\"ListItem\",\"position\":1,\"name\":\"Dom\u016f\",\"item\":\"https:\\\/\\\/www.game4fun.eu\\\/\"},{\"@type\":\"ListItem\",\"position\":2,\"name\":\"SCUM\"}]},{\"@type\":\"WebSite\",\"@id\":\"https:\\\/\\\/www.game4fun.eu\\\/#website\",\"url\":\"https:\\\/\\\/www.game4fun.eu\\\/\",\"name\":\"Game4Fun.eu | \u010cesk\u00fd hern\u00ed port\u00e1l\",\"description\":\"\u010cesk\u00fd hern\u00ed port\u00e1l se servery San Andreas Multiplayer (SAMP), Call of Duty, SCUM, OpenTTD. P\u0159ij\u010fte si zahr\u00e1t!\",\"publisher\":{\"@id\":\"https:\\\/\\\/www.game4fun.eu\\\/#organization\"},\"potentialAction\":[{\"@type\":\"SearchAction\",\"target\":{\"@type\":\"EntryPoint\",\"urlTemplate\":\"https:\\\/\\\/www.game4fun.eu\\\/?s={search_term_string}\"},\"query-input\":{\"@type\":\"PropertyValueSpecification\",\"valueRequired\":true,\"valueName\":\"search_term_string\"}}],\"inLanguage\":\"cs\"},{\"@type\":\"Organization\",\"@id\":\"https:\\\/\\\/www.game4fun.eu\\\/#organization\",\"name\":\"Game4Fun.eu | \u010cesk\u00fd hern\u00ed port\u00e1l\",\"url\":\"https:\\\/\\\/www.game4fun.eu\\\/\",\"logo\":{\"@type\":\"ImageObject\",\"inLanguage\":\"cs\",\"@id\":\"https:\\\/\\\/www.game4fun.eu\\\/#\\\/schema\\\/logo\\\/image\\\/\",\"url\":\"https:\\\/\\\/www.game4fun.eu\\\/wp-content\\\/uploads\\\/2025\\\/10\\\/Game4funlogo.png\",\"contentUrl\":\"https:\\\/\\\/www.game4fun.eu\\\/wp-content\\\/uploads\\\/2025\\\/10\\\/Game4funlogo.png\",\"width\":210,\"height\":94,\"caption\":\"Game4Fun.eu | \u010cesk\u00fd hern\u00ed port\u00e1l\"},\"image\":{\"@id\":\"https:\\\/\\\/www.game4fun.eu\\\/#\\\/schema\\\/logo\\\/image\\\/\"}}]}<\/script>\n<!-- \/ Yoast SEO plugin. -->","yoast_head_json":{"title":"SCUM CZ\/SK server | Game4Fun.eu - Hern\u00ed sv\u011bt","description":"Hled\u00e1\u0161 klid na stav\u011bn\u00ed a craft\u011bn\u00ed? Na na\u0161em serveru je pohodov\u00e1 komunita, \u017e\u00e1dn\u00e9 raidov\u00e1n\u00ed a pomoc za\u010d\u00e1te\u010dn\u00edk\u016fm. U\u017eij si survival bez stresu!","robots":{"index":"index","follow":"follow","max-snippet":"max-snippet:-1","max-image-preview":"max-image-preview:large","max-video-preview":"max-video-preview:-1"},"canonical":"https:\/\/www.game4fun.eu\/?page_id=2677","og_locale":"cs_CZ","og_type":"article","og_title":"SCUM CZ\/SK server | Game4Fun.eu - Hern\u00ed sv\u011bt","og_description":"Hled\u00e1\u0161 klid na stav\u011bn\u00ed a craft\u011bn\u00ed? Na na\u0161em serveru je pohodov\u00e1 komunita, \u017e\u00e1dn\u00e9 raidov\u00e1n\u00ed a pomoc za\u010d\u00e1te\u010dn\u00edk\u016fm. U\u017eij si survival bez stresu!","og_url":"https:\/\/www.game4fun.eu\/?page_id=2677","og_site_name":"Game4Fun.eu - Hern\u00ed sv\u011bt","article_modified_time":"2026-01-25T19:28:55+00:00","og_image":[{"width":1024,"height":537,"url":"https:\/\/www.game4fun.eu\/wp-content\/uploads\/2024\/05\/SCUM-1024x537-1.jpg","type":"image\/jpeg"}],"twitter_card":"summary_large_image","twitter_misc":{"Odhadovan\u00e1 doba \u010dten\u00ed":"1 minuta"},"schema":{"@context":"https:\/\/schema.org","@graph":[{"@type":"WebPage","@id":"https:\/\/www.game4fun.eu\/?page_id=2677","url":"https:\/\/www.game4fun.eu\/?page_id=2677","name":"SCUM CZ\/SK server | Game4Fun.eu - Hern\u00ed sv\u011bt","isPartOf":{"@id":"https:\/\/www.game4fun.eu\/#website"},"primaryImageOfPage":{"@id":"https:\/\/www.game4fun.eu\/?page_id=2677#primaryimage"},"image":{"@id":"https:\/\/www.game4fun.eu\/?page_id=2677#primaryimage"},"thumbnailUrl":"https:\/\/www.game4fun.eu\/wp-content\/uploads\/2024\/05\/SCUM-1024x537-1.jpg","datePublished":"2025-11-26T15:46:04+00:00","dateModified":"2026-01-25T19:28:55+00:00","description":"Hled\u00e1\u0161 klid na stav\u011bn\u00ed a craft\u011bn\u00ed? Na na\u0161em serveru je pohodov\u00e1 komunita, \u017e\u00e1dn\u00e9 raidov\u00e1n\u00ed a pomoc za\u010d\u00e1te\u010dn\u00edk\u016fm. U\u017eij si survival bez stresu!","breadcrumb":{"@id":"https:\/\/www.game4fun.eu\/?page_id=2677#breadcrumb"},"inLanguage":"cs","potentialAction":[{"@type":"ReadAction","target":["https:\/\/www.game4fun.eu\/?page_id=2677"]}]},{"@type":"ImageObject","inLanguage":"cs","@id":"https:\/\/www.game4fun.eu\/?page_id=2677#primaryimage","url":"https:\/\/www.game4fun.eu\/wp-content\/uploads\/2024\/05\/SCUM-1024x537-1.jpg","contentUrl":"https:\/\/www.game4fun.eu\/wp-content\/uploads\/2024\/05\/SCUM-1024x537-1.jpg","width":1024,"height":537},{"@type":"BreadcrumbList","@id":"https:\/\/www.game4fun.eu\/?page_id=2677#breadcrumb","itemListElement":[{"@type":"ListItem","position":1,"name":"Dom\u016f","item":"https:\/\/www.game4fun.eu\/"},{"@type":"ListItem","position":2,"name":"SCUM"}]},{"@type":"WebSite","@id":"https:\/\/www.game4fun.eu\/#website","url":"https:\/\/www.game4fun.eu\/","name":"Game4Fun.eu | \u010cesk\u00fd hern\u00ed port\u00e1l","description":"\u010cesk\u00fd hern\u00ed port\u00e1l se servery San Andreas Multiplayer (SAMP), Call of Duty, SCUM, OpenTTD. P\u0159ij\u010fte si zahr\u00e1t!","publisher":{"@id":"https:\/\/www.game4fun.eu\/#organization"},"potentialAction":[{"@type":"SearchAction","target":{"@type":"EntryPoint","urlTemplate":"https:\/\/www.game4fun.eu\/?s={search_term_string}"},"query-input":{"@type":"PropertyValueSpecification","valueRequired":true,"valueName":"search_term_string"}}],"inLanguage":"cs"},{"@type":"Organization","@id":"https:\/\/www.game4fun.eu\/#organization","name":"Game4Fun.eu | \u010cesk\u00fd hern\u00ed port\u00e1l","url":"https:\/\/www.game4fun.eu\/","logo":{"@type":"ImageObject","inLanguage":"cs","@id":"https:\/\/www.game4fun.eu\/#\/schema\/logo\/image\/","url":"https:\/\/www.game4fun.eu\/wp-content\/uploads\/2025\/10\/Game4funlogo.png","contentUrl":"https:\/\/www.game4fun.eu\/wp-content\/uploads\/2025\/10\/Game4funlogo.png","width":210,"height":94,"caption":"Game4Fun.eu | \u010cesk\u00fd hern\u00ed port\u00e1l"},"image":{"@id":"https:\/\/www.game4fun.eu\/#\/schema\/logo\/image\/"}}]}},"_links":{"self":[{"href":"https:\/\/www.game4fun.eu\/index.php?rest_route=\/wp\/v2\/pages\/2677","targetHints":{"allow":["GET"]}}],"collection":[{"href":"https:\/\/www.game4fun.eu\/index.php?rest_route=\/wp\/v2\/pages"}],"about":[{"href":"https:\/\/www.game4fun.eu\/index.php?rest_route=\/wp\/v2\/types\/page"}],"author":[{"embeddable":true,"href":"https:\/\/www.game4fun.eu\/index.php?rest_route=\/wp\/v2\/users\/19"}],"replies":[{"embeddable":true,"href":"https:\/\/www.game4fun.eu\/index.php?rest_route=%2Fwp%2Fv2%2Fcomments&post=2677"}],"version-history":[{"count":9,"href":"https:\/\/www.game4fun.eu\/index.php?rest_route=\/wp\/v2\/pages\/2677\/revisions"}],"predecessor-version":[{"id":2928,"href":"https:\/\/www.game4fun.eu\/index.php?rest_route=\/wp\/v2\/pages\/2677\/revisions\/2928"}],"wp:attachment":[{"href":"https:\/\/www.game4fun.eu\/index.php?rest_route=%2Fwp%2Fv2%2Fmedia&parent=2677"}],"curies":[{"name":"wp","href":"https:\/\/api.w.org\/{rel}","templated":true}]}}