{"id":2685,"date":"2025-11-26T16:06:45","date_gmt":"2025-11-26T16:06:45","guid":{"rendered":"https:\/\/www.game4fun.eu\/?page_id=2685"},"modified":"2025-12-20T11:17:19","modified_gmt":"2025-12-20T11:17:19","slug":"pravidla-hry-scum","status":"publish","type":"page","link":"https:\/\/www.game4fun.eu\/?page_id=2685","title":{"rendered":"Pravidla hry SCUM"},"content":{"rendered":"<p data-start=\"169\" data-end=\"219\"><strong data-start=\"169\" data-end=\"217\">Pravidla serveru Game4Fun.eu SCUM PVE Server<\/strong><\/p>\n<p><strong>Upozorn\u011bn\u00ed:<\/strong><\/p>\n<p>L\u00e9t\u00e1n\u00ed letadlem na sv\u00e9 vlastn\u00ed riziko. Administr\u00e1tor nenese \u017e\u00e1dnou zodpov\u011bdnost a nebude nijak kompenzovat ztr\u00e1tu.<br \/>\n(Hra je po\u0159\u00e1d ve v\u00fdvoji a kdykoliv m\u016f\u017ee hodit chybu, kterou nijak neovlivn\u00edme)<\/p>\n<p data-start=\"221\" data-end=\"432\"><strong data-start=\"221\" data-end=\"237\">1 Hern\u00ed styl<\/strong><br data-start=\"237\" data-end=\"240\" \/>1.1 Tento server je PVE (Player vs Environment)<br data-start=\"285\" data-end=\"288\" \/>1.2 \u00datoky na jin\u00e9 hr\u00e1\u010de nejsou povoleny s v\u00fdjimkou PVP mini outpostu<br data-start=\"327\" data-end=\"330\" \/>1.3 Mechanick\u00e9 zbran\u011b a destrukce hr\u00e1\u010dsk\u00fdch z\u00e1kladen nejsou povoleny<br data-start=\"398\" data-end=\"401\" \/>1.4 Respektujte ostatn\u00ed hr\u00e1\u010de<\/p>\n<p data-start=\"434\" data-end=\"602\"><strong data-start=\"434\" data-end=\"453\">2 Chov\u00e1n\u00ed hr\u00e1\u010d\u016f<\/strong><br data-start=\"453\" data-end=\"456\" \/>2.1 Bu\u010fte slu\u0161n\u00ed a respektujte ostatn\u00ed hr\u00e1\u010de<br data-start=\"500\" data-end=\"503\" \/>2.2 Rasismus ur\u00e1\u017eky a trolling jsou zak\u00e1z\u00e1ny<br data-start=\"547\" data-end=\"550\" \/>2.3 Nen\u00ed dovoleno vyu\u017e\u00edvat chyby hry k zisku v\u00fdhod<\/p>\n<p data-start=\"604\" data-end=\"824\"><strong data-start=\"604\" data-end=\"627\">3 Nov\u00e1\u010dci a ochrana<\/strong><br data-start=\"627\" data-end=\"630\" \/>3.1 Nov\u00ed hr\u00e1\u010di maj\u00ed ochranu po dobu 2 hodin od prvn\u00edho p\u0159ipojen\u00ed<br data-start=\"694\" data-end=\"697\" \/>3.1.2 B\u011bhem t\u00e9to doby nemohou b\u00fdt napadeni turrety ani NPC<br data-start=\"753\" data-end=\"756\" \/>3.2 Ochrana slou\u017e\u00ed k bezpe\u010dn\u00e9mu sezn\u00e1men\u00ed s hrou a stavb\u011b z\u00e1kladny<\/p>\n<p data-start=\"826\" data-end=\"1185\"><strong data-start=\"826\" data-end=\"850\">4 Z\u00e1klady a budov\u00e1n\u00ed<\/strong><br data-start=\"850\" data-end=\"853\" \/>4.1 Stav\u011bn\u00ed z\u00e1kladen je povoleno<br data-start=\"885\" data-end=\"888\" \/>4.2 Ka\u017ed\u00fd hr\u00e1\u010d m\u016f\u017ee m\u00edt jednu flagu v jedn\u00e9 z\u00f3n\u011b; v jin\u00e9 z\u00f3n\u011b m\u016f\u017ee m\u00edt dal\u0161\u00ed flagu<br data-start=\"1046\" data-end=\"1049\" \/>4.3 Respektujte pravidla pro po\u010det a rozm\u00edst\u011bn\u00ed stavebn\u00edch prvk\u016f ve flag z\u00f3n\u00e1ch<br data-start=\"1128\" data-end=\"1131\" \/>4.4 Nen\u00ed povoleno stav\u011bt v\u00edce flag v jedn\u00e9 flag z\u00f3n\u011b<br \/>\n4.5 Nen\u00ed povoleno stav\u011bt z\u00e1kladny uprost\u0159ed m\u011bst, na leti\u0161t\u00edch, v tunelech a jin\u00fdch ve\u0159ejn\u011b p\u0159\u00edstupn\u00fdch oblastech nebo s vysokou koncentrac\u00ed loot\u016f<\/p>\n<p data-start=\"1187\" data-end=\"1344\"><strong data-start=\"1187\" data-end=\"1210\">5 Chat a komunikace<\/strong><br data-start=\"1210\" data-end=\"1213\" \/>5.1 Server podporuje glob\u00e1ln\u00ed lok\u00e1ln\u00ed a squad chat<br data-start=\"1263\" data-end=\"1266\" \/>5.2 Nespol\u00e9hejte se na spam a reklamu<br data-start=\"1303\" data-end=\"1306\" \/>5.3 Udr\u017eujte chat p\u0159ehledn\u00fd a slu\u0161n\u00fd<\/p>\n<p data-start=\"1346\" data-end=\"1514\"><strong>6 Vozidla<\/strong><br \/>\n6.1 Pou\u017e\u00edvejte vozidla zodpov\u011bdn\u011b<br \/>\n6.2 Vozidla maj\u00ed omezenou dobu nepou\u017e\u00edv\u00e1n\u00ed (720 hodin)<br \/>\n6.3 Vozidla nesm\u00ed b\u00fdt ponech\u00e1na v zak\u00e1zan\u00fdch z\u00f3n\u00e1ch d\u00e9le ne\u017e 2 hodiny<br \/>\n6.4 Limit vozidel na hr\u00e1\u010de:<br \/>\nKa\u017ed\u00fd hr\u00e1\u010d m\u016f\u017ee vlastnit maxim\u00e1ln\u011b:<br \/>\n\u2022 <span class=\"emojiContainer__75abc emojiContainerClickable__75abc\" tabindex=\"0\" role=\"button\" aria-expanded=\"false\" aria-describedby=\"\u00abrvh\u00bb\">\ud83d\ude99<\/span><span class=\"emojiContainer__75abc emojiContainerClickable__75abc\" tabindex=\"0\" role=\"button\" aria-expanded=\"false\" aria-describedby=\"\u00abrvi\u00bb\">\ud83d\ude99<\/span> 2 auta<br \/>\n\u2022 <span class=\"emojiContainer__75abc emojiContainerClickable__75abc\" tabindex=\"0\" role=\"button\" aria-expanded=\"false\" aria-describedby=\"\u00abrvj\u00bb\">\ud83c\udfcd\ufe0f<\/span> 1 motorku<br \/>\n\u2022 <span class=\"emojiContainer__75abc emojiContainerClickable__75abc\" tabindex=\"0\" role=\"button\" aria-expanded=\"false\" aria-describedby=\"\u00abrvk\u00bb\">\ud83d\udede<\/span> 1 \u010dty\u0159kolku (ATV)<br \/>\n\u2022 <span class=\"emojiContainer__75abc emojiContainerClickable__75abc\" tabindex=\"0\" role=\"button\" aria-expanded=\"false\" aria-describedby=\"\u00abrvl\u00bb\">\u2708\ufe0f<\/span> 1 letadlo<br \/>\n\u2022 <span class=\"emojiContainer__75abc emojiContainerClickable__75abc\" tabindex=\"0\" role=\"button\" aria-expanded=\"false\" aria-describedby=\"\u00abrvm\u00bb\">\ud83d\udeb2<\/span> 1 kolo<br \/>\n\u2022 <span class=\"emojiContainer__75abc emojiContainerClickable__75abc\" tabindex=\"0\" role=\"button\" aria-expanded=\"false\" aria-describedby=\"\u00abrvn\u00bb\">\ud83d\udea4<\/span> 1 lo\u010f<\/p>\n<p><strong data-start=\"1516\" data-end=\"1537\">7 P\u0159edm\u011bty a loot<\/strong><br data-start=\"1537\" data-end=\"1540\" \/>7.1 Loot a z\u00e1soby jsou nastaveny realisticky<br data-start=\"1584\" data-end=\"1587\" \/>7.2 Respektujte pravidla pro loot a z\u00f3ny s omezen\u00fdm p\u0159\u00edstupem<\/p>\n<p data-start=\"1708\" data-end=\"1926\"><strong data-start=\"1708\" data-end=\"1731\">8 Questy a ud\u00e1losti<\/strong><br data-start=\"1731\" data-end=\"1734\" \/>8.1 Questy a ud\u00e1losti jsou povoleny a jsou hlavn\u00ed sou\u010d\u00e1st\u00ed hern\u00edho z\u00e1\u017eitku<br data-start=\"1808\" data-end=\"1811\" \/>8.2 Max po\u010det quest\u016f na trader a cyklus je omezen<br data-start=\"1860\" data-end=\"1863\" \/>8.3 Sledujte dostupnost quest\u016f na webu (moment\u00e1ln\u011b nedostupn\u00e9) nebo v hern\u00edm rozhran\u00ed<\/p>\n<p data-start=\"1928\" data-end=\"2140\"><strong data-start=\"1928\" data-end=\"1952\">9 Sledov\u00e1n\u00ed a tresty<\/strong><br data-start=\"1952\" data-end=\"1955\" \/>9.1 Administr\u00e1to\u0159i sleduj\u00ed poru\u0161en\u00ed pravidel<br data-start=\"1999\" data-end=\"2002\" \/>9.2 Poru\u0161en\u00ed pravidel m\u016f\u017ee v\u00e9st k varov\u00e1n\u00ed kicku nebo banu<br data-start=\"2060\" data-end=\"2063\" \/>9.3 Dlouhodob\u011b neaktivn\u00ed hr\u00e1\u010di po 180 dnech mohou b\u00fdt odstran\u011bni z datab\u00e1ze<\/p>\n<p data-start=\"2142\" data-end=\"2402\"><strong data-start=\"2142\" data-end=\"2175\">10 Dal\u0161\u00ed pravidla a mechaniky<\/strong><br data-start=\"2175\" data-end=\"2178\" \/>10.1 Zomb\u00edci nemohou otev\u00edrat dve\u0159e ani sk\u00e1kat p\u0159es okno<br data-start=\"2234\" data-end=\"2237\" \/>10.2 Sentry jsou vypnut\u00e9 a ne\u00fato\u010d\u00ed<br data-start=\"2347\" data-end=\"2350\" \/>10.3 Dropship encountery se na serveru nevyskytuj\u00ed s v\u00fdjimkou DROPu. (Tzv: Stra\u0161\u00e1k)<\/p>\n<p data-start=\"2404\" data-end=\"2583\"><strong data-start=\"2404\" data-end=\"2427\">11 D\u00e9lka dne a noci<\/strong><br data-start=\"2427\" data-end=\"2430\" \/>11.1 Den na serveru za\u010d\u00edn\u00e1 v 08 00 a kon\u010d\u00ed v 21 00<br data-start=\"2480\" data-end=\"2483\" \/>11.2 Noc za\u010d\u00edn\u00e1 v 21 00 a kon\u010d\u00ed v 04 00<br data-start=\"2522\" data-end=\"2525\" \/>11.3 Rychlost \u010dasu je 2,0 kr\u00e1t rychlej\u0161\u00ed ne\u017e re\u00e1ln\u00fd \u010das<\/p>\n<h5><span style=\"color: #ff0000;\"><strong>Hlavn\u00ed admin hry m\u00e1 pr\u00e1vo na zm\u011bnu \u010di zn\u011bn\u00ed pravidel.<\/strong><\/span><\/h5>\n","protected":false},"excerpt":{"rendered":"<p>Pravidla serveru Game4Fun.eu SCUM PVE Server Upozorn\u011bn\u00ed: L\u00e9t\u00e1n\u00ed letadlem na sv\u00e9 vlastn\u00ed riziko. Administr\u00e1tor nenese \u017e\u00e1dnou zodpov\u011bdnost a nebude nijak kompenzovat ztr\u00e1tu. (Hra je po\u0159\u00e1d ve v\u00fdvoji a kdykoliv m\u016f\u017ee hodit chybu, kterou nijak neovlivn\u00edme) 1 Hern\u00ed styl1.1 Tento server je PVE (Player vs Environment)1.2 \u00datoky na jin\u00e9 hr\u00e1\u010de nejsou povoleny s v\u00fdjimkou PVP mini &hellip;<br \/><a href=\"https:\/\/www.game4fun.eu\/?page_id=2685\" class=\"more-link pen_button pen_element_default pen_icon_arrow_double\">Pokra\u010dovat ve\u00a0\u010dten\u00ed <span class=\"screen-reader-text\">Pravidla hry SCUM<\/span><\/a><\/p>\n","protected":false},"author":19,"featured_media":0,"parent":0,"menu_order":0,"comment_status":"closed","ping_status":"closed","template":"","meta":{"footnotes":""},"class_list":["post-2685","page","type-page","status-publish","hentry"],"yoast_head":"<!-- This site is optimized with the Yoast SEO plugin v27.3 - https:\/\/yoast.com\/product\/yoast-seo-wordpress\/ -->\n<title>Pravidla hry SCUM | Game4Fun.eu - Hern\u00ed sv\u011bt<\/title>\n<meta name=\"robots\" content=\"index, follow, max-snippet:-1, max-image-preview:large, max-video-preview:-1\" \/>\n<link rel=\"canonical\" href=\"https:\/\/www.game4fun.eu\/?page_id=2685\" \/>\n<meta property=\"og:locale\" content=\"cs_CZ\" \/>\n<meta property=\"og:type\" content=\"article\" \/>\n<meta property=\"og:title\" content=\"Pravidla hry SCUM | Game4Fun.eu - Hern\u00ed sv\u011bt\" \/>\n<meta property=\"og:description\" content=\"Pravidla serveru Game4Fun.eu SCUM PVE Server Upozorn\u011bn\u00ed: L\u00e9t\u00e1n\u00ed letadlem na sv\u00e9 vlastn\u00ed riziko. Administr\u00e1tor nenese \u017e\u00e1dnou zodpov\u011bdnost a nebude nijak kompenzovat ztr\u00e1tu. (Hra je po\u0159\u00e1d ve v\u00fdvoji a kdykoliv m\u016f\u017ee hodit chybu, kterou nijak neovlivn\u00edme) 1 Hern\u00ed styl1.1 Tento server je PVE (Player vs Environment)1.2 \u00datoky na jin\u00e9 hr\u00e1\u010de nejsou povoleny s v\u00fdjimkou PVP mini &hellip;Pokra\u010dovat ve\u00a0\u010dten\u00ed Pravidla hry SCUM\" \/>\n<meta property=\"og:url\" content=\"https:\/\/www.game4fun.eu\/?page_id=2685\" \/>\n<meta property=\"og:site_name\" content=\"Game4Fun.eu - Hern\u00ed sv\u011bt\" \/>\n<meta property=\"article:modified_time\" content=\"2025-12-20T11:17:19+00:00\" \/>\n<meta name=\"twitter:card\" content=\"summary_large_image\" \/>\n<meta name=\"twitter:label1\" content=\"Odhadovan\u00e1 doba \u010dten\u00ed\" \/>\n\t<meta name=\"twitter:data1\" content=\"3 minuty\" \/>\n<script type=\"application\/ld+json\" class=\"yoast-schema-graph\">{\"@context\":\"https:\\\/\\\/schema.org\",\"@graph\":[{\"@type\":\"WebPage\",\"@id\":\"https:\\\/\\\/www.game4fun.eu\\\/?page_id=2685\",\"url\":\"https:\\\/\\\/www.game4fun.eu\\\/?page_id=2685\",\"name\":\"Pravidla hry SCUM | Game4Fun.eu - Hern\u00ed sv\u011bt\",\"isPartOf\":{\"@id\":\"https:\\\/\\\/www.game4fun.eu\\\/#website\"},\"datePublished\":\"2025-11-26T16:06:45+00:00\",\"dateModified\":\"2025-12-20T11:17:19+00:00\",\"breadcrumb\":{\"@id\":\"https:\\\/\\\/www.game4fun.eu\\\/?page_id=2685#breadcrumb\"},\"inLanguage\":\"cs\",\"potentialAction\":[{\"@type\":\"ReadAction\",\"target\":[\"https:\\\/\\\/www.game4fun.eu\\\/?page_id=2685\"]}]},{\"@type\":\"BreadcrumbList\",\"@id\":\"https:\\\/\\\/www.game4fun.eu\\\/?page_id=2685#breadcrumb\",\"itemListElement\":[{\"@type\":\"ListItem\",\"position\":1,\"name\":\"Dom\u016f\",\"item\":\"https:\\\/\\\/www.game4fun.eu\\\/\"},{\"@type\":\"ListItem\",\"position\":2,\"name\":\"Pravidla hry SCUM\"}]},{\"@type\":\"WebSite\",\"@id\":\"https:\\\/\\\/www.game4fun.eu\\\/#website\",\"url\":\"https:\\\/\\\/www.game4fun.eu\\\/\",\"name\":\"Game4Fun.eu | \u010cesk\u00fd hern\u00ed port\u00e1l\",\"description\":\"\u010cesk\u00fd hern\u00ed port\u00e1l se servery San Andreas Multiplayer (SAMP), Call of Duty, SCUM, OpenTTD. P\u0159ij\u010fte si zahr\u00e1t!\",\"publisher\":{\"@id\":\"https:\\\/\\\/www.game4fun.eu\\\/#organization\"},\"potentialAction\":[{\"@type\":\"SearchAction\",\"target\":{\"@type\":\"EntryPoint\",\"urlTemplate\":\"https:\\\/\\\/www.game4fun.eu\\\/?s={search_term_string}\"},\"query-input\":{\"@type\":\"PropertyValueSpecification\",\"valueRequired\":true,\"valueName\":\"search_term_string\"}}],\"inLanguage\":\"cs\"},{\"@type\":\"Organization\",\"@id\":\"https:\\\/\\\/www.game4fun.eu\\\/#organization\",\"name\":\"Game4Fun.eu | \u010cesk\u00fd hern\u00ed port\u00e1l\",\"url\":\"https:\\\/\\\/www.game4fun.eu\\\/\",\"logo\":{\"@type\":\"ImageObject\",\"inLanguage\":\"cs\",\"@id\":\"https:\\\/\\\/www.game4fun.eu\\\/#\\\/schema\\\/logo\\\/image\\\/\",\"url\":\"https:\\\/\\\/www.game4fun.eu\\\/wp-content\\\/uploads\\\/2025\\\/10\\\/Game4funlogo.png\",\"contentUrl\":\"https:\\\/\\\/www.game4fun.eu\\\/wp-content\\\/uploads\\\/2025\\\/10\\\/Game4funlogo.png\",\"width\":210,\"height\":94,\"caption\":\"Game4Fun.eu | \u010cesk\u00fd hern\u00ed port\u00e1l\"},\"image\":{\"@id\":\"https:\\\/\\\/www.game4fun.eu\\\/#\\\/schema\\\/logo\\\/image\\\/\"}}]}<\/script>\n<!-- \/ Yoast SEO plugin. -->","yoast_head_json":{"title":"Pravidla hry SCUM | Game4Fun.eu - Hern\u00ed sv\u011bt","robots":{"index":"index","follow":"follow","max-snippet":"max-snippet:-1","max-image-preview":"max-image-preview:large","max-video-preview":"max-video-preview:-1"},"canonical":"https:\/\/www.game4fun.eu\/?page_id=2685","og_locale":"cs_CZ","og_type":"article","og_title":"Pravidla hry SCUM | Game4Fun.eu - Hern\u00ed sv\u011bt","og_description":"Pravidla serveru Game4Fun.eu SCUM PVE Server Upozorn\u011bn\u00ed: L\u00e9t\u00e1n\u00ed letadlem na sv\u00e9 vlastn\u00ed riziko. Administr\u00e1tor nenese \u017e\u00e1dnou zodpov\u011bdnost a nebude nijak kompenzovat ztr\u00e1tu. (Hra je po\u0159\u00e1d ve v\u00fdvoji a kdykoliv m\u016f\u017ee hodit chybu, kterou nijak neovlivn\u00edme) 1 Hern\u00ed styl1.1 Tento server je PVE (Player vs Environment)1.2 \u00datoky na jin\u00e9 hr\u00e1\u010de nejsou povoleny s v\u00fdjimkou PVP mini &hellip;Pokra\u010dovat ve\u00a0\u010dten\u00ed Pravidla hry SCUM","og_url":"https:\/\/www.game4fun.eu\/?page_id=2685","og_site_name":"Game4Fun.eu - Hern\u00ed sv\u011bt","article_modified_time":"2025-12-20T11:17:19+00:00","twitter_card":"summary_large_image","twitter_misc":{"Odhadovan\u00e1 doba \u010dten\u00ed":"3 minuty"},"schema":{"@context":"https:\/\/schema.org","@graph":[{"@type":"WebPage","@id":"https:\/\/www.game4fun.eu\/?page_id=2685","url":"https:\/\/www.game4fun.eu\/?page_id=2685","name":"Pravidla hry SCUM | Game4Fun.eu - Hern\u00ed sv\u011bt","isPartOf":{"@id":"https:\/\/www.game4fun.eu\/#website"},"datePublished":"2025-11-26T16:06:45+00:00","dateModified":"2025-12-20T11:17:19+00:00","breadcrumb":{"@id":"https:\/\/www.game4fun.eu\/?page_id=2685#breadcrumb"},"inLanguage":"cs","potentialAction":[{"@type":"ReadAction","target":["https:\/\/www.game4fun.eu\/?page_id=2685"]}]},{"@type":"BreadcrumbList","@id":"https:\/\/www.game4fun.eu\/?page_id=2685#breadcrumb","itemListElement":[{"@type":"ListItem","position":1,"name":"Dom\u016f","item":"https:\/\/www.game4fun.eu\/"},{"@type":"ListItem","position":2,"name":"Pravidla hry SCUM"}]},{"@type":"WebSite","@id":"https:\/\/www.game4fun.eu\/#website","url":"https:\/\/www.game4fun.eu\/","name":"Game4Fun.eu | \u010cesk\u00fd hern\u00ed port\u00e1l","description":"\u010cesk\u00fd hern\u00ed port\u00e1l se servery San Andreas Multiplayer (SAMP), Call of Duty, SCUM, OpenTTD. P\u0159ij\u010fte si zahr\u00e1t!","publisher":{"@id":"https:\/\/www.game4fun.eu\/#organization"},"potentialAction":[{"@type":"SearchAction","target":{"@type":"EntryPoint","urlTemplate":"https:\/\/www.game4fun.eu\/?s={search_term_string}"},"query-input":{"@type":"PropertyValueSpecification","valueRequired":true,"valueName":"search_term_string"}}],"inLanguage":"cs"},{"@type":"Organization","@id":"https:\/\/www.game4fun.eu\/#organization","name":"Game4Fun.eu | \u010cesk\u00fd hern\u00ed port\u00e1l","url":"https:\/\/www.game4fun.eu\/","logo":{"@type":"ImageObject","inLanguage":"cs","@id":"https:\/\/www.game4fun.eu\/#\/schema\/logo\/image\/","url":"https:\/\/www.game4fun.eu\/wp-content\/uploads\/2025\/10\/Game4funlogo.png","contentUrl":"https:\/\/www.game4fun.eu\/wp-content\/uploads\/2025\/10\/Game4funlogo.png","width":210,"height":94,"caption":"Game4Fun.eu | \u010cesk\u00fd hern\u00ed port\u00e1l"},"image":{"@id":"https:\/\/www.game4fun.eu\/#\/schema\/logo\/image\/"}}]}},"_links":{"self":[{"href":"https:\/\/www.game4fun.eu\/index.php?rest_route=\/wp\/v2\/pages\/2685","targetHints":{"allow":["GET"]}}],"collection":[{"href":"https:\/\/www.game4fun.eu\/index.php?rest_route=\/wp\/v2\/pages"}],"about":[{"href":"https:\/\/www.game4fun.eu\/index.php?rest_route=\/wp\/v2\/types\/page"}],"author":[{"embeddable":true,"href":"https:\/\/www.game4fun.eu\/index.php?rest_route=\/wp\/v2\/users\/19"}],"replies":[{"embeddable":true,"href":"https:\/\/www.game4fun.eu\/index.php?rest_route=%2Fwp%2Fv2%2Fcomments&post=2685"}],"version-history":[{"count":12,"href":"https:\/\/www.game4fun.eu\/index.php?rest_route=\/wp\/v2\/pages\/2685\/revisions"}],"predecessor-version":[{"id":2776,"href":"https:\/\/www.game4fun.eu\/index.php?rest_route=\/wp\/v2\/pages\/2685\/revisions\/2776"}],"wp:attachment":[{"href":"https:\/\/www.game4fun.eu\/index.php?rest_route=%2Fwp%2Fv2%2Fmedia&parent=2685"}],"curies":[{"name":"wp","href":"https:\/\/api.w.org\/{rel}","templated":true}]}}