{"id":2724,"date":"2025-12-09T06:38:06","date_gmt":"2025-12-09T06:38:06","guid":{"rendered":"https:\/\/www.game4fun.eu\/?page_id=2724"},"modified":"2026-01-26T22:03:23","modified_gmt":"2026-01-26T22:03:23","slug":"podpora-serveru","status":"publish","type":"page","link":"https:\/\/www.game4fun.eu\/?page_id=2724","title":{"rendered":"Podpo\u0159it server SCUM"},"content":{"rendered":"<div style=\"font-family: Arial, sans-serif; line-height: 1.6; max-width: 700px; margin: 0 auto; padding: 20px; background-color: #f9f9f9; border-radius: 10px; box-shadow: 0 0 10px rgba(0,0,0,0.1);\">\n<h1 style=\"color: #2c3e50; text-align: center; margin-bottom: 15px;\">Podpora serveru SCUM<\/h1>\n<p style=\"font-size: 1.3em; font-weight: bold; color: #e67e22; text-align: center; margin-bottom: 20px;\">Donate 100 K\u010d<\/p>\n<p>Chcete si zahr\u00e1t v klidu <strong>PVE<\/strong>, m\u00edt trochu pohodln\u011bj\u0161\u00ed start a z\u00e1rove\u0148 podpo\u0159it n\u00e1\u0161 SCUM server? Sta\u010d\u00ed mal\u00fd dar a pom\u016f\u017eete n\u00e1m server udr\u017eet v chodu.<\/p>\n<hr style=\"border: 0; border-top: 2px solid #ddd; margin: 20px 0;\">\n<h2>Co z\u00edsk\u00e1te za podporu<\/h2>\n<ul>\n<li><strong>Auto Laika<\/strong> jako pod\u011bkov\u00e1n\u00ed<\/li>\n<li>Pohodln\u011bj\u0161\u00ed za\u010d\u00e1tek, ale <strong>nen\u00ed to pay to win<\/strong><\/li>\n<li>Mo\u017enost se pod\u00edlet na rozvoji serveru<\/li>\n<\/ul>\n<hr style=\"border: 0; border-top: 2px solid #ddd; margin: 20px 0;\">\n<h2>Jak to funguje<\/h2>\n<p>Po domluv\u011b auto p\u0159ed\u00e1v\u00e1m osobn\u011b jako <strong>admin<\/strong> na serveru. Sta\u010d\u00ed si pro n\u011bj doj\u00edt k moj\u00ed <strong>BASE<\/strong> \ud83d\ude00<\/p>\n<hr style=\"border: 0; border-top: 2px solid #ddd; margin: 20px 0;\">\n<h2>\u010c\u00edslo \u00fa\u010dtu pro darovac\u00ed p\u0159\u00edsp\u011bvek<\/h2>\n<p style=\"font-size: 1.2em; font-weight: bold; color: #27ae60;\">1484563014\/3030<\/p>\n<p><em>Doporu\u010den\u00ed:<\/em> uve\u010fte pozn\u00e1mku pro identifikaci platby, nap\u0159\u00edklad: <strong>scum dar a nick<\/strong><\/p>\n<\/div>\n","protected":false},"excerpt":{"rendered":"<p>Podpora serveru SCUM Donate 100 K\u010d Chcete si zahr\u00e1t v klidu PVE, m\u00edt trochu pohodln\u011bj\u0161\u00ed start a z\u00e1rove\u0148 podpo\u0159it n\u00e1\u0161 SCUM server? Sta\u010d\u00ed mal\u00fd dar a pom\u016f\u017eete n\u00e1m server udr\u017eet v chodu. Co z\u00edsk\u00e1te za podporu Auto Laika jako pod\u011bkov\u00e1n\u00ed Pohodln\u011bj\u0161\u00ed za\u010d\u00e1tek, ale nen\u00ed to pay to win Mo\u017enost se pod\u00edlet na rozvoji serveru Jak &hellip;<br \/><a href=\"https:\/\/www.game4fun.eu\/?page_id=2724\" class=\"more-link pen_button pen_element_default pen_icon_arrow_double\">Pokra\u010dovat ve\u00a0\u010dten\u00ed <span class=\"screen-reader-text\">Podpo\u0159it server SCUM<\/span><\/a><\/p>\n","protected":false},"author":19,"featured_media":0,"parent":2677,"menu_order":2,"comment_status":"closed","ping_status":"closed","template":"","meta":{"footnotes":""},"class_list":["post-2724","page","type-page","status-publish","hentry"],"yoast_head":"<!-- This site is optimized with the Yoast SEO plugin v27.4 - https:\/\/yoast.com\/product\/yoast-seo-wordpress\/ -->\n<title>Podpo\u0159it server SCUM | Game4Fun.eu - Hern\u00ed sv\u011bt<\/title>\n<meta name=\"robots\" content=\"index, follow, max-snippet:-1, max-image-preview:large, max-video-preview:-1\" \/>\n<link rel=\"canonical\" href=\"https:\/\/www.game4fun.eu\/?page_id=2724\" \/>\n<meta property=\"og:locale\" content=\"cs_CZ\" \/>\n<meta property=\"og:type\" content=\"article\" \/>\n<meta property=\"og:title\" content=\"Podpo\u0159it server SCUM | Game4Fun.eu - Hern\u00ed sv\u011bt\" \/>\n<meta property=\"og:description\" content=\"Podpora serveru SCUM Donate 100 K\u010d Chcete si zahr\u00e1t v klidu PVE, m\u00edt trochu pohodln\u011bj\u0161\u00ed start a z\u00e1rove\u0148 podpo\u0159it n\u00e1\u0161 SCUM server? Sta\u010d\u00ed mal\u00fd dar a pom\u016f\u017eete n\u00e1m server udr\u017eet v chodu. Co z\u00edsk\u00e1te za podporu Auto Laika jako pod\u011bkov\u00e1n\u00ed Pohodln\u011bj\u0161\u00ed za\u010d\u00e1tek, ale nen\u00ed to pay to win Mo\u017enost se pod\u00edlet na rozvoji serveru Jak &hellip;Pokra\u010dovat ve\u00a0\u010dten\u00ed Podpo\u0159it server SCUM\" \/>\n<meta property=\"og:url\" content=\"https:\/\/www.game4fun.eu\/?page_id=2724\" \/>\n<meta property=\"og:site_name\" content=\"Game4Fun.eu - Hern\u00ed sv\u011bt\" \/>\n<meta property=\"article:modified_time\" content=\"2026-01-26T22:03:23+00:00\" \/>\n<meta name=\"twitter:card\" content=\"summary_large_image\" \/>\n<meta name=\"twitter:label1\" content=\"Odhadovan\u00e1 doba \u010dten\u00ed\" \/>\n\t<meta name=\"twitter:data1\" content=\"1 minuta\" \/>\n<script type=\"application\/ld+json\" class=\"yoast-schema-graph\">{\"@context\":\"https:\\\/\\\/schema.org\",\"@graph\":[{\"@type\":\"WebPage\",\"@id\":\"https:\\\/\\\/www.game4fun.eu\\\/?page_id=2724\",\"url\":\"https:\\\/\\\/www.game4fun.eu\\\/?page_id=2724\",\"name\":\"Podpo\u0159it server SCUM | Game4Fun.eu - Hern\u00ed sv\u011bt\",\"isPartOf\":{\"@id\":\"https:\\\/\\\/www.game4fun.eu\\\/#website\"},\"datePublished\":\"2025-12-09T06:38:06+00:00\",\"dateModified\":\"2026-01-26T22:03:23+00:00\",\"breadcrumb\":{\"@id\":\"https:\\\/\\\/www.game4fun.eu\\\/?page_id=2724#breadcrumb\"},\"inLanguage\":\"cs\",\"potentialAction\":[{\"@type\":\"ReadAction\",\"target\":[\"https:\\\/\\\/www.game4fun.eu\\\/?page_id=2724\"]}]},{\"@type\":\"BreadcrumbList\",\"@id\":\"https:\\\/\\\/www.game4fun.eu\\\/?page_id=2724#breadcrumb\",\"itemListElement\":[{\"@type\":\"ListItem\",\"position\":1,\"name\":\"Dom\u016f\",\"item\":\"https:\\\/\\\/www.game4fun.eu\\\/\"},{\"@type\":\"ListItem\",\"position\":2,\"name\":\"SCUM\",\"item\":\"https:\\\/\\\/www.game4fun.eu\\\/?page_id=2677\"},{\"@type\":\"ListItem\",\"position\":3,\"name\":\"Podpo\u0159it server SCUM\"}]},{\"@type\":\"WebSite\",\"@id\":\"https:\\\/\\\/www.game4fun.eu\\\/#website\",\"url\":\"https:\\\/\\\/www.game4fun.eu\\\/\",\"name\":\"Game4Fun.eu | \u010cesk\u00fd hern\u00ed port\u00e1l\",\"description\":\"\u010cesk\u00fd hern\u00ed port\u00e1l se servery San Andreas Multiplayer (SAMP), Call of Duty, SCUM, OpenTTD. P\u0159ij\u010fte si zahr\u00e1t!\",\"publisher\":{\"@id\":\"https:\\\/\\\/www.game4fun.eu\\\/#organization\"},\"potentialAction\":[{\"@type\":\"SearchAction\",\"target\":{\"@type\":\"EntryPoint\",\"urlTemplate\":\"https:\\\/\\\/www.game4fun.eu\\\/?s={search_term_string}\"},\"query-input\":{\"@type\":\"PropertyValueSpecification\",\"valueRequired\":true,\"valueName\":\"search_term_string\"}}],\"inLanguage\":\"cs\"},{\"@type\":\"Organization\",\"@id\":\"https:\\\/\\\/www.game4fun.eu\\\/#organization\",\"name\":\"Game4Fun.eu | \u010cesk\u00fd hern\u00ed port\u00e1l\",\"url\":\"https:\\\/\\\/www.game4fun.eu\\\/\",\"logo\":{\"@type\":\"ImageObject\",\"inLanguage\":\"cs\",\"@id\":\"https:\\\/\\\/www.game4fun.eu\\\/#\\\/schema\\\/logo\\\/image\\\/\",\"url\":\"https:\\\/\\\/www.game4fun.eu\\\/wp-content\\\/uploads\\\/2025\\\/10\\\/Game4funlogo.png\",\"contentUrl\":\"https:\\\/\\\/www.game4fun.eu\\\/wp-content\\\/uploads\\\/2025\\\/10\\\/Game4funlogo.png\",\"width\":210,\"height\":94,\"caption\":\"Game4Fun.eu | \u010cesk\u00fd hern\u00ed port\u00e1l\"},\"image\":{\"@id\":\"https:\\\/\\\/www.game4fun.eu\\\/#\\\/schema\\\/logo\\\/image\\\/\"}}]}<\/script>\n<!-- \/ Yoast SEO plugin. -->","yoast_head_json":{"title":"Podpo\u0159it server SCUM | Game4Fun.eu - Hern\u00ed sv\u011bt","robots":{"index":"index","follow":"follow","max-snippet":"max-snippet:-1","max-image-preview":"max-image-preview:large","max-video-preview":"max-video-preview:-1"},"canonical":"https:\/\/www.game4fun.eu\/?page_id=2724","og_locale":"cs_CZ","og_type":"article","og_title":"Podpo\u0159it server SCUM | Game4Fun.eu - Hern\u00ed sv\u011bt","og_description":"Podpora serveru SCUM Donate 100 K\u010d Chcete si zahr\u00e1t v klidu PVE, m\u00edt trochu pohodln\u011bj\u0161\u00ed start a z\u00e1rove\u0148 podpo\u0159it n\u00e1\u0161 SCUM server? Sta\u010d\u00ed mal\u00fd dar a pom\u016f\u017eete n\u00e1m server udr\u017eet v chodu. Co z\u00edsk\u00e1te za podporu Auto Laika jako pod\u011bkov\u00e1n\u00ed Pohodln\u011bj\u0161\u00ed za\u010d\u00e1tek, ale nen\u00ed to pay to win Mo\u017enost se pod\u00edlet na rozvoji serveru Jak &hellip;Pokra\u010dovat ve\u00a0\u010dten\u00ed Podpo\u0159it server SCUM","og_url":"https:\/\/www.game4fun.eu\/?page_id=2724","og_site_name":"Game4Fun.eu - Hern\u00ed sv\u011bt","article_modified_time":"2026-01-26T22:03:23+00:00","twitter_card":"summary_large_image","twitter_misc":{"Odhadovan\u00e1 doba \u010dten\u00ed":"1 minuta"},"schema":{"@context":"https:\/\/schema.org","@graph":[{"@type":"WebPage","@id":"https:\/\/www.game4fun.eu\/?page_id=2724","url":"https:\/\/www.game4fun.eu\/?page_id=2724","name":"Podpo\u0159it server SCUM | Game4Fun.eu - Hern\u00ed sv\u011bt","isPartOf":{"@id":"https:\/\/www.game4fun.eu\/#website"},"datePublished":"2025-12-09T06:38:06+00:00","dateModified":"2026-01-26T22:03:23+00:00","breadcrumb":{"@id":"https:\/\/www.game4fun.eu\/?page_id=2724#breadcrumb"},"inLanguage":"cs","potentialAction":[{"@type":"ReadAction","target":["https:\/\/www.game4fun.eu\/?page_id=2724"]}]},{"@type":"BreadcrumbList","@id":"https:\/\/www.game4fun.eu\/?page_id=2724#breadcrumb","itemListElement":[{"@type":"ListItem","position":1,"name":"Dom\u016f","item":"https:\/\/www.game4fun.eu\/"},{"@type":"ListItem","position":2,"name":"SCUM","item":"https:\/\/www.game4fun.eu\/?page_id=2677"},{"@type":"ListItem","position":3,"name":"Podpo\u0159it server SCUM"}]},{"@type":"WebSite","@id":"https:\/\/www.game4fun.eu\/#website","url":"https:\/\/www.game4fun.eu\/","name":"Game4Fun.eu | \u010cesk\u00fd hern\u00ed port\u00e1l","description":"\u010cesk\u00fd hern\u00ed port\u00e1l se servery San Andreas Multiplayer (SAMP), Call of Duty, SCUM, OpenTTD. P\u0159ij\u010fte si zahr\u00e1t!","publisher":{"@id":"https:\/\/www.game4fun.eu\/#organization"},"potentialAction":[{"@type":"SearchAction","target":{"@type":"EntryPoint","urlTemplate":"https:\/\/www.game4fun.eu\/?s={search_term_string}"},"query-input":{"@type":"PropertyValueSpecification","valueRequired":true,"valueName":"search_term_string"}}],"inLanguage":"cs"},{"@type":"Organization","@id":"https:\/\/www.game4fun.eu\/#organization","name":"Game4Fun.eu | \u010cesk\u00fd hern\u00ed port\u00e1l","url":"https:\/\/www.game4fun.eu\/","logo":{"@type":"ImageObject","inLanguage":"cs","@id":"https:\/\/www.game4fun.eu\/#\/schema\/logo\/image\/","url":"https:\/\/www.game4fun.eu\/wp-content\/uploads\/2025\/10\/Game4funlogo.png","contentUrl":"https:\/\/www.game4fun.eu\/wp-content\/uploads\/2025\/10\/Game4funlogo.png","width":210,"height":94,"caption":"Game4Fun.eu | \u010cesk\u00fd hern\u00ed port\u00e1l"},"image":{"@id":"https:\/\/www.game4fun.eu\/#\/schema\/logo\/image\/"}}]}},"_links":{"self":[{"href":"https:\/\/www.game4fun.eu\/index.php?rest_route=\/wp\/v2\/pages\/2724","targetHints":{"allow":["GET"]}}],"collection":[{"href":"https:\/\/www.game4fun.eu\/index.php?rest_route=\/wp\/v2\/pages"}],"about":[{"href":"https:\/\/www.game4fun.eu\/index.php?rest_route=\/wp\/v2\/types\/page"}],"author":[{"embeddable":true,"href":"https:\/\/www.game4fun.eu\/index.php?rest_route=\/wp\/v2\/users\/19"}],"replies":[{"embeddable":true,"href":"https:\/\/www.game4fun.eu\/index.php?rest_route=%2Fwp%2Fv2%2Fcomments&post=2724"}],"version-history":[{"count":6,"href":"https:\/\/www.game4fun.eu\/index.php?rest_route=\/wp\/v2\/pages\/2724\/revisions"}],"predecessor-version":[{"id":2929,"href":"https:\/\/www.game4fun.eu\/index.php?rest_route=\/wp\/v2\/pages\/2724\/revisions\/2929"}],"up":[{"embeddable":true,"href":"https:\/\/www.game4fun.eu\/index.php?rest_route=\/wp\/v2\/pages\/2677"}],"wp:attachment":[{"href":"https:\/\/www.game4fun.eu\/index.php?rest_route=%2Fwp%2Fv2%2Fmedia&parent=2724"}],"curies":[{"name":"wp","href":"https:\/\/api.w.org\/{rel}","templated":true}]}}