{"id":2730,"date":"2025-12-09T14:02:07","date_gmt":"2025-12-09T14:02:07","guid":{"rendered":"https:\/\/www.game4fun.eu\/?page_id=2730"},"modified":"2025-12-09T14:02:07","modified_gmt":"2025-12-09T14:02:07","slug":"podporit-server-g4f","status":"publish","type":"page","link":"https:\/\/www.game4fun.eu\/?page_id=2730","title":{"rendered":"Podpo\u0159it server G4F"},"content":{"rendered":"<div style=\"background:#f4f4f4;padding:20px;border-radius:8px;\">\n<h2 style=\"margin-top:0;\">Dobrovoln\u00fd Donate na hern\u00ed projekt Game4Fun.eu<\/h2>\n<p>\n    Ahoj hr\u00e1\u010di,<br \/>\n    pokud se v\u00e1m u n\u00e1s l\u00edb\u00ed a r\u00e1di na <strong>Game4Fun.eu<\/strong> hrajete, m\u016f\u017eete podpo\u0159it chod cel\u00e9ho projektu dobrovoln\u00fdm donatem.<br \/>\n    Nen\u00ed to povinn\u00e9, je to \u010dist\u011b pro ty, kte\u0159\u00ed cht\u011bj\u00ed pomoct s provozem server\u016f a dal\u0161\u00edm rozvojem.\n  <\/p>\n<p>\n    Ka\u017ed\u00e9ho p\u0159\u00edsp\u011bvku si v\u00e1\u017e\u00edme a pom\u00e1h\u00e1 n\u00e1m udr\u017eet Game4Fun.eu v chodu.\n  <\/p>\n<div style=\"background:white;padding:15px;border-radius:6px;border:1px solid #ddd;margin-top:15px;\">\n<h3 style=\"margin-top:0;\">\u010c\u00edslo \u00fa\u010dtu pro dar<\/h3>\n<p style=\"font-size:18px;font-weight:bold;margin:0;\">\n      2101332791 \/ 2010\n    <\/p>\n<\/p><\/div>\n<p style=\"margin-top:15px;\">\n    D\u00edky v\u0161em, co n\u00e1s podporuj\u00ed.\n  <\/p>\n<\/div>\n","protected":false},"excerpt":{"rendered":"<p>Dobrovoln\u00fd Donate na hern\u00ed projekt Game4Fun.eu Ahoj hr\u00e1\u010di, pokud se v\u00e1m u n\u00e1s l\u00edb\u00ed a r\u00e1di na Game4Fun.eu hrajete, m\u016f\u017eete podpo\u0159it chod cel\u00e9ho projektu dobrovoln\u00fdm donatem. Nen\u00ed to povinn\u00e9, je to \u010dist\u011b pro ty, kte\u0159\u00ed cht\u011bj\u00ed pomoct s provozem server\u016f a dal\u0161\u00edm rozvojem. Ka\u017ed\u00e9ho p\u0159\u00edsp\u011bvku si v\u00e1\u017e\u00edme a pom\u00e1h\u00e1 n\u00e1m udr\u017eet Game4Fun.eu v chodu. \u010c\u00edslo &hellip;<br \/><a href=\"https:\/\/www.game4fun.eu\/?page_id=2730\" class=\"more-link pen_button pen_element_default pen_icon_arrow_double\">Pokra\u010dovat ve\u00a0\u010dten\u00ed <span class=\"screen-reader-text\">Podpo\u0159it server G4F<\/span><\/a><\/p>\n","protected":false},"author":19,"featured_media":0,"parent":0,"menu_order":0,"comment_status":"closed","ping_status":"closed","template":"","meta":{"footnotes":""},"class_list":["post-2730","page","type-page","status-publish","hentry"],"yoast_head":"<!-- This site is optimized with the Yoast SEO plugin v27.4 - https:\/\/yoast.com\/product\/yoast-seo-wordpress\/ -->\n<title>Podpo\u0159it server G4F | Game4Fun.eu - Hern\u00ed sv\u011bt<\/title>\n<meta name=\"robots\" content=\"index, follow, max-snippet:-1, max-image-preview:large, max-video-preview:-1\" \/>\n<link rel=\"canonical\" href=\"https:\/\/www.game4fun.eu\/?page_id=2730\" \/>\n<meta property=\"og:locale\" content=\"cs_CZ\" \/>\n<meta property=\"og:type\" content=\"article\" \/>\n<meta property=\"og:title\" content=\"Podpo\u0159it server G4F | Game4Fun.eu - Hern\u00ed sv\u011bt\" \/>\n<meta property=\"og:description\" content=\"Dobrovoln\u00fd Donate na hern\u00ed projekt Game4Fun.eu Ahoj hr\u00e1\u010di, pokud se v\u00e1m u n\u00e1s l\u00edb\u00ed a r\u00e1di na Game4Fun.eu hrajete, m\u016f\u017eete podpo\u0159it chod cel\u00e9ho projektu dobrovoln\u00fdm donatem. Nen\u00ed to povinn\u00e9, je to \u010dist\u011b pro ty, kte\u0159\u00ed cht\u011bj\u00ed pomoct s provozem server\u016f a dal\u0161\u00edm rozvojem. Ka\u017ed\u00e9ho p\u0159\u00edsp\u011bvku si v\u00e1\u017e\u00edme a pom\u00e1h\u00e1 n\u00e1m udr\u017eet Game4Fun.eu v chodu. \u010c\u00edslo &hellip;Pokra\u010dovat ve\u00a0\u010dten\u00ed Podpo\u0159it server G4F\" \/>\n<meta property=\"og:url\" content=\"https:\/\/www.game4fun.eu\/?page_id=2730\" \/>\n<meta property=\"og:site_name\" content=\"Game4Fun.eu - Hern\u00ed sv\u011bt\" \/>\n<meta name=\"twitter:card\" content=\"summary_large_image\" \/>\n<script type=\"application\/ld+json\" class=\"yoast-schema-graph\">{\"@context\":\"https:\\\/\\\/schema.org\",\"@graph\":[{\"@type\":\"WebPage\",\"@id\":\"https:\\\/\\\/www.game4fun.eu\\\/?page_id=2730\",\"url\":\"https:\\\/\\\/www.game4fun.eu\\\/?page_id=2730\",\"name\":\"Podpo\u0159it server G4F | Game4Fun.eu - Hern\u00ed sv\u011bt\",\"isPartOf\":{\"@id\":\"https:\\\/\\\/www.game4fun.eu\\\/#website\"},\"datePublished\":\"2025-12-09T14:02:07+00:00\",\"breadcrumb\":{\"@id\":\"https:\\\/\\\/www.game4fun.eu\\\/?page_id=2730#breadcrumb\"},\"inLanguage\":\"cs\",\"potentialAction\":[{\"@type\":\"ReadAction\",\"target\":[\"https:\\\/\\\/www.game4fun.eu\\\/?page_id=2730\"]}]},{\"@type\":\"BreadcrumbList\",\"@id\":\"https:\\\/\\\/www.game4fun.eu\\\/?page_id=2730#breadcrumb\",\"itemListElement\":[{\"@type\":\"ListItem\",\"position\":1,\"name\":\"Dom\u016f\",\"item\":\"https:\\\/\\\/www.game4fun.eu\\\/\"},{\"@type\":\"ListItem\",\"position\":2,\"name\":\"Podpo\u0159it server G4F\"}]},{\"@type\":\"WebSite\",\"@id\":\"https:\\\/\\\/www.game4fun.eu\\\/#website\",\"url\":\"https:\\\/\\\/www.game4fun.eu\\\/\",\"name\":\"Game4Fun.eu | \u010cesk\u00fd hern\u00ed port\u00e1l\",\"description\":\"\u010cesk\u00fd hern\u00ed port\u00e1l se servery San Andreas Multiplayer (SAMP), Call of Duty, SCUM, OpenTTD. P\u0159ij\u010fte si zahr\u00e1t!\",\"publisher\":{\"@id\":\"https:\\\/\\\/www.game4fun.eu\\\/#organization\"},\"potentialAction\":[{\"@type\":\"SearchAction\",\"target\":{\"@type\":\"EntryPoint\",\"urlTemplate\":\"https:\\\/\\\/www.game4fun.eu\\\/?s={search_term_string}\"},\"query-input\":{\"@type\":\"PropertyValueSpecification\",\"valueRequired\":true,\"valueName\":\"search_term_string\"}}],\"inLanguage\":\"cs\"},{\"@type\":\"Organization\",\"@id\":\"https:\\\/\\\/www.game4fun.eu\\\/#organization\",\"name\":\"Game4Fun.eu | \u010cesk\u00fd hern\u00ed port\u00e1l\",\"url\":\"https:\\\/\\\/www.game4fun.eu\\\/\",\"logo\":{\"@type\":\"ImageObject\",\"inLanguage\":\"cs\",\"@id\":\"https:\\\/\\\/www.game4fun.eu\\\/#\\\/schema\\\/logo\\\/image\\\/\",\"url\":\"https:\\\/\\\/www.game4fun.eu\\\/wp-content\\\/uploads\\\/2025\\\/10\\\/Game4funlogo.png\",\"contentUrl\":\"https:\\\/\\\/www.game4fun.eu\\\/wp-content\\\/uploads\\\/2025\\\/10\\\/Game4funlogo.png\",\"width\":210,\"height\":94,\"caption\":\"Game4Fun.eu | \u010cesk\u00fd hern\u00ed port\u00e1l\"},\"image\":{\"@id\":\"https:\\\/\\\/www.game4fun.eu\\\/#\\\/schema\\\/logo\\\/image\\\/\"}}]}<\/script>\n<!-- \/ Yoast SEO plugin. -->","yoast_head_json":{"title":"Podpo\u0159it server G4F | Game4Fun.eu - Hern\u00ed sv\u011bt","robots":{"index":"index","follow":"follow","max-snippet":"max-snippet:-1","max-image-preview":"max-image-preview:large","max-video-preview":"max-video-preview:-1"},"canonical":"https:\/\/www.game4fun.eu\/?page_id=2730","og_locale":"cs_CZ","og_type":"article","og_title":"Podpo\u0159it server G4F | Game4Fun.eu - Hern\u00ed sv\u011bt","og_description":"Dobrovoln\u00fd Donate na hern\u00ed projekt Game4Fun.eu Ahoj hr\u00e1\u010di, pokud se v\u00e1m u n\u00e1s l\u00edb\u00ed a r\u00e1di na Game4Fun.eu hrajete, m\u016f\u017eete podpo\u0159it chod cel\u00e9ho projektu dobrovoln\u00fdm donatem. Nen\u00ed to povinn\u00e9, je to \u010dist\u011b pro ty, kte\u0159\u00ed cht\u011bj\u00ed pomoct s provozem server\u016f a dal\u0161\u00edm rozvojem. Ka\u017ed\u00e9ho p\u0159\u00edsp\u011bvku si v\u00e1\u017e\u00edme a pom\u00e1h\u00e1 n\u00e1m udr\u017eet Game4Fun.eu v chodu. \u010c\u00edslo &hellip;Pokra\u010dovat ve\u00a0\u010dten\u00ed Podpo\u0159it server G4F","og_url":"https:\/\/www.game4fun.eu\/?page_id=2730","og_site_name":"Game4Fun.eu - Hern\u00ed sv\u011bt","twitter_card":"summary_large_image","schema":{"@context":"https:\/\/schema.org","@graph":[{"@type":"WebPage","@id":"https:\/\/www.game4fun.eu\/?page_id=2730","url":"https:\/\/www.game4fun.eu\/?page_id=2730","name":"Podpo\u0159it server G4F | Game4Fun.eu - Hern\u00ed sv\u011bt","isPartOf":{"@id":"https:\/\/www.game4fun.eu\/#website"},"datePublished":"2025-12-09T14:02:07+00:00","breadcrumb":{"@id":"https:\/\/www.game4fun.eu\/?page_id=2730#breadcrumb"},"inLanguage":"cs","potentialAction":[{"@type":"ReadAction","target":["https:\/\/www.game4fun.eu\/?page_id=2730"]}]},{"@type":"BreadcrumbList","@id":"https:\/\/www.game4fun.eu\/?page_id=2730#breadcrumb","itemListElement":[{"@type":"ListItem","position":1,"name":"Dom\u016f","item":"https:\/\/www.game4fun.eu\/"},{"@type":"ListItem","position":2,"name":"Podpo\u0159it server G4F"}]},{"@type":"WebSite","@id":"https:\/\/www.game4fun.eu\/#website","url":"https:\/\/www.game4fun.eu\/","name":"Game4Fun.eu | \u010cesk\u00fd hern\u00ed port\u00e1l","description":"\u010cesk\u00fd hern\u00ed port\u00e1l se servery San Andreas Multiplayer (SAMP), Call of Duty, SCUM, OpenTTD. P\u0159ij\u010fte si zahr\u00e1t!","publisher":{"@id":"https:\/\/www.game4fun.eu\/#organization"},"potentialAction":[{"@type":"SearchAction","target":{"@type":"EntryPoint","urlTemplate":"https:\/\/www.game4fun.eu\/?s={search_term_string}"},"query-input":{"@type":"PropertyValueSpecification","valueRequired":true,"valueName":"search_term_string"}}],"inLanguage":"cs"},{"@type":"Organization","@id":"https:\/\/www.game4fun.eu\/#organization","name":"Game4Fun.eu | \u010cesk\u00fd hern\u00ed port\u00e1l","url":"https:\/\/www.game4fun.eu\/","logo":{"@type":"ImageObject","inLanguage":"cs","@id":"https:\/\/www.game4fun.eu\/#\/schema\/logo\/image\/","url":"https:\/\/www.game4fun.eu\/wp-content\/uploads\/2025\/10\/Game4funlogo.png","contentUrl":"https:\/\/www.game4fun.eu\/wp-content\/uploads\/2025\/10\/Game4funlogo.png","width":210,"height":94,"caption":"Game4Fun.eu | \u010cesk\u00fd hern\u00ed port\u00e1l"},"image":{"@id":"https:\/\/www.game4fun.eu\/#\/schema\/logo\/image\/"}}]}},"_links":{"self":[{"href":"https:\/\/www.game4fun.eu\/index.php?rest_route=\/wp\/v2\/pages\/2730","targetHints":{"allow":["GET"]}}],"collection":[{"href":"https:\/\/www.game4fun.eu\/index.php?rest_route=\/wp\/v2\/pages"}],"about":[{"href":"https:\/\/www.game4fun.eu\/index.php?rest_route=\/wp\/v2\/types\/page"}],"author":[{"embeddable":true,"href":"https:\/\/www.game4fun.eu\/index.php?rest_route=\/wp\/v2\/users\/19"}],"replies":[{"embeddable":true,"href":"https:\/\/www.game4fun.eu\/index.php?rest_route=%2Fwp%2Fv2%2Fcomments&post=2730"}],"version-history":[{"count":1,"href":"https:\/\/www.game4fun.eu\/index.php?rest_route=\/wp\/v2\/pages\/2730\/revisions"}],"predecessor-version":[{"id":2731,"href":"https:\/\/www.game4fun.eu\/index.php?rest_route=\/wp\/v2\/pages\/2730\/revisions\/2731"}],"wp:attachment":[{"href":"https:\/\/www.game4fun.eu\/index.php?rest_route=%2Fwp%2Fv2%2Fmedia&parent=2730"}],"curies":[{"name":"wp","href":"https:\/\/api.w.org\/{rel}","templated":true}]}}