{"id":2757,"date":"2025-12-18T16:43:26","date_gmt":"2025-12-18T16:43:26","guid":{"rendered":"https:\/\/www.game4fun.eu\/?page_id=2757"},"modified":"2025-12-18T17:14:24","modified_gmt":"2025-12-18T17:14:24","slug":"tetris-4fun","status":"publish","type":"page","link":"https:\/\/www.game4fun.eu\/?page_id=2757","title":{"rendered":"Tetris 4fun"},"content":{"rendered":"<p><img loading=\"lazy\" decoding=\"async\" src=\"https:\/\/www.game4fun.eu\/wp-content\/uploads\/2025\/12\/tetris_game.png\" alt=\"\" width=\"600\" height=\"150\" class=\"alignnone size-full wp-image-2764\" srcset=\"https:\/\/www.game4fun.eu\/wp-content\/uploads\/2025\/12\/tetris_game.png 600w, https:\/\/www.game4fun.eu\/wp-content\/uploads\/2025\/12\/tetris_game-300x75.png 300w\" sizes=\"auto, (max-width: 600px) 100vw, 600px\" \/><br \/>\n\r\n<div class=\"tetris-wrapper\">\r\n\r\n    <div class=\"tetris-flex-wrapper\">\r\n        <div id=\"tetris-container\"><\/div>\r\n        <div id=\"next-container\"><\/div>\r\n    <\/div>\r\n\r\n    <div class=\"tetris-controls\">\r\n        <div id=\"buttons\">\r\n            <button id=\"start-btn\">Start<\/button>\r\n            <button id=\"pause-btn\">Pauza<\/button>\r\n        <\/div>\r\n        <div id=\"score\">Sk\u00f3re: 0<\/div>\r\n        \r\n        <div id=\"controls\">\u0160ipky pro pohyb, Nahoru oto\u010den\u00ed, Dol\u016f zrychlen\u00ed<\/div>\r\n    <\/div>\r\n\r\n    <div class=\"tetris-leaderboard-wrapper\">\r\n        <h2 style='color:#fff;'>S\u00ed\u0148 sl\u00e1vy Tetris<\/h2><table style='width:auto;border-collapse:collapse;margin:0 auto;background:#000;'><tr>\r\n        <th style='color:#fff;padding:5px 10px;border:1px solid #fff;'>Po\u0159ad\u00ed<\/th>\r\n        <th style='color:#fff;padding:5px 10px;border:1px solid #fff;'>Hr\u00e1\u010d<\/th>\r\n        <th style='color:#fff;padding:5px 10px;border:1px solid #fff;'>Sk\u00f3re<\/th>\r\n      <\/tr><tr>\r\n        <td style='color:#fff;padding:5px 10px;border:1px solid #fff;'>1<\/td>\r\n        <td style='color:#fff;padding:5px 10px;border:1px solid #fff;'>Piplovic.<\/td>\r\n        <td style='color:#fff;padding:5px 10px;border:1px solid #fff;'>1010<\/td>\r\n      <\/tr><tr>\r\n        <td style='color:#fff;padding:5px 10px;border:1px solid #fff;'>2<\/td>\r\n        <td style='color:#fff;padding:5px 10px;border:1px solid #fff;'>VelkyOtec<\/td>\r\n        <td style='color:#fff;padding:5px 10px;border:1px solid #fff;'>60<\/td>\r\n      <\/tr><tr>\r\n        <td style='color:#fff;padding:5px 10px;border:1px solid #fff;'>3<\/td>\r\n        <td style='color:#fff;padding:5px 10px;border:1px solid #fff;'>Glatius<\/td>\r\n        <td style='color:#fff;padding:5px 10px;border:1px solid #fff;'>50<\/td>\r\n      <\/tr><tr>\r\n        <td style='color:#fff;padding:5px 10px;border:1px solid #fff;'>4<\/td>\r\n        <td style='color:#fff;padding:5px 10px;border:1px solid #fff;'>Feky<\/td>\r\n        <td style='color:#fff;padding:5px 10px;border:1px solid #fff;'>30<\/td>\r\n      <\/tr><\/table>\r\n    <\/div>\r\n\r\n<\/div><\/p>\n","protected":false},"excerpt":{"rendered":"","protected":false},"author":19,"featured_media":0,"parent":0,"menu_order":0,"comment_status":"closed","ping_status":"closed","template":"","meta":{"footnotes":""},"class_list":["post-2757","page","type-page","status-publish","hentry"],"yoast_head":"<!-- This site is optimized with the Yoast SEO plugin v27.6 - https:\/\/yoast.com\/product\/yoast-seo-wordpress\/ -->\n<title>Tetris 4fun | Game4Fun.eu - Hern\u00ed sv\u011bt<\/title>\n<meta name=\"robots\" content=\"index, follow, max-snippet:-1, max-image-preview:large, max-video-preview:-1\" \/>\n<link rel=\"canonical\" href=\"https:\/\/www.game4fun.eu\/?page_id=2757\" \/>\n<meta property=\"og:locale\" content=\"cs_CZ\" \/>\n<meta property=\"og:type\" content=\"article\" \/>\n<meta property=\"og:title\" content=\"Tetris 4fun | Game4Fun.eu - Hern\u00ed sv\u011bt\" \/>\n<meta property=\"og:url\" content=\"https:\/\/www.game4fun.eu\/?page_id=2757\" \/>\n<meta property=\"og:site_name\" content=\"Game4Fun.eu - Hern\u00ed sv\u011bt\" \/>\n<meta property=\"article:modified_time\" content=\"2025-12-18T17:14:24+00:00\" \/>\n<meta property=\"og:image\" content=\"https:\/\/www.game4fun.eu\/wp-content\/uploads\/2025\/12\/tetris_game.png\" \/>\n\t<meta property=\"og:image:width\" content=\"600\" \/>\n\t<meta property=\"og:image:height\" content=\"150\" \/>\n\t<meta property=\"og:image:type\" content=\"image\/png\" \/>\n<meta name=\"twitter:card\" content=\"summary_large_image\" \/>\n<meta name=\"twitter:label1\" content=\"Odhadovan\u00e1 doba \u010dten\u00ed\" \/>\n\t<meta name=\"twitter:data1\" content=\"1 minuta\" \/>\n<script type=\"application\/ld+json\" class=\"yoast-schema-graph\">{\"@context\":\"https:\\\/\\\/schema.org\",\"@graph\":[{\"@type\":\"WebPage\",\"@id\":\"https:\\\/\\\/www.game4fun.eu\\\/?page_id=2757\",\"url\":\"https:\\\/\\\/www.game4fun.eu\\\/?page_id=2757\",\"name\":\"Tetris 4fun | Game4Fun.eu - Hern\u00ed sv\u011bt\",\"isPartOf\":{\"@id\":\"https:\\\/\\\/www.game4fun.eu\\\/#website\"},\"primaryImageOfPage\":{\"@id\":\"https:\\\/\\\/www.game4fun.eu\\\/?page_id=2757#primaryimage\"},\"image\":{\"@id\":\"https:\\\/\\\/www.game4fun.eu\\\/?page_id=2757#primaryimage\"},\"thumbnailUrl\":\"https:\\\/\\\/www.game4fun.eu\\\/wp-content\\\/uploads\\\/2025\\\/12\\\/tetris_game.png\",\"datePublished\":\"2025-12-18T16:43:26+00:00\",\"dateModified\":\"2025-12-18T17:14:24+00:00\",\"breadcrumb\":{\"@id\":\"https:\\\/\\\/www.game4fun.eu\\\/?page_id=2757#breadcrumb\"},\"inLanguage\":\"cs\",\"potentialAction\":[{\"@type\":\"ReadAction\",\"target\":[\"https:\\\/\\\/www.game4fun.eu\\\/?page_id=2757\"]}]},{\"@type\":\"ImageObject\",\"inLanguage\":\"cs\",\"@id\":\"https:\\\/\\\/www.game4fun.eu\\\/?page_id=2757#primaryimage\",\"url\":\"\",\"contentUrl\":\"\"},{\"@type\":\"BreadcrumbList\",\"@id\":\"https:\\\/\\\/www.game4fun.eu\\\/?page_id=2757#breadcrumb\",\"itemListElement\":[{\"@type\":\"ListItem\",\"position\":1,\"name\":\"Dom\u016f\",\"item\":\"https:\\\/\\\/www.game4fun.eu\\\/\"},{\"@type\":\"ListItem\",\"position\":2,\"name\":\"Tetris 4fun\"}]},{\"@type\":\"WebSite\",\"@id\":\"https:\\\/\\\/www.game4fun.eu\\\/#website\",\"url\":\"https:\\\/\\\/www.game4fun.eu\\\/\",\"name\":\"Game4Fun.eu | \u010cesk\u00fd hern\u00ed port\u00e1l\",\"description\":\"\u010cesk\u00fd hern\u00ed port\u00e1l se servery San Andreas Multiplayer (SAMP), Call of Duty, SCUM, OpenTTD. P\u0159ij\u010fte si zahr\u00e1t!\",\"publisher\":{\"@id\":\"https:\\\/\\\/www.game4fun.eu\\\/#organization\"},\"potentialAction\":[{\"@type\":\"SearchAction\",\"target\":{\"@type\":\"EntryPoint\",\"urlTemplate\":\"https:\\\/\\\/www.game4fun.eu\\\/?s={search_term_string}\"},\"query-input\":{\"@type\":\"PropertyValueSpecification\",\"valueRequired\":true,\"valueName\":\"search_term_string\"}}],\"inLanguage\":\"cs\"},{\"@type\":\"Organization\",\"@id\":\"https:\\\/\\\/www.game4fun.eu\\\/#organization\",\"name\":\"Game4Fun.eu | \u010cesk\u00fd hern\u00ed port\u00e1l\",\"url\":\"https:\\\/\\\/www.game4fun.eu\\\/\",\"logo\":{\"@type\":\"ImageObject\",\"inLanguage\":\"cs\",\"@id\":\"https:\\\/\\\/www.game4fun.eu\\\/#\\\/schema\\\/logo\\\/image\\\/\",\"url\":\"https:\\\/\\\/www.game4fun.eu\\\/wp-content\\\/uploads\\\/2025\\\/10\\\/Game4funlogo.png\",\"contentUrl\":\"https:\\\/\\\/www.game4fun.eu\\\/wp-content\\\/uploads\\\/2025\\\/10\\\/Game4funlogo.png\",\"width\":210,\"height\":94,\"caption\":\"Game4Fun.eu | \u010cesk\u00fd hern\u00ed port\u00e1l\"},\"image\":{\"@id\":\"https:\\\/\\\/www.game4fun.eu\\\/#\\\/schema\\\/logo\\\/image\\\/\"}}]}<\/script>\n<!-- \/ Yoast SEO plugin. -->","yoast_head_json":{"title":"Tetris 4fun | Game4Fun.eu - Hern\u00ed sv\u011bt","robots":{"index":"index","follow":"follow","max-snippet":"max-snippet:-1","max-image-preview":"max-image-preview:large","max-video-preview":"max-video-preview:-1"},"canonical":"https:\/\/www.game4fun.eu\/?page_id=2757","og_locale":"cs_CZ","og_type":"article","og_title":"Tetris 4fun | Game4Fun.eu - Hern\u00ed sv\u011bt","og_url":"https:\/\/www.game4fun.eu\/?page_id=2757","og_site_name":"Game4Fun.eu - Hern\u00ed sv\u011bt","article_modified_time":"2025-12-18T17:14:24+00:00","og_image":[{"width":600,"height":150,"url":"https:\/\/www.game4fun.eu\/wp-content\/uploads\/2025\/12\/tetris_game.png","type":"image\/png"}],"twitter_card":"summary_large_image","twitter_misc":{"Odhadovan\u00e1 doba \u010dten\u00ed":"1 minuta"},"schema":{"@context":"https:\/\/schema.org","@graph":[{"@type":"WebPage","@id":"https:\/\/www.game4fun.eu\/?page_id=2757","url":"https:\/\/www.game4fun.eu\/?page_id=2757","name":"Tetris 4fun | Game4Fun.eu - Hern\u00ed sv\u011bt","isPartOf":{"@id":"https:\/\/www.game4fun.eu\/#website"},"primaryImageOfPage":{"@id":"https:\/\/www.game4fun.eu\/?page_id=2757#primaryimage"},"image":{"@id":"https:\/\/www.game4fun.eu\/?page_id=2757#primaryimage"},"thumbnailUrl":"https:\/\/www.game4fun.eu\/wp-content\/uploads\/2025\/12\/tetris_game.png","datePublished":"2025-12-18T16:43:26+00:00","dateModified":"2025-12-18T17:14:24+00:00","breadcrumb":{"@id":"https:\/\/www.game4fun.eu\/?page_id=2757#breadcrumb"},"inLanguage":"cs","potentialAction":[{"@type":"ReadAction","target":["https:\/\/www.game4fun.eu\/?page_id=2757"]}]},{"@type":"ImageObject","inLanguage":"cs","@id":"https:\/\/www.game4fun.eu\/?page_id=2757#primaryimage","url":"","contentUrl":""},{"@type":"BreadcrumbList","@id":"https:\/\/www.game4fun.eu\/?page_id=2757#breadcrumb","itemListElement":[{"@type":"ListItem","position":1,"name":"Dom\u016f","item":"https:\/\/www.game4fun.eu\/"},{"@type":"ListItem","position":2,"name":"Tetris 4fun"}]},{"@type":"WebSite","@id":"https:\/\/www.game4fun.eu\/#website","url":"https:\/\/www.game4fun.eu\/","name":"Game4Fun.eu | \u010cesk\u00fd hern\u00ed port\u00e1l","description":"\u010cesk\u00fd hern\u00ed port\u00e1l se servery San Andreas Multiplayer (SAMP), Call of Duty, SCUM, OpenTTD. P\u0159ij\u010fte si zahr\u00e1t!","publisher":{"@id":"https:\/\/www.game4fun.eu\/#organization"},"potentialAction":[{"@type":"SearchAction","target":{"@type":"EntryPoint","urlTemplate":"https:\/\/www.game4fun.eu\/?s={search_term_string}"},"query-input":{"@type":"PropertyValueSpecification","valueRequired":true,"valueName":"search_term_string"}}],"inLanguage":"cs"},{"@type":"Organization","@id":"https:\/\/www.game4fun.eu\/#organization","name":"Game4Fun.eu | \u010cesk\u00fd hern\u00ed port\u00e1l","url":"https:\/\/www.game4fun.eu\/","logo":{"@type":"ImageObject","inLanguage":"cs","@id":"https:\/\/www.game4fun.eu\/#\/schema\/logo\/image\/","url":"https:\/\/www.game4fun.eu\/wp-content\/uploads\/2025\/10\/Game4funlogo.png","contentUrl":"https:\/\/www.game4fun.eu\/wp-content\/uploads\/2025\/10\/Game4funlogo.png","width":210,"height":94,"caption":"Game4Fun.eu | \u010cesk\u00fd hern\u00ed port\u00e1l"},"image":{"@id":"https:\/\/www.game4fun.eu\/#\/schema\/logo\/image\/"}}]}},"_links":{"self":[{"href":"https:\/\/www.game4fun.eu\/index.php?rest_route=\/wp\/v2\/pages\/2757","targetHints":{"allow":["GET"]}}],"collection":[{"href":"https:\/\/www.game4fun.eu\/index.php?rest_route=\/wp\/v2\/pages"}],"about":[{"href":"https:\/\/www.game4fun.eu\/index.php?rest_route=\/wp\/v2\/types\/page"}],"author":[{"embeddable":true,"href":"https:\/\/www.game4fun.eu\/index.php?rest_route=\/wp\/v2\/users\/19"}],"replies":[{"embeddable":true,"href":"https:\/\/www.game4fun.eu\/index.php?rest_route=%2Fwp%2Fv2%2Fcomments&post=2757"}],"version-history":[{"count":4,"href":"https:\/\/www.game4fun.eu\/index.php?rest_route=\/wp\/v2\/pages\/2757\/revisions"}],"predecessor-version":[{"id":2765,"href":"https:\/\/www.game4fun.eu\/index.php?rest_route=\/wp\/v2\/pages\/2757\/revisions\/2765"}],"wp:attachment":[{"href":"https:\/\/www.game4fun.eu\/index.php?rest_route=%2Fwp%2Fv2%2Fmedia&parent=2757"}],"curies":[{"name":"wp","href":"https:\/\/api.w.org\/{rel}","templated":true}]}}