{"id":2852,"date":"2026-01-09T14:56:07","date_gmt":"2026-01-09T14:56:07","guid":{"rendered":"https:\/\/www.game4fun.eu\/?page_id=2852"},"modified":"2026-01-09T15:45:27","modified_gmt":"2026-01-09T15:45:27","slug":"test-ssss","status":"publish","type":"page","link":"https:\/\/www.game4fun.eu\/?page_id=2852","title":{"rendered":"SCUM \u00famrt\u00ed"},"content":{"rendered":"<h2 style=\"text-align: center;\">\u2620\ufe0f S<strong>eznam padl\u00fdch<\/strong> \ud83e\udea6<br \/>\n<style>\r\n    .scum-deaths { display: flex; flex-direction: column; gap: 8px; max-height: 500px; overflow-y: auto; }\r\n    .scum-death { background: #f0f0f5; color: #222; padding: 10px 14px; border-radius: 10px; box-shadow: 0 2px 6px rgba(0,0,0,0.15); font-family: monospace; font-size: 14px; display: flex; justify-content: space-between; align-items: center; transition: transform 0.2s; }\r\n    .scum-death:hover { transform: translateY(-2px); box-shadow: 0 4px 8px rgba(0,0,0,0.2); }\r\n    .scum-death .player-name { font-weight: bold; margin: 0 6px; }\r\n    .scum-death .death-date { color: #555; font-size: 12px; }\r\n    <\/style><div class=\"scum-deaths\" id=\"scum-deaths\"><div class=\"scum-death\">\u2620\ufe0f <span class=\"player-name\">PetyusZ<\/span> \ud83e\udea6 <span class=\"death-date\">10.4.2026 08:15<\/span><\/div><div class=\"scum-death\">\u2620\ufe0f <span class=\"player-name\">Harley<\/span> \ud83e\udea6 <span class=\"death-date\">9.4.2026 17:46<\/span><\/div><div class=\"scum-death\">\u2620\ufe0f <span class=\"player-name\">Babinski<\/span> \ud83e\udea6 <span class=\"death-date\">9.4.2026 20:16<\/span><\/div><div class=\"scum-death\">\u2620\ufe0f <span class=\"player-name\">BABI<\/span> \ud83e\udea6 <span class=\"death-date\">7.4.2026 21:01<\/span><\/div><div class=\"scum-death\">\u2620\ufe0f <span class=\"player-name\">ron24<\/span> \ud83e\udea6 <span class=\"death-date\">27.3.2026 14:52<\/span><\/div><div class=\"scum-death\">\u2620\ufe0f <span class=\"player-name\">ron24<\/span> \ud83e\udea6 <span class=\"death-date\">26.3.2026 17:14<\/span><\/div><div class=\"scum-death\">\u2620\ufe0f <span class=\"player-name\">ron24<\/span> \ud83e\udea6 <span class=\"death-date\">26.3.2026 17:55<\/span><\/div><div class=\"scum-death\">\u2620\ufe0f <span class=\"player-name\">Orel<\/span> \ud83e\udea6 <span class=\"death-date\">26.3.2026 21:29<\/span><\/div><div class=\"scum-death\">\u2620\ufe0f <span class=\"player-name\">ron24<\/span> \ud83e\udea6 <span class=\"death-date\">25.3.2026 15:54<\/span><\/div><div class=\"scum-death\">\u2620\ufe0f <span class=\"player-name\">FrankC40<\/span> \ud83e\udea6 <span class=\"death-date\">24.3.2026 14:28<\/span><\/div><div class=\"scum-death\">\u2620\ufe0f <span class=\"player-name\">ron24<\/span> \ud83e\udea6 <span class=\"death-date\">24.3.2026 14:28<\/span><\/div><div class=\"scum-death\">\u2620\ufe0f <span class=\"player-name\">FrankC40<\/span> \ud83e\udea6 <span class=\"death-date\">24.3.2026 14:34<\/span><\/div><div class=\"scum-death\">\u2620\ufe0f <span class=\"player-name\">FrankC40<\/span> \ud83e\udea6 <span class=\"death-date\">24.3.2026 15:12<\/span><\/div><div class=\"scum-death\">\u2620\ufe0f <span class=\"player-name\">ron24<\/span> \ud83e\udea6 <span class=\"death-date\">24.3.2026 15:22<\/span><\/div><div class=\"scum-death\">\u2620\ufe0f <span class=\"player-name\">ron24<\/span> \ud83e\udea6 <span class=\"death-date\">24.3.2026 17:30<\/span><\/div><div class=\"scum-death\">\u2620\ufe0f <span class=\"player-name\">FrankC40<\/span> \ud83e\udea6 <span class=\"death-date\">24.3.2026 17:36<\/span><\/div><div class=\"scum-death\">\u2620\ufe0f <span class=\"player-name\">pyatochkov<\/span> \ud83e\udea6 <span class=\"death-date\">21.3.2026 17:06<\/span><\/div><div class=\"scum-death\">\u2620\ufe0f <span class=\"player-name\">Taggerdy91<\/span> \ud83e\udea6 <span class=\"death-date\">15.3.2026 10:45<\/span><\/div><div class=\"scum-death\">\u2620\ufe0f <span class=\"player-name\">Taggerdy91<\/span> \ud83e\udea6 <span class=\"death-date\">15.3.2026 11:43<\/span><\/div><div class=\"scum-death\">\u2620\ufe0f <span class=\"player-name\">Taggerdy91<\/span> \ud83e\udea6 <span class=\"death-date\">15.3.2026 17:47<\/span><\/div><div class=\"scum-death\">\u2620\ufe0f <span class=\"player-name\">Piplovic<\/span> \ud83e\udea6 <span class=\"death-date\">22.3.2026 19:14<\/span><\/div><div class=\"scum-death\">\u2620\ufe0f <span class=\"player-name\">Piplovic<\/span> \ud83e\udea6 <span class=\"death-date\">22.3.2026 19:15<\/span><\/div><div class=\"scum-death\">\u2620\ufe0f <span class=\"player-name\">Vasha T<\/span> \ud83e\udea6 <span class=\"death-date\">22.3.2026 19:16<\/span><\/div><div class=\"scum-death\">\u2620\ufe0f <span class=\"player-name\">Jury<\/span> \ud83e\udea6 <span class=\"death-date\">22.3.2026 19:16<\/span><\/div><div class=\"scum-death\">\u2620\ufe0f <span class=\"player-name\">Jury<\/span> \ud83e\udea6 <span class=\"death-date\">22.3.2026 19:17<\/span><\/div><div class=\"scum-death\">\u2620\ufe0f <span class=\"player-name\">Piplovic<\/span> \ud83e\udea6 <span class=\"death-date\">22.3.2026 19:20<\/span><\/div><div class=\"scum-death\">\u2620\ufe0f <span class=\"player-name\">Piplovic<\/span> \ud83e\udea6 <span class=\"death-date\">22.3.2026 19:26<\/span><\/div><div class=\"scum-death\">\u2620\ufe0f <span class=\"player-name\">Vasha T<\/span> \ud83e\udea6 <span class=\"death-date\">22.3.2026 19:26<\/span><\/div><div class=\"scum-death\">\u2620\ufe0f <span class=\"player-name\">Piplovic<\/span> \ud83e\udea6 <span class=\"death-date\">22.3.2026 19:29<\/span><\/div><div class=\"scum-death\">\u2620\ufe0f <span class=\"player-name\">Jury<\/span> \ud83e\udea6 <span class=\"death-date\">22.3.2026 19:30<\/span><\/div><div class=\"scum-death\">\u2620\ufe0f <span class=\"player-name\">Piplovic<\/span> \ud83e\udea6 <span class=\"death-date\">22.3.2026 19:31<\/span><\/div><div class=\"scum-death\">\u2620\ufe0f <span class=\"player-name\">Vasha T<\/span> \ud83e\udea6 <span class=\"death-date\">22.3.2026 19:32<\/span><\/div><div class=\"scum-death\">\u2620\ufe0f <span class=\"player-name\">Vasha T<\/span> \ud83e\udea6 <span class=\"death-date\">22.3.2026 19:33<\/span><\/div><div class=\"scum-death\">\u2620\ufe0f <span class=\"player-name\">Vasha T<\/span> \ud83e\udea6 <span class=\"death-date\">22.3.2026 19:34<\/span><\/div><div class=\"scum-death\">\u2620\ufe0f <span class=\"player-name\">Vasha T<\/span> \ud83e\udea6 <span class=\"death-date\">22.3.2026 19:35<\/span><\/div><div class=\"scum-death\">\u2620\ufe0f <span class=\"player-name\">Vasha T<\/span> \ud83e\udea6 <span class=\"death-date\">22.3.2026 19:35<\/span><\/div><\/div><script>\r\n    setInterval(function(){\r\n        fetch(window.location.href)\r\n        .then(res => res.text())\r\n        .then(html => {\r\n            const parser = new DOMParser();\r\n            const doc = parser.parseFromString(html, \"text\/html\");\r\n            const newDeaths = doc.querySelector(\"#scum-deaths\");\r\n            if(newDeaths) {\r\n                const container = document.querySelector(\"#scum-deaths\");\r\n                container.innerHTML = newDeaths.innerHTML;\r\n                container.scrollTop = container.scrollHeight;\r\n            }\r\n        });\r\n    }, 30000); \/\/ ka\u017ed\u00fdch 30 sekund\r\n    <\/script><\/h2>\n","protected":false},"excerpt":{"rendered":"<p>\u2620\ufe0f Seznam padl\u00fdch \ud83e\udea6<\/p>\n","protected":false},"author":19,"featured_media":0,"parent":0,"menu_order":0,"comment_status":"closed","ping_status":"closed","template":"","meta":{"footnotes":""},"class_list":["post-2852","page","type-page","status-publish","hentry"],"yoast_head":"<!-- This site is optimized with the Yoast SEO plugin v27.3 - https:\/\/yoast.com\/product\/yoast-seo-wordpress\/ -->\n<title>SCUM \u00famrt\u00ed | Game4Fun.eu - Hern\u00ed sv\u011bt<\/title>\n<meta name=\"robots\" content=\"index, follow, max-snippet:-1, max-image-preview:large, max-video-preview:-1\" \/>\n<link rel=\"canonical\" href=\"https:\/\/www.game4fun.eu\/?page_id=2852\" \/>\n<meta property=\"og:locale\" content=\"cs_CZ\" \/>\n<meta property=\"og:type\" content=\"article\" \/>\n<meta property=\"og:title\" content=\"SCUM \u00famrt\u00ed | Game4Fun.eu - Hern\u00ed sv\u011bt\" \/>\n<meta property=\"og:description\" content=\"\u2620\ufe0f Seznam padl\u00fdch \ud83e\udea6\" \/>\n<meta property=\"og:url\" content=\"https:\/\/www.game4fun.eu\/?page_id=2852\" \/>\n<meta property=\"og:site_name\" content=\"Game4Fun.eu - Hern\u00ed sv\u011bt\" \/>\n<meta property=\"article:modified_time\" content=\"2026-01-09T15:45:27+00:00\" \/>\n<meta name=\"twitter:card\" content=\"summary_large_image\" \/>\n<meta name=\"twitter:label1\" content=\"Odhadovan\u00e1 doba \u010dten\u00ed\" \/>\n\t<meta name=\"twitter:data1\" content=\"1 minuta\" \/>\n<script type=\"application\/ld+json\" class=\"yoast-schema-graph\">{\"@context\":\"https:\\\/\\\/schema.org\",\"@graph\":[{\"@type\":\"WebPage\",\"@id\":\"https:\\\/\\\/www.game4fun.eu\\\/?page_id=2852\",\"url\":\"https:\\\/\\\/www.game4fun.eu\\\/?page_id=2852\",\"name\":\"SCUM \u00famrt\u00ed | Game4Fun.eu - Hern\u00ed sv\u011bt\",\"isPartOf\":{\"@id\":\"https:\\\/\\\/www.game4fun.eu\\\/#website\"},\"datePublished\":\"2026-01-09T14:56:07+00:00\",\"dateModified\":\"2026-01-09T15:45:27+00:00\",\"breadcrumb\":{\"@id\":\"https:\\\/\\\/www.game4fun.eu\\\/?page_id=2852#breadcrumb\"},\"inLanguage\":\"cs\",\"potentialAction\":[{\"@type\":\"ReadAction\",\"target\":[\"https:\\\/\\\/www.game4fun.eu\\\/?page_id=2852\"]}]},{\"@type\":\"BreadcrumbList\",\"@id\":\"https:\\\/\\\/www.game4fun.eu\\\/?page_id=2852#breadcrumb\",\"itemListElement\":[{\"@type\":\"ListItem\",\"position\":1,\"name\":\"Dom\u016f\",\"item\":\"https:\\\/\\\/www.game4fun.eu\\\/\"},{\"@type\":\"ListItem\",\"position\":2,\"name\":\"SCUM \u00famrt\u00ed\"}]},{\"@type\":\"WebSite\",\"@id\":\"https:\\\/\\\/www.game4fun.eu\\\/#website\",\"url\":\"https:\\\/\\\/www.game4fun.eu\\\/\",\"name\":\"Game4Fun.eu | \u010cesk\u00fd hern\u00ed port\u00e1l\",\"description\":\"\u010cesk\u00fd hern\u00ed port\u00e1l se servery San Andreas Multiplayer (SAMP), Call of Duty, SCUM, OpenTTD. P\u0159ij\u010fte si zahr\u00e1t!\",\"publisher\":{\"@id\":\"https:\\\/\\\/www.game4fun.eu\\\/#organization\"},\"potentialAction\":[{\"@type\":\"SearchAction\",\"target\":{\"@type\":\"EntryPoint\",\"urlTemplate\":\"https:\\\/\\\/www.game4fun.eu\\\/?s={search_term_string}\"},\"query-input\":{\"@type\":\"PropertyValueSpecification\",\"valueRequired\":true,\"valueName\":\"search_term_string\"}}],\"inLanguage\":\"cs\"},{\"@type\":\"Organization\",\"@id\":\"https:\\\/\\\/www.game4fun.eu\\\/#organization\",\"name\":\"Game4Fun.eu | \u010cesk\u00fd hern\u00ed port\u00e1l\",\"url\":\"https:\\\/\\\/www.game4fun.eu\\\/\",\"logo\":{\"@type\":\"ImageObject\",\"inLanguage\":\"cs\",\"@id\":\"https:\\\/\\\/www.game4fun.eu\\\/#\\\/schema\\\/logo\\\/image\\\/\",\"url\":\"https:\\\/\\\/www.game4fun.eu\\\/wp-content\\\/uploads\\\/2025\\\/10\\\/Game4funlogo.png\",\"contentUrl\":\"https:\\\/\\\/www.game4fun.eu\\\/wp-content\\\/uploads\\\/2025\\\/10\\\/Game4funlogo.png\",\"width\":210,\"height\":94,\"caption\":\"Game4Fun.eu | \u010cesk\u00fd hern\u00ed port\u00e1l\"},\"image\":{\"@id\":\"https:\\\/\\\/www.game4fun.eu\\\/#\\\/schema\\\/logo\\\/image\\\/\"}}]}<\/script>\n<!-- \/ Yoast SEO plugin. -->","yoast_head_json":{"title":"SCUM \u00famrt\u00ed | Game4Fun.eu - Hern\u00ed sv\u011bt","robots":{"index":"index","follow":"follow","max-snippet":"max-snippet:-1","max-image-preview":"max-image-preview:large","max-video-preview":"max-video-preview:-1"},"canonical":"https:\/\/www.game4fun.eu\/?page_id=2852","og_locale":"cs_CZ","og_type":"article","og_title":"SCUM \u00famrt\u00ed | Game4Fun.eu - Hern\u00ed sv\u011bt","og_description":"\u2620\ufe0f Seznam padl\u00fdch \ud83e\udea6","og_url":"https:\/\/www.game4fun.eu\/?page_id=2852","og_site_name":"Game4Fun.eu - Hern\u00ed sv\u011bt","article_modified_time":"2026-01-09T15:45:27+00:00","twitter_card":"summary_large_image","twitter_misc":{"Odhadovan\u00e1 doba \u010dten\u00ed":"1 minuta"},"schema":{"@context":"https:\/\/schema.org","@graph":[{"@type":"WebPage","@id":"https:\/\/www.game4fun.eu\/?page_id=2852","url":"https:\/\/www.game4fun.eu\/?page_id=2852","name":"SCUM \u00famrt\u00ed | Game4Fun.eu - Hern\u00ed sv\u011bt","isPartOf":{"@id":"https:\/\/www.game4fun.eu\/#website"},"datePublished":"2026-01-09T14:56:07+00:00","dateModified":"2026-01-09T15:45:27+00:00","breadcrumb":{"@id":"https:\/\/www.game4fun.eu\/?page_id=2852#breadcrumb"},"inLanguage":"cs","potentialAction":[{"@type":"ReadAction","target":["https:\/\/www.game4fun.eu\/?page_id=2852"]}]},{"@type":"BreadcrumbList","@id":"https:\/\/www.game4fun.eu\/?page_id=2852#breadcrumb","itemListElement":[{"@type":"ListItem","position":1,"name":"Dom\u016f","item":"https:\/\/www.game4fun.eu\/"},{"@type":"ListItem","position":2,"name":"SCUM \u00famrt\u00ed"}]},{"@type":"WebSite","@id":"https:\/\/www.game4fun.eu\/#website","url":"https:\/\/www.game4fun.eu\/","name":"Game4Fun.eu | \u010cesk\u00fd hern\u00ed port\u00e1l","description":"\u010cesk\u00fd hern\u00ed port\u00e1l se servery San Andreas Multiplayer (SAMP), Call of Duty, SCUM, OpenTTD. P\u0159ij\u010fte si zahr\u00e1t!","publisher":{"@id":"https:\/\/www.game4fun.eu\/#organization"},"potentialAction":[{"@type":"SearchAction","target":{"@type":"EntryPoint","urlTemplate":"https:\/\/www.game4fun.eu\/?s={search_term_string}"},"query-input":{"@type":"PropertyValueSpecification","valueRequired":true,"valueName":"search_term_string"}}],"inLanguage":"cs"},{"@type":"Organization","@id":"https:\/\/www.game4fun.eu\/#organization","name":"Game4Fun.eu | \u010cesk\u00fd hern\u00ed port\u00e1l","url":"https:\/\/www.game4fun.eu\/","logo":{"@type":"ImageObject","inLanguage":"cs","@id":"https:\/\/www.game4fun.eu\/#\/schema\/logo\/image\/","url":"https:\/\/www.game4fun.eu\/wp-content\/uploads\/2025\/10\/Game4funlogo.png","contentUrl":"https:\/\/www.game4fun.eu\/wp-content\/uploads\/2025\/10\/Game4funlogo.png","width":210,"height":94,"caption":"Game4Fun.eu | \u010cesk\u00fd hern\u00ed port\u00e1l"},"image":{"@id":"https:\/\/www.game4fun.eu\/#\/schema\/logo\/image\/"}}]}},"_links":{"self":[{"href":"https:\/\/www.game4fun.eu\/index.php?rest_route=\/wp\/v2\/pages\/2852","targetHints":{"allow":["GET"]}}],"collection":[{"href":"https:\/\/www.game4fun.eu\/index.php?rest_route=\/wp\/v2\/pages"}],"about":[{"href":"https:\/\/www.game4fun.eu\/index.php?rest_route=\/wp\/v2\/types\/page"}],"author":[{"embeddable":true,"href":"https:\/\/www.game4fun.eu\/index.php?rest_route=\/wp\/v2\/users\/19"}],"replies":[{"embeddable":true,"href":"https:\/\/www.game4fun.eu\/index.php?rest_route=%2Fwp%2Fv2%2Fcomments&post=2852"}],"version-history":[{"count":4,"href":"https:\/\/www.game4fun.eu\/index.php?rest_route=\/wp\/v2\/pages\/2852\/revisions"}],"predecessor-version":[{"id":2857,"href":"https:\/\/www.game4fun.eu\/index.php?rest_route=\/wp\/v2\/pages\/2852\/revisions\/2857"}],"wp:attachment":[{"href":"https:\/\/www.game4fun.eu\/index.php?rest_route=%2Fwp%2Fv2%2Fmedia&parent=2852"}],"curies":[{"name":"wp","href":"https:\/\/api.w.org\/{rel}","templated":true}]}}