{"id":2883,"date":"2026-01-18T22:13:55","date_gmt":"2026-01-18T22:13:55","guid":{"rendered":"https:\/\/www.game4fun.eu\/?page_id=2883"},"modified":"2026-01-18T23:24:41","modified_gmt":"2026-01-18T23:24:41","slug":"scum-ekonomika","status":"publish","type":"page","link":"https:\/\/www.game4fun.eu\/?page_id=2883","title":{"rendered":"SCUM Ekonomika hr\u00e1\u010d\u016f"},"content":{"rendered":"<style>\r\n.scum-economy-box{border:1px solid #ccc;padding:12px;background:#f5f5f5;border-radius:10px;max-width:400px;font-family:Arial, sans-serif}\r\n.scum-economy-title{font-weight:bold;margin-bottom:10px}\r\n.scum-economy-player{padding:6px 0; border-bottom:1px solid #eee}\r\n.scum-economy-player span{display:block; margin:2px 0}\r\n.scum-economy-name{font-weight:bold}\r\n.scum-economy-gold{color:#f1c40f}\r\n.scum-economy-coins{color:#00a9ff}\r\n.scum-economy-time{font-size:12px;color:#666}\r\n.scum-economy-update{font-size:10px;color:#999;margin-top:6px}\r\n<\/style><div id=\"scum-economy-box\" class=\"scum-economy-box\"><div class=\"scum-economy-title\">Economy - posledn\u00ed stav hr\u00e1\u010d\u016f u bank\u00e9\u0159e\ud83e\uddd1\u200d\ud83d\udcbc<\/div><div class=\"scum-economy-player\">\r\n    <span class=\"scum-economy-name\">Piplovic<\/span>\r\n    <span class=\"scum-economy-gold\">\ud83e\ude99 106<\/span>\r\n    <span class=\"scum-economy-coins\">\ud83d\udcb3 9796 C<\/span>\r\n    <span class=\"scum-economy-time\">\ud83d\udd52 3.4.2026 15:55<\/span>\r\n<\/div><div class=\"scum-economy-update\">Aktualizov\u00e1no: 20.4.2026 02:55<\/div><script>\r\n    setInterval(function(){\r\n        fetch(window.location.href)\r\n        .then(response => response.text())\r\n        .then(html => {\r\n            const parser = new DOMParser();\r\n            const doc = parser.parseFromString(html, \"text\/html\");\r\n            const newContent = doc.querySelector(\"#scum-economy-box\");\r\n            if(newContent){\r\n                document.querySelector(\"#scum-economy-box\").innerHTML = newContent.innerHTML;\r\n            }\r\n        });\r\n    }, 30000);\r\n    <\/script><\/div>\n","protected":false},"excerpt":{"rendered":"","protected":false},"author":19,"featured_media":0,"parent":0,"menu_order":0,"comment_status":"closed","ping_status":"closed","template":"","meta":{"footnotes":""},"class_list":["post-2883","page","type-page","status-publish","hentry"],"yoast_head":"<!-- This site is optimized with the Yoast SEO plugin v27.4 - https:\/\/yoast.com\/product\/yoast-seo-wordpress\/ -->\n<title>SCUM Ekonomika hr\u00e1\u010d\u016f | Game4Fun.eu - Hern\u00ed sv\u011bt<\/title>\n<meta name=\"description\" content=\"Z\u00edskejte informace o scum a jeho roli v r\u016fzn\u00fdch oblastech na\u0161eho \u017eivota.\" \/>\n<meta name=\"robots\" content=\"index, follow, max-snippet:-1, max-image-preview:large, max-video-preview:-1\" \/>\n<link rel=\"canonical\" href=\"https:\/\/www.game4fun.eu\/?page_id=2883\" \/>\n<meta property=\"og:locale\" content=\"cs_CZ\" \/>\n<meta property=\"og:type\" content=\"article\" \/>\n<meta property=\"og:title\" content=\"SCUM Ekonomika hr\u00e1\u010d\u016f | Game4Fun.eu - Hern\u00ed sv\u011bt\" \/>\n<meta property=\"og:description\" content=\"Z\u00edskejte informace o scum a jeho roli v r\u016fzn\u00fdch oblastech na\u0161eho \u017eivota.\" \/>\n<meta property=\"og:url\" content=\"https:\/\/www.game4fun.eu\/?page_id=2883\" \/>\n<meta property=\"og:site_name\" content=\"Game4Fun.eu - Hern\u00ed sv\u011bt\" \/>\n<meta property=\"article:modified_time\" content=\"2026-01-18T23:24:41+00:00\" \/>\n<meta name=\"twitter:card\" content=\"summary_large_image\" \/>\n<meta name=\"twitter:label1\" content=\"Odhadovan\u00e1 doba \u010dten\u00ed\" \/>\n\t<meta name=\"twitter:data1\" content=\"1 minuta\" \/>\n<script type=\"application\/ld+json\" class=\"yoast-schema-graph\">{\"@context\":\"https:\\\/\\\/schema.org\",\"@graph\":[{\"@type\":\"WebPage\",\"@id\":\"https:\\\/\\\/www.game4fun.eu\\\/?page_id=2883\",\"url\":\"https:\\\/\\\/www.game4fun.eu\\\/?page_id=2883\",\"name\":\"SCUM Ekonomika hr\u00e1\u010d\u016f | Game4Fun.eu - Hern\u00ed sv\u011bt\",\"isPartOf\":{\"@id\":\"https:\\\/\\\/www.game4fun.eu\\\/#website\"},\"datePublished\":\"2026-01-18T22:13:55+00:00\",\"dateModified\":\"2026-01-18T23:24:41+00:00\",\"description\":\"Z\u00edskejte informace o scum a jeho roli v r\u016fzn\u00fdch oblastech na\u0161eho \u017eivota.\",\"breadcrumb\":{\"@id\":\"https:\\\/\\\/www.game4fun.eu\\\/?page_id=2883#breadcrumb\"},\"inLanguage\":\"cs\",\"potentialAction\":[{\"@type\":\"ReadAction\",\"target\":[\"https:\\\/\\\/www.game4fun.eu\\\/?page_id=2883\"]}]},{\"@type\":\"BreadcrumbList\",\"@id\":\"https:\\\/\\\/www.game4fun.eu\\\/?page_id=2883#breadcrumb\",\"itemListElement\":[{\"@type\":\"ListItem\",\"position\":1,\"name\":\"Dom\u016f\",\"item\":\"https:\\\/\\\/www.game4fun.eu\\\/\"},{\"@type\":\"ListItem\",\"position\":2,\"name\":\"SCUM Ekonomika hr\u00e1\u010d\u016f\"}]},{\"@type\":\"WebSite\",\"@id\":\"https:\\\/\\\/www.game4fun.eu\\\/#website\",\"url\":\"https:\\\/\\\/www.game4fun.eu\\\/\",\"name\":\"Game4Fun.eu | \u010cesk\u00fd hern\u00ed port\u00e1l\",\"description\":\"\u010cesk\u00fd hern\u00ed port\u00e1l se servery San Andreas Multiplayer (SAMP), Call of Duty, SCUM, OpenTTD. P\u0159ij\u010fte si zahr\u00e1t!\",\"publisher\":{\"@id\":\"https:\\\/\\\/www.game4fun.eu\\\/#organization\"},\"potentialAction\":[{\"@type\":\"SearchAction\",\"target\":{\"@type\":\"EntryPoint\",\"urlTemplate\":\"https:\\\/\\\/www.game4fun.eu\\\/?s={search_term_string}\"},\"query-input\":{\"@type\":\"PropertyValueSpecification\",\"valueRequired\":true,\"valueName\":\"search_term_string\"}}],\"inLanguage\":\"cs\"},{\"@type\":\"Organization\",\"@id\":\"https:\\\/\\\/www.game4fun.eu\\\/#organization\",\"name\":\"Game4Fun.eu | \u010cesk\u00fd hern\u00ed port\u00e1l\",\"url\":\"https:\\\/\\\/www.game4fun.eu\\\/\",\"logo\":{\"@type\":\"ImageObject\",\"inLanguage\":\"cs\",\"@id\":\"https:\\\/\\\/www.game4fun.eu\\\/#\\\/schema\\\/logo\\\/image\\\/\",\"url\":\"https:\\\/\\\/www.game4fun.eu\\\/wp-content\\\/uploads\\\/2025\\\/10\\\/Game4funlogo.png\",\"contentUrl\":\"https:\\\/\\\/www.game4fun.eu\\\/wp-content\\\/uploads\\\/2025\\\/10\\\/Game4funlogo.png\",\"width\":210,\"height\":94,\"caption\":\"Game4Fun.eu | \u010cesk\u00fd hern\u00ed port\u00e1l\"},\"image\":{\"@id\":\"https:\\\/\\\/www.game4fun.eu\\\/#\\\/schema\\\/logo\\\/image\\\/\"}}]}<\/script>\n<!-- \/ Yoast SEO plugin. -->","yoast_head_json":{"title":"SCUM Ekonomika hr\u00e1\u010d\u016f | Game4Fun.eu - Hern\u00ed sv\u011bt","description":"Z\u00edskejte informace o scum a jeho roli v r\u016fzn\u00fdch oblastech na\u0161eho \u017eivota.","robots":{"index":"index","follow":"follow","max-snippet":"max-snippet:-1","max-image-preview":"max-image-preview:large","max-video-preview":"max-video-preview:-1"},"canonical":"https:\/\/www.game4fun.eu\/?page_id=2883","og_locale":"cs_CZ","og_type":"article","og_title":"SCUM Ekonomika hr\u00e1\u010d\u016f | Game4Fun.eu - Hern\u00ed sv\u011bt","og_description":"Z\u00edskejte informace o scum a jeho roli v r\u016fzn\u00fdch oblastech na\u0161eho \u017eivota.","og_url":"https:\/\/www.game4fun.eu\/?page_id=2883","og_site_name":"Game4Fun.eu - Hern\u00ed sv\u011bt","article_modified_time":"2026-01-18T23:24:41+00:00","twitter_card":"summary_large_image","twitter_misc":{"Odhadovan\u00e1 doba \u010dten\u00ed":"1 minuta"},"schema":{"@context":"https:\/\/schema.org","@graph":[{"@type":"WebPage","@id":"https:\/\/www.game4fun.eu\/?page_id=2883","url":"https:\/\/www.game4fun.eu\/?page_id=2883","name":"SCUM Ekonomika hr\u00e1\u010d\u016f | Game4Fun.eu - Hern\u00ed sv\u011bt","isPartOf":{"@id":"https:\/\/www.game4fun.eu\/#website"},"datePublished":"2026-01-18T22:13:55+00:00","dateModified":"2026-01-18T23:24:41+00:00","description":"Z\u00edskejte informace o scum a jeho roli v r\u016fzn\u00fdch oblastech na\u0161eho \u017eivota.","breadcrumb":{"@id":"https:\/\/www.game4fun.eu\/?page_id=2883#breadcrumb"},"inLanguage":"cs","potentialAction":[{"@type":"ReadAction","target":["https:\/\/www.game4fun.eu\/?page_id=2883"]}]},{"@type":"BreadcrumbList","@id":"https:\/\/www.game4fun.eu\/?page_id=2883#breadcrumb","itemListElement":[{"@type":"ListItem","position":1,"name":"Dom\u016f","item":"https:\/\/www.game4fun.eu\/"},{"@type":"ListItem","position":2,"name":"SCUM Ekonomika hr\u00e1\u010d\u016f"}]},{"@type":"WebSite","@id":"https:\/\/www.game4fun.eu\/#website","url":"https:\/\/www.game4fun.eu\/","name":"Game4Fun.eu | \u010cesk\u00fd hern\u00ed port\u00e1l","description":"\u010cesk\u00fd hern\u00ed port\u00e1l se servery San Andreas Multiplayer (SAMP), Call of Duty, SCUM, OpenTTD. P\u0159ij\u010fte si zahr\u00e1t!","publisher":{"@id":"https:\/\/www.game4fun.eu\/#organization"},"potentialAction":[{"@type":"SearchAction","target":{"@type":"EntryPoint","urlTemplate":"https:\/\/www.game4fun.eu\/?s={search_term_string}"},"query-input":{"@type":"PropertyValueSpecification","valueRequired":true,"valueName":"search_term_string"}}],"inLanguage":"cs"},{"@type":"Organization","@id":"https:\/\/www.game4fun.eu\/#organization","name":"Game4Fun.eu | \u010cesk\u00fd hern\u00ed port\u00e1l","url":"https:\/\/www.game4fun.eu\/","logo":{"@type":"ImageObject","inLanguage":"cs","@id":"https:\/\/www.game4fun.eu\/#\/schema\/logo\/image\/","url":"https:\/\/www.game4fun.eu\/wp-content\/uploads\/2025\/10\/Game4funlogo.png","contentUrl":"https:\/\/www.game4fun.eu\/wp-content\/uploads\/2025\/10\/Game4funlogo.png","width":210,"height":94,"caption":"Game4Fun.eu | \u010cesk\u00fd hern\u00ed port\u00e1l"},"image":{"@id":"https:\/\/www.game4fun.eu\/#\/schema\/logo\/image\/"}}]}},"_links":{"self":[{"href":"https:\/\/www.game4fun.eu\/index.php?rest_route=\/wp\/v2\/pages\/2883","targetHints":{"allow":["GET"]}}],"collection":[{"href":"https:\/\/www.game4fun.eu\/index.php?rest_route=\/wp\/v2\/pages"}],"about":[{"href":"https:\/\/www.game4fun.eu\/index.php?rest_route=\/wp\/v2\/types\/page"}],"author":[{"embeddable":true,"href":"https:\/\/www.game4fun.eu\/index.php?rest_route=\/wp\/v2\/users\/19"}],"replies":[{"embeddable":true,"href":"https:\/\/www.game4fun.eu\/index.php?rest_route=%2Fwp%2Fv2%2Fcomments&post=2883"}],"version-history":[{"count":4,"href":"https:\/\/www.game4fun.eu\/index.php?rest_route=\/wp\/v2\/pages\/2883\/revisions"}],"predecessor-version":[{"id":2891,"href":"https:\/\/www.game4fun.eu\/index.php?rest_route=\/wp\/v2\/pages\/2883\/revisions\/2891"}],"wp:attachment":[{"href":"https:\/\/www.game4fun.eu\/index.php?rest_route=%2Fwp%2Fv2%2Fmedia&parent=2883"}],"curies":[{"name":"wp","href":"https:\/\/api.w.org\/{rel}","templated":true}]}}