{"id":290,"date":"2018-12-26T08:34:28","date_gmt":"2018-12-26T08:34:28","guid":{"rendered":"http:\/\/www.game4fun.eu\/www\/?page_id=290"},"modified":"2025-11-05T18:52:18","modified_gmt":"2025-11-05T18:52:18","slug":"cod","status":"publish","type":"page","link":"https:\/\/www.game4fun.eu\/?page_id=290","title":{"rendered":"Call of Duty"},"content":{"rendered":"<p><strong>Call of Duty UO:<\/strong><\/p>\n<p><a href=\"http:\/\/www.game-state.com\/109.123.108.128:28960\/\"><img decoding=\"async\" class=\"aligncenter\" style=\"border-style: none;\" src=\"http:\/\/www.game-state.com\/109.123.108.128:28960\/560x95_FFFFFF_FF9900_000000_000000.png\" alt=\"www.Game-State.com\" \/><\/a><\/p>\n<p>&#8211; Call of Duty UO server \/connect 109.123.108.128:28960<br \/>\n&#8211;<strong> Tento server je doporu\u010den serverem Game4Fun.eu. Tento server nepat\u0159\u00ed pod server Game4Fun.eu!<br \/>\n<\/strong><\/p>\n<hr \/>\n<p><strong>Call of Duty 4 server #1:<\/strong><\/p>\n<p><a href=\"http:\/\/www.game-state.com\/82.208.16.224:28965\/\"><img decoding=\"async\" class=\"aligncenter\" style=\"border-style: none;\" src=\"http:\/\/www.game-state.com\/82.208.16.224:28965\/560x95_FFFFFF_FF9900_000000_000000.png\" alt=\"www.Game-State.com\" \/><\/a>&#8211; Call of Duty 4 server #1 <a href=\"cod4:\/\/82.208.16.224:28965\">\/connect 82.208.16.224:28965<\/a><\/p>\n<hr \/>\n<p><strong>Call of Duty 4 server #2:<\/strong><\/p>\n<p><a href=\"http:\/\/www.game-state.com\/82.208.16.224:28966\/\"><img decoding=\"async\" class=\"aligncenter\" style=\"border-style: none;\" src=\"http:\/\/www.game-state.com\/82.208.16.224:28966\/560x95_FFFFFF_FF9900_000000_000000.png\" alt=\"www.Game-State.com\" \/><\/a>&#8211; Call of Duty 4 server #2 <a href=\"cod4:\/\/82.208.16.224:28966\">\/connect 82.208.16.224:28966<\/a><\/p>\n<hr \/>\n<p><strong>Call of Duty 4 server #3:<\/strong><\/p>\n<p><a href=\"http:\/\/www.game-state.com\/82.208.16.224:28967\/\"><img decoding=\"async\" class=\"aligncenter\" style=\"border-style: none;\" src=\"http:\/\/www.game-state.com\/82.208.16.224:28967\/560x95_FFFFFF_FF9900_000000_000000.png\" alt=\"www.Game-State.com\" \/><\/a>&#8211; Call of Duty 4 server #3 <a href=\"cod4:\/\/82.208.16.224:28967\">\/connect 82.208.16.224:28967<\/a><\/p>\n<p>&#8211; Pou\u017eijte Cod4X klienta <a href=\"https:\/\/cod4x.ovh\/t\/releases\/24\">ke sta\u017een\u00ed zde<\/a><br \/>\n&#8211;<strong> Ve\u0161ker\u00e9 p\u0159ipom\u00ednky k serveru pi\u0161te na <a href=\"http:\/\/www.discord.gg\/sWp2DJf\">discord<\/a><\/strong><\/p>\n<p>&nbsp;<br \/>\n<iframe loading=\"lazy\" src=\"https:\/\/store.steampowered.com\/widget\/2640\/\" frameborder=\"0\" width=\"600\" height=\"190\"><\/iframe><br \/>\n<iframe loading=\"lazy\" src=\"https:\/\/store.steampowered.com\/widget\/7940\/\" frameborder=\"0\" width=\"600\" height=\"190\"><\/iframe><\/p>\n","protected":false},"excerpt":{"rendered":"<p>Call of Duty UO: &#8211; Call of Duty UO server \/connect 109.123.108.128:28960 &#8211; Tento server je doporu\u010den serverem Game4Fun.eu. Tento server nepat\u0159\u00ed pod server Game4Fun.eu! Call of Duty 4 server #1: &#8211; Call of Duty 4 server #1 \/connect 82.208.16.224:28965 Call of Duty 4 server #2: &#8211; Call of Duty 4 server #2 \/connect 82.208.16.224:28966 &hellip;<br \/><a href=\"https:\/\/www.game4fun.eu\/?page_id=290\" class=\"more-link pen_button pen_element_default pen_icon_arrow_double\">Pokra\u010dovat ve\u00a0\u010dten\u00ed <span class=\"screen-reader-text\">Call of Duty<\/span><\/a><\/p>\n","protected":false},"author":1,"featured_media":0,"parent":0,"menu_order":6,"comment_status":"closed","ping_status":"closed","template":"","meta":{"footnotes":""},"class_list":["post-290","page","type-page","status-publish","hentry"],"yoast_head":"<!-- This site is optimized with the Yoast SEO plugin v27.3 - https:\/\/yoast.com\/product\/yoast-seo-wordpress\/ -->\n<title>Call of Duty | Game4Fun.eu - Hern\u00ed sv\u011bt<\/title>\n<meta name=\"robots\" content=\"index, follow, max-snippet:-1, max-image-preview:large, max-video-preview:-1\" \/>\n<link rel=\"canonical\" href=\"https:\/\/www.game4fun.eu\/?page_id=290\" \/>\n<meta property=\"og:locale\" content=\"cs_CZ\" \/>\n<meta property=\"og:type\" content=\"article\" \/>\n<meta property=\"og:title\" content=\"Call of Duty | Game4Fun.eu - Hern\u00ed sv\u011bt\" \/>\n<meta property=\"og:description\" content=\"Call of Duty UO: &#8211; Call of Duty UO server \/connect 109.123.108.128:28960 &#8211; Tento server je doporu\u010den serverem Game4Fun.eu. Tento server nepat\u0159\u00ed pod server Game4Fun.eu! Call of Duty 4 server #1: &#8211; Call of Duty 4 server #1 \/connect 82.208.16.224:28965 Call of Duty 4 server #2: &#8211; Call of Duty 4 server #2 \/connect 82.208.16.224:28966 &hellip;Pokra\u010dovat ve\u00a0\u010dten\u00ed Call of Duty\" \/>\n<meta property=\"og:url\" content=\"https:\/\/www.game4fun.eu\/?page_id=290\" \/>\n<meta property=\"og:site_name\" content=\"Game4Fun.eu - Hern\u00ed sv\u011bt\" \/>\n<meta property=\"article:modified_time\" content=\"2025-11-05T18:52:18+00:00\" \/>\n<meta property=\"og:image\" content=\"http:\/\/www.game-state.com\/109.123.108.128:28960\/560x95_FFFFFF_FF9900_000000_000000.png\" \/>\n<meta name=\"twitter:card\" content=\"summary_large_image\" \/>\n<script type=\"application\/ld+json\" class=\"yoast-schema-graph\">{\"@context\":\"https:\\\/\\\/schema.org\",\"@graph\":[{\"@type\":\"WebPage\",\"@id\":\"https:\\\/\\\/www.game4fun.eu\\\/?page_id=290\",\"url\":\"https:\\\/\\\/www.game4fun.eu\\\/?page_id=290\",\"name\":\"Call of Duty | Game4Fun.eu - Hern\u00ed sv\u011bt\",\"isPartOf\":{\"@id\":\"https:\\\/\\\/www.game4fun.eu\\\/#website\"},\"primaryImageOfPage\":{\"@id\":\"https:\\\/\\\/www.game4fun.eu\\\/?page_id=290#primaryimage\"},\"image\":{\"@id\":\"https:\\\/\\\/www.game4fun.eu\\\/?page_id=290#primaryimage\"},\"thumbnailUrl\":\"http:\\\/\\\/www.game-state.com\\\/109.123.108.128:28960\\\/560x95_FFFFFF_FF9900_000000_000000.png\",\"datePublished\":\"2018-12-26T08:34:28+00:00\",\"dateModified\":\"2025-11-05T18:52:18+00:00\",\"breadcrumb\":{\"@id\":\"https:\\\/\\\/www.game4fun.eu\\\/?page_id=290#breadcrumb\"},\"inLanguage\":\"cs\",\"potentialAction\":[{\"@type\":\"ReadAction\",\"target\":[\"https:\\\/\\\/www.game4fun.eu\\\/?page_id=290\"]}]},{\"@type\":\"ImageObject\",\"inLanguage\":\"cs\",\"@id\":\"https:\\\/\\\/www.game4fun.eu\\\/?page_id=290#primaryimage\",\"url\":\"http:\\\/\\\/www.game-state.com\\\/109.123.108.128:28960\\\/560x95_FFFFFF_FF9900_000000_000000.png\",\"contentUrl\":\"http:\\\/\\\/www.game-state.com\\\/109.123.108.128:28960\\\/560x95_FFFFFF_FF9900_000000_000000.png\"},{\"@type\":\"BreadcrumbList\",\"@id\":\"https:\\\/\\\/www.game4fun.eu\\\/?page_id=290#breadcrumb\",\"itemListElement\":[{\"@type\":\"ListItem\",\"position\":1,\"name\":\"Dom\u016f\",\"item\":\"https:\\\/\\\/www.game4fun.eu\\\/\"},{\"@type\":\"ListItem\",\"position\":2,\"name\":\"Call of Duty\"}]},{\"@type\":\"WebSite\",\"@id\":\"https:\\\/\\\/www.game4fun.eu\\\/#website\",\"url\":\"https:\\\/\\\/www.game4fun.eu\\\/\",\"name\":\"Game4Fun.eu | \u010cesk\u00fd hern\u00ed port\u00e1l\",\"description\":\"\u010cesk\u00fd hern\u00ed port\u00e1l se servery San Andreas Multiplayer (SAMP), Call of Duty, SCUM, OpenTTD. P\u0159ij\u010fte si zahr\u00e1t!\",\"publisher\":{\"@id\":\"https:\\\/\\\/www.game4fun.eu\\\/#organization\"},\"potentialAction\":[{\"@type\":\"SearchAction\",\"target\":{\"@type\":\"EntryPoint\",\"urlTemplate\":\"https:\\\/\\\/www.game4fun.eu\\\/?s={search_term_string}\"},\"query-input\":{\"@type\":\"PropertyValueSpecification\",\"valueRequired\":true,\"valueName\":\"search_term_string\"}}],\"inLanguage\":\"cs\"},{\"@type\":\"Organization\",\"@id\":\"https:\\\/\\\/www.game4fun.eu\\\/#organization\",\"name\":\"Game4Fun.eu | \u010cesk\u00fd hern\u00ed port\u00e1l\",\"url\":\"https:\\\/\\\/www.game4fun.eu\\\/\",\"logo\":{\"@type\":\"ImageObject\",\"inLanguage\":\"cs\",\"@id\":\"https:\\\/\\\/www.game4fun.eu\\\/#\\\/schema\\\/logo\\\/image\\\/\",\"url\":\"https:\\\/\\\/www.game4fun.eu\\\/wp-content\\\/uploads\\\/2025\\\/10\\\/Game4funlogo.png\",\"contentUrl\":\"https:\\\/\\\/www.game4fun.eu\\\/wp-content\\\/uploads\\\/2025\\\/10\\\/Game4funlogo.png\",\"width\":210,\"height\":94,\"caption\":\"Game4Fun.eu | \u010cesk\u00fd hern\u00ed port\u00e1l\"},\"image\":{\"@id\":\"https:\\\/\\\/www.game4fun.eu\\\/#\\\/schema\\\/logo\\\/image\\\/\"}}]}<\/script>\n<!-- \/ Yoast SEO plugin. -->","yoast_head_json":{"title":"Call of Duty | Game4Fun.eu - Hern\u00ed sv\u011bt","robots":{"index":"index","follow":"follow","max-snippet":"max-snippet:-1","max-image-preview":"max-image-preview:large","max-video-preview":"max-video-preview:-1"},"canonical":"https:\/\/www.game4fun.eu\/?page_id=290","og_locale":"cs_CZ","og_type":"article","og_title":"Call of Duty | Game4Fun.eu - Hern\u00ed sv\u011bt","og_description":"Call of Duty UO: &#8211; Call of Duty UO server \/connect 109.123.108.128:28960 &#8211; Tento server je doporu\u010den serverem Game4Fun.eu. Tento server nepat\u0159\u00ed pod server Game4Fun.eu! Call of Duty 4 server #1: &#8211; Call of Duty 4 server #1 \/connect 82.208.16.224:28965 Call of Duty 4 server #2: &#8211; Call of Duty 4 server #2 \/connect 82.208.16.224:28966 &hellip;Pokra\u010dovat ve\u00a0\u010dten\u00ed Call of Duty","og_url":"https:\/\/www.game4fun.eu\/?page_id=290","og_site_name":"Game4Fun.eu - Hern\u00ed sv\u011bt","article_modified_time":"2025-11-05T18:52:18+00:00","og_image":[{"url":"http:\/\/www.game-state.com\/109.123.108.128:28960\/560x95_FFFFFF_FF9900_000000_000000.png","type":"","width":"","height":""}],"twitter_card":"summary_large_image","schema":{"@context":"https:\/\/schema.org","@graph":[{"@type":"WebPage","@id":"https:\/\/www.game4fun.eu\/?page_id=290","url":"https:\/\/www.game4fun.eu\/?page_id=290","name":"Call of Duty | Game4Fun.eu - Hern\u00ed sv\u011bt","isPartOf":{"@id":"https:\/\/www.game4fun.eu\/#website"},"primaryImageOfPage":{"@id":"https:\/\/www.game4fun.eu\/?page_id=290#primaryimage"},"image":{"@id":"https:\/\/www.game4fun.eu\/?page_id=290#primaryimage"},"thumbnailUrl":"http:\/\/www.game-state.com\/109.123.108.128:28960\/560x95_FFFFFF_FF9900_000000_000000.png","datePublished":"2018-12-26T08:34:28+00:00","dateModified":"2025-11-05T18:52:18+00:00","breadcrumb":{"@id":"https:\/\/www.game4fun.eu\/?page_id=290#breadcrumb"},"inLanguage":"cs","potentialAction":[{"@type":"ReadAction","target":["https:\/\/www.game4fun.eu\/?page_id=290"]}]},{"@type":"ImageObject","inLanguage":"cs","@id":"https:\/\/www.game4fun.eu\/?page_id=290#primaryimage","url":"http:\/\/www.game-state.com\/109.123.108.128:28960\/560x95_FFFFFF_FF9900_000000_000000.png","contentUrl":"http:\/\/www.game-state.com\/109.123.108.128:28960\/560x95_FFFFFF_FF9900_000000_000000.png"},{"@type":"BreadcrumbList","@id":"https:\/\/www.game4fun.eu\/?page_id=290#breadcrumb","itemListElement":[{"@type":"ListItem","position":1,"name":"Dom\u016f","item":"https:\/\/www.game4fun.eu\/"},{"@type":"ListItem","position":2,"name":"Call of Duty"}]},{"@type":"WebSite","@id":"https:\/\/www.game4fun.eu\/#website","url":"https:\/\/www.game4fun.eu\/","name":"Game4Fun.eu | \u010cesk\u00fd hern\u00ed port\u00e1l","description":"\u010cesk\u00fd hern\u00ed port\u00e1l se servery San Andreas Multiplayer (SAMP), Call of Duty, SCUM, OpenTTD. P\u0159ij\u010fte si zahr\u00e1t!","publisher":{"@id":"https:\/\/www.game4fun.eu\/#organization"},"potentialAction":[{"@type":"SearchAction","target":{"@type":"EntryPoint","urlTemplate":"https:\/\/www.game4fun.eu\/?s={search_term_string}"},"query-input":{"@type":"PropertyValueSpecification","valueRequired":true,"valueName":"search_term_string"}}],"inLanguage":"cs"},{"@type":"Organization","@id":"https:\/\/www.game4fun.eu\/#organization","name":"Game4Fun.eu | \u010cesk\u00fd hern\u00ed port\u00e1l","url":"https:\/\/www.game4fun.eu\/","logo":{"@type":"ImageObject","inLanguage":"cs","@id":"https:\/\/www.game4fun.eu\/#\/schema\/logo\/image\/","url":"https:\/\/www.game4fun.eu\/wp-content\/uploads\/2025\/10\/Game4funlogo.png","contentUrl":"https:\/\/www.game4fun.eu\/wp-content\/uploads\/2025\/10\/Game4funlogo.png","width":210,"height":94,"caption":"Game4Fun.eu | \u010cesk\u00fd hern\u00ed port\u00e1l"},"image":{"@id":"https:\/\/www.game4fun.eu\/#\/schema\/logo\/image\/"}}]}},"_links":{"self":[{"href":"https:\/\/www.game4fun.eu\/index.php?rest_route=\/wp\/v2\/pages\/290","targetHints":{"allow":["GET"]}}],"collection":[{"href":"https:\/\/www.game4fun.eu\/index.php?rest_route=\/wp\/v2\/pages"}],"about":[{"href":"https:\/\/www.game4fun.eu\/index.php?rest_route=\/wp\/v2\/types\/page"}],"author":[{"embeddable":true,"href":"https:\/\/www.game4fun.eu\/index.php?rest_route=\/wp\/v2\/users\/1"}],"replies":[{"embeddable":true,"href":"https:\/\/www.game4fun.eu\/index.php?rest_route=%2Fwp%2Fv2%2Fcomments&post=290"}],"version-history":[{"count":50,"href":"https:\/\/www.game4fun.eu\/index.php?rest_route=\/wp\/v2\/pages\/290\/revisions"}],"predecessor-version":[{"id":831,"href":"https:\/\/www.game4fun.eu\/index.php?rest_route=\/wp\/v2\/pages\/290\/revisions\/831"}],"wp:attachment":[{"href":"https:\/\/www.game4fun.eu\/index.php?rest_route=%2Fwp%2Fv2%2Fmedia&parent=290"}],"curies":[{"name":"wp","href":"https:\/\/api.w.org\/{rel}","templated":true}]}}