{"id":2916,"date":"2026-01-24T11:21:26","date_gmt":"2026-01-24T11:21:26","guid":{"rendered":"https:\/\/www.game4fun.eu\/?page_id=2916"},"modified":"2026-01-24T11:21:26","modified_gmt":"2026-01-24T11:21:26","slug":"aktivita-hracu","status":"publish","type":"page","link":"https:\/\/www.game4fun.eu\/?page_id=2916","title":{"rendered":"Aktivita hr\u00e1\u010d\u016f"},"content":{"rendered":"<style>\r\n.scum-activity-wrap{\r\n    display:grid;\r\n    grid-template-columns:repeat(auto-fill,minmax(200px,1fr));\r\n    gap:12px;\r\n    margin:12px 0\r\n}\r\n.scum-activity-box{\r\n    position:relative;\r\n    border:1px solid #ddd;\r\n    background:linear-gradient(135deg,#0f2027,#203a43,#2c5364);\r\n    color:#fff;\r\n    border-radius:16px;\r\n    padding:12px;\r\n    box-shadow:0 6px 16px rgba(0,0,0,0.35);\r\n    transition:transform .2s ease, box-shadow .2s ease\r\n}\r\n.scum-activity-box.online{\r\n    box-shadow:0 0 16px 3px rgba(46,204,113,0.9);\r\n}\r\n.scum-activity-box:hover{\r\n    transform:translateY(-4px);\r\n    box-shadow:0 10px 24px rgba(0,0,0,0.5)\r\n}\r\n.scum-rank{font-size:18px;font-weight:bold}\r\n.scum-nick{font-size:17px;font-weight:bold;margin:6px 0}\r\n.scum-time{font-size:13px;color:#d0d0d0}\r\n.scum-last{font-size:12px;color:#a0e7ff;margin-top:4px}\r\n.scum-label{font-size:12px;color:#ccc;margin-top:4px}\r\n.scum-online{\r\n    position:absolute;\r\n    top:12px;\r\n    right:12px;\r\n    padding:4px 10px;\r\n    border-radius:20px;\r\n    background:#2ecc71;\r\n    color:#000;\r\n    font-size:11px;\r\n    font-weight:bold;\r\n    box-shadow:0 0 14px rgba(46,204,113,1);\r\n    animation:scumGlow 1.5s infinite alternate\r\n}\r\n@keyframes scumGlow{\r\n    from{box-shadow:0 0 8px rgba(46,204,113,0.6)}\r\n    to{box-shadow:0 0 18px rgba(46,204,113,1)}\r\n}\r\n.scum-gold{border-color:#f1c40f}\r\n.scum-silver{border-color:#bdc3c7}\r\n.scum-bronze{border-color:#cd7f32}\r\n.scum-fire{border-color:#e67e22}\r\n.scum-dead{border-color:#e74c3c}\r\n<\/style><div class=\"scum-activity-wrap\"><div class=\"scum-activity-box scum-gold \">\r\n            <div class=\"scum-rank\">\ud83e\udd47 #1<\/div>\r\n            <div class=\"scum-nick\">\ud83c\udde8\ud83c\uddff BABI<\/div><div class=\"scum-time\">\u010cas ve h\u0159e: 4141 min<\/div><div class=\"scum-last\">Posledn\u00ed p\u0159ipojen\u00ed: 22.04.2026 21:54:21<\/div><div class=\"scum-label\">Nejaktivn\u011bj\u0161\u00ed<\/div><\/div><div class=\"scum-activity-box scum-silver online\">\r\n            <div class=\"scum-rank\">\ud83e\udd48 #2<\/div>\r\n            <div class=\"scum-nick\">\ud83c\udf0d darkfenix<\/div><div class=\"scum-online\">Online<\/div><div class=\"scum-time\">\u010cas ve h\u0159e: 2796 min<\/div><div class=\"scum-last\">Posledn\u00ed p\u0159ipojen\u00ed: 25.04.2026 13:16:06<\/div><div class=\"scum-label\">Druh\u00e9 m\u00edsto<\/div><\/div><div class=\"scum-activity-box scum-bronze online\">\r\n            <div class=\"scum-rank\">\ud83e\udd49 #3<\/div>\r\n            <div class=\"scum-nick\">\ud83c\uddeb\ud83c\uddf7 Bloodwind<\/div><div class=\"scum-online\">Online<\/div><div class=\"scum-time\">\u010cas ve h\u0159e: 2795 min<\/div><div class=\"scum-last\">Posledn\u00ed p\u0159ipojen\u00ed: 25.04.2026 05:55:07<\/div><div class=\"scum-label\">T\u0159et\u00ed m\u00edsto<\/div><\/div><div class=\"scum-activity-box scum-fire \">\r\n            <div class=\"scum-rank\">\ud83d\udd25 #4<\/div>\r\n            <div class=\"scum-nick\">\ud83c\udf0d Jinn<\/div><div class=\"scum-time\">\u010cas ve h\u0159e: 2740 min<\/div><div class=\"scum-last\">Posledn\u00ed p\u0159ipojen\u00ed: 24.04.2026 15:07:39<\/div><div class=\"scum-label\">Top aktivn\u00ed<\/div><\/div><div class=\"scum-activity-box scum-fire \">\r\n            <div class=\"scum-rank\">\ud83d\udd25 #5<\/div>\r\n            <div class=\"scum-nick\">\ud83c\uddf7\ud83c\uddfa Namtar<\/div><div class=\"scum-time\">\u010cas ve h\u0159e: 2211 min<\/div><div class=\"scum-last\">Posledn\u00ed p\u0159ipojen\u00ed: 24.04.2026 16:22:44<\/div><div class=\"scum-label\">Top aktivn\u00ed<\/div><\/div><div class=\"scum-activity-box scum-fire \">\r\n            <div class=\"scum-rank\">\ud83d\udd25 #6<\/div>\r\n            <div class=\"scum-nick\">\ud83c\udde8\ud83c\uddff Rohl\u00ed\u010dek91<\/div><div class=\"scum-time\">\u010cas ve h\u0159e: 1472 min<\/div><div class=\"scum-last\">Posledn\u00ed p\u0159ipojen\u00ed: 17.04.2026 21:11:32<\/div><div class=\"scum-label\">Top aktivn\u00ed<\/div><\/div><div class=\"scum-activity-box scum-fire \">\r\n            <div class=\"scum-rank\">\ud83d\udd25 #7<\/div>\r\n            <div class=\"scum-nick\">\ud83c\udde8\ud83c\uddff LDK<\/div><div class=\"scum-time\">\u010cas ve h\u0159e: 545 min<\/div><div class=\"scum-last\">Posledn\u00ed p\u0159ipojen\u00ed: 15.04.2026 21:28:29<\/div><div class=\"scum-label\">Top aktivn\u00ed<\/div><\/div><div class=\"scum-activity-box scum-fire \">\r\n            <div class=\"scum-rank\">\ud83d\udd25 #8<\/div>\r\n            <div class=\"scum-nick\">\ud83c\udf0d PetyusZ<\/div><div class=\"scum-time\">\u010cas ve h\u0159e: 520 min<\/div><div class=\"scum-last\">Posledn\u00ed p\u0159ipojen\u00ed: 10.04.2026 11:53:15<\/div><div class=\"scum-label\">Top aktivn\u00ed<\/div><\/div><div class=\"scum-activity-box scum-fire \">\r\n            <div class=\"scum-rank\">\ud83d\udd25 #9<\/div>\r\n            <div class=\"scum-nick\">\ud83c\udf0d Harley<\/div><div class=\"scum-time\">\u010cas ve h\u0159e: 510 min<\/div><div class=\"scum-last\">Posledn\u00ed p\u0159ipojen\u00ed: 10.04.2026 04:36:48<\/div><div class=\"scum-label\">Top aktivn\u00ed<\/div><\/div><div class=\"scum-activity-box scum-fire \">\r\n            <div class=\"scum-rank\">\ud83d\udd25 #10<\/div>\r\n            <div class=\"scum-nick\">\ud83c\udde8\ud83c\uddff Tomigena<\/div><div class=\"scum-time\">\u010cas ve h\u0159e: 463 min<\/div><div class=\"scum-last\">Posledn\u00ed p\u0159ipojen\u00ed: 24.04.2026 19:39:10<\/div><div class=\"scum-label\">Top aktivn\u00ed<\/div><\/div><div class=\"scum-activity-box  \">\r\n            <div class=\"scum-rank\">\ud83c\udfae #11<\/div>\r\n            <div class=\"scum-nick\">\ud83c\udde8\ud83c\uddff BirbTheCrow<\/div><div class=\"scum-time\">\u010cas ve h\u0159e: 398 min<\/div><div class=\"scum-last\">Posledn\u00ed p\u0159ipojen\u00ed: 09.04.2026 19:53:40<\/div><div class=\"scum-label\">Aktivn\u00ed hr\u00e1\u010d<\/div><\/div><div class=\"scum-activity-box  \">\r\n            <div class=\"scum-rank\">\ud83c\udfae #12<\/div>\r\n            <div class=\"scum-nick\">\ud83c\udde9\ud83c\uddea PhoNix<\/div><div class=\"scum-time\">\u010cas ve h\u0159e: 357 min<\/div><div class=\"scum-last\">Posledn\u00ed p\u0159ipojen\u00ed: 24.04.2026 20:14:40<\/div><div class=\"scum-label\">Aktivn\u00ed hr\u00e1\u010d<\/div><\/div><div class=\"scum-activity-box  \">\r\n            <div class=\"scum-rank\">\ud83c\udfae #13<\/div>\r\n            <div class=\"scum-nick\">\ud83c\udf0d Polatkann<\/div><div class=\"scum-time\">\u010cas ve h\u0159e: 350 min<\/div><div class=\"scum-last\">Posledn\u00ed p\u0159ipojen\u00ed: 16.04.2026 14:02:34<\/div><div class=\"scum-label\">Aktivn\u00ed hr\u00e1\u010d<\/div><\/div><div class=\"scum-activity-box  \">\r\n            <div class=\"scum-rank\">\ud83c\udfae #14<\/div>\r\n            <div class=\"scum-nick\">\ud83c\udf0d FakeKiller<\/div><div class=\"scum-time\">\u010cas ve h\u0159e: 338 min<\/div><div class=\"scum-last\">Posledn\u00ed p\u0159ipojen\u00ed: 15.04.2026 20:28:59<\/div><div class=\"scum-label\">Aktivn\u00ed hr\u00e1\u010d<\/div><\/div><div class=\"scum-activity-box  \">\r\n            <div class=\"scum-rank\">\ud83c\udfae #15<\/div>\r\n            <div class=\"scum-nick\">\ud83c\uddf8\ud83c\uddf0 ron24<\/div><div class=\"scum-time\">\u010cas ve h\u0159e: 335 min<\/div><div class=\"scum-last\">Posledn\u00ed p\u0159ipojen\u00ed: 02.04.2026 14:55:16<\/div><div class=\"scum-label\">Aktivn\u00ed hr\u00e1\u010d<\/div><\/div><div class=\"scum-activity-box  \">\r\n            <div class=\"scum-rank\">\ud83c\udfae #16<\/div>\r\n            <div class=\"scum-nick\">\ud83c\uddf8\ud83c\uddf0 FrankC40<\/div><div class=\"scum-time\">\u010cas ve h\u0159e: 333 min<\/div><div class=\"scum-last\">Posledn\u00ed p\u0159ipojen\u00ed: 02.04.2026 14:55:22<\/div><div class=\"scum-label\">Aktivn\u00ed hr\u00e1\u010d<\/div><\/div><div class=\"scum-activity-box  \">\r\n            <div class=\"scum-rank\">\ud83c\udfae #17<\/div>\r\n            <div class=\"scum-nick\">\ud83c\udde8\ud83c\uddff Babinski<\/div><div class=\"scum-time\">\u010cas ve h\u0159e: 228 min<\/div><div class=\"scum-last\">Posledn\u00ed p\u0159ipojen\u00ed: 15.04.2026 19:20:18<\/div><div class=\"scum-label\">Aktivn\u00ed hr\u00e1\u010d<\/div><\/div><div class=\"scum-activity-box  \">\r\n            <div class=\"scum-rank\">\ud83c\udfae #18<\/div>\r\n            <div class=\"scum-nick\">\ud83c\udde8\ud83c\uddff Piplovic<\/div><div class=\"scum-time\">\u010cas ve h\u0159e: 191 min<\/div><div class=\"scum-last\">Posledn\u00ed p\u0159ipojen\u00ed: 24.04.2026 20:29:19<\/div><div class=\"scum-label\">Aktivn\u00ed hr\u00e1\u010d<\/div><\/div><div class=\"scum-activity-box  \">\r\n            <div class=\"scum-rank\">\ud83c\udfae #19<\/div>\r\n            <div class=\"scum-nick\">\ud83c\udde8\ud83c\uddff Mouchyc2302<\/div><div class=\"scum-time\">\u010cas ve h\u0159e: 164 min<\/div><div class=\"scum-last\">Posledn\u00ed p\u0159ipojen\u00ed: 24.04.2026 21:17:37<\/div><div class=\"scum-label\">Aktivn\u00ed hr\u00e1\u010d<\/div><\/div><div class=\"scum-activity-box  \">\r\n            <div class=\"scum-rank\">\ud83c\udfae #20<\/div>\r\n            <div class=\"scum-nick\">\ud83c\udde8\ud83c\uddff atrei33<\/div><div class=\"scum-time\">\u010cas ve h\u0159e: 71 min<\/div><div class=\"scum-last\">Posledn\u00ed p\u0159ipojen\u00ed: 24.04.2026 08:03:28<\/div><div class=\"scum-label\">Aktivn\u00ed hr\u00e1\u010d<\/div><\/div><div class=\"scum-activity-box  \">\r\n            <div class=\"scum-rank\">\ud83c\udfae #21<\/div>\r\n            <div class=\"scum-nick\">\ud83c\udf0d vosmok<\/div><div class=\"scum-time\">\u010cas ve h\u0159e: 45 min<\/div><div class=\"scum-last\">Posledn\u00ed p\u0159ipojen\u00ed: 24.04.2026 15:49:34<\/div><div class=\"scum-label\">Aktivn\u00ed hr\u00e1\u010d<\/div><\/div><div class=\"scum-activity-box  \">\r\n            <div class=\"scum-rank\">\ud83c\udfae #22<\/div>\r\n            <div class=\"scum-nick\">\ud83c\uddf5\ud83c\uddf1 GG<\/div><div class=\"scum-time\">\u010cas ve h\u0159e: 35 min<\/div><div class=\"scum-last\">Posledn\u00ed p\u0159ipojen\u00ed: 11.04.2026 14:44:55<\/div><div class=\"scum-label\">Aktivn\u00ed hr\u00e1\u010d<\/div><\/div><div class=\"scum-activity-box  \">\r\n            <div class=\"scum-rank\">\ud83c\udfae #23<\/div>\r\n            <div class=\"scum-nick\">\ud83c\udde6\ud83c\uddf9 utfjkt67<\/div><div class=\"scum-time\">\u010cas ve h\u0159e: 8 min<\/div><div class=\"scum-last\">Posledn\u00ed p\u0159ipojen\u00ed: 30.03.2026 01:27:56<\/div><div class=\"scum-label\">Aktivn\u00ed hr\u00e1\u010d<\/div><\/div><div class=\"scum-activity-box  \">\r\n            <div class=\"scum-rank\">\ud83c\udfae #24<\/div>\r\n            <div class=\"scum-nick\">\ud83c\uddec\ud83c\udde7 dtdtfggfhhydytdjdj<\/div><div class=\"scum-time\">\u010cas ve h\u0159e: 1 min<\/div><div class=\"scum-last\">Posledn\u00ed p\u0159ipojen\u00ed: 15.04.2026 03:28:24<\/div><div class=\"scum-label\">Aktivn\u00ed hr\u00e1\u010d<\/div><\/div><div class=\"scum-activity-box  \">\r\n            <div class=\"scum-rank\">\ud83c\udfae #25<\/div>\r\n            <div class=\"scum-nick\">\ud83c\uddec\ud83c\udde7 Para Bellum<\/div><div class=\"scum-time\">\u010cas ve h\u0159e: 0 min<\/div><div class=\"scum-last\">Posledn\u00ed p\u0159ipojen\u00ed: 11.04.2026 13:10:36<\/div><div class=\"scum-label\">Aktivn\u00ed hr\u00e1\u010d<\/div><\/div><div class=\"scum-activity-box scum-dead \">\r\n            <div class=\"scum-rank\">\ud83d\udc80 #26<\/div>\r\n            <div class=\"scum-nick\">\ud83c\udde8\ud83c\uddff shmoud<\/div><div class=\"scum-time\">\u010cas ve h\u0159e: 0 min<\/div><div class=\"scum-last\">Posledn\u00ed p\u0159ipojen\u00ed: 10.04.2026 20:41:35<\/div><div class=\"scum-label\">Nejm\u00e9n\u011b aktivn\u00ed<\/div><\/div><\/div>\n","protected":false},"excerpt":{"rendered":"","protected":false},"author":19,"featured_media":0,"parent":0,"menu_order":0,"comment_status":"closed","ping_status":"closed","template":"","meta":{"footnotes":""},"class_list":["post-2916","page","type-page","status-publish","hentry"],"yoast_head":"<!-- This site is optimized with the Yoast SEO plugin v27.4 - https:\/\/yoast.com\/product\/yoast-seo-wordpress\/ -->\n<title>Aktivita hr\u00e1\u010d\u016f | Game4Fun.eu - Hern\u00ed sv\u011bt<\/title>\n<meta name=\"robots\" content=\"index, follow, max-snippet:-1, max-image-preview:large, max-video-preview:-1\" \/>\n<link rel=\"canonical\" href=\"https:\/\/www.game4fun.eu\/?page_id=2916\" \/>\n<meta property=\"og:locale\" content=\"cs_CZ\" \/>\n<meta property=\"og:type\" content=\"article\" \/>\n<meta property=\"og:title\" content=\"Aktivita hr\u00e1\u010d\u016f | Game4Fun.eu - Hern\u00ed sv\u011bt\" \/>\n<meta property=\"og:url\" content=\"https:\/\/www.game4fun.eu\/?page_id=2916\" \/>\n<meta property=\"og:site_name\" content=\"Game4Fun.eu - Hern\u00ed sv\u011bt\" \/>\n<meta name=\"twitter:card\" content=\"summary_large_image\" \/>\n<script type=\"application\/ld+json\" class=\"yoast-schema-graph\">{\"@context\":\"https:\\\/\\\/schema.org\",\"@graph\":[{\"@type\":\"WebPage\",\"@id\":\"https:\\\/\\\/www.game4fun.eu\\\/?page_id=2916\",\"url\":\"https:\\\/\\\/www.game4fun.eu\\\/?page_id=2916\",\"name\":\"Aktivita hr\u00e1\u010d\u016f | Game4Fun.eu - Hern\u00ed sv\u011bt\",\"isPartOf\":{\"@id\":\"https:\\\/\\\/www.game4fun.eu\\\/#website\"},\"datePublished\":\"2026-01-24T11:21:26+00:00\",\"breadcrumb\":{\"@id\":\"https:\\\/\\\/www.game4fun.eu\\\/?page_id=2916#breadcrumb\"},\"inLanguage\":\"cs\",\"potentialAction\":[{\"@type\":\"ReadAction\",\"target\":[\"https:\\\/\\\/www.game4fun.eu\\\/?page_id=2916\"]}]},{\"@type\":\"BreadcrumbList\",\"@id\":\"https:\\\/\\\/www.game4fun.eu\\\/?page_id=2916#breadcrumb\",\"itemListElement\":[{\"@type\":\"ListItem\",\"position\":1,\"name\":\"Dom\u016f\",\"item\":\"https:\\\/\\\/www.game4fun.eu\\\/\"},{\"@type\":\"ListItem\",\"position\":2,\"name\":\"Aktivita hr\u00e1\u010d\u016f\"}]},{\"@type\":\"WebSite\",\"@id\":\"https:\\\/\\\/www.game4fun.eu\\\/#website\",\"url\":\"https:\\\/\\\/www.game4fun.eu\\\/\",\"name\":\"Game4Fun.eu | \u010cesk\u00fd hern\u00ed port\u00e1l\",\"description\":\"\u010cesk\u00fd hern\u00ed port\u00e1l se servery San Andreas Multiplayer (SAMP), Call of Duty, SCUM, OpenTTD. P\u0159ij\u010fte si zahr\u00e1t!\",\"publisher\":{\"@id\":\"https:\\\/\\\/www.game4fun.eu\\\/#organization\"},\"potentialAction\":[{\"@type\":\"SearchAction\",\"target\":{\"@type\":\"EntryPoint\",\"urlTemplate\":\"https:\\\/\\\/www.game4fun.eu\\\/?s={search_term_string}\"},\"query-input\":{\"@type\":\"PropertyValueSpecification\",\"valueRequired\":true,\"valueName\":\"search_term_string\"}}],\"inLanguage\":\"cs\"},{\"@type\":\"Organization\",\"@id\":\"https:\\\/\\\/www.game4fun.eu\\\/#organization\",\"name\":\"Game4Fun.eu | \u010cesk\u00fd hern\u00ed port\u00e1l\",\"url\":\"https:\\\/\\\/www.game4fun.eu\\\/\",\"logo\":{\"@type\":\"ImageObject\",\"inLanguage\":\"cs\",\"@id\":\"https:\\\/\\\/www.game4fun.eu\\\/#\\\/schema\\\/logo\\\/image\\\/\",\"url\":\"https:\\\/\\\/www.game4fun.eu\\\/wp-content\\\/uploads\\\/2025\\\/10\\\/Game4funlogo.png\",\"contentUrl\":\"https:\\\/\\\/www.game4fun.eu\\\/wp-content\\\/uploads\\\/2025\\\/10\\\/Game4funlogo.png\",\"width\":210,\"height\":94,\"caption\":\"Game4Fun.eu | \u010cesk\u00fd hern\u00ed port\u00e1l\"},\"image\":{\"@id\":\"https:\\\/\\\/www.game4fun.eu\\\/#\\\/schema\\\/logo\\\/image\\\/\"}}]}<\/script>\n<!-- \/ Yoast SEO plugin. -->","yoast_head_json":{"title":"Aktivita hr\u00e1\u010d\u016f | Game4Fun.eu - Hern\u00ed sv\u011bt","robots":{"index":"index","follow":"follow","max-snippet":"max-snippet:-1","max-image-preview":"max-image-preview:large","max-video-preview":"max-video-preview:-1"},"canonical":"https:\/\/www.game4fun.eu\/?page_id=2916","og_locale":"cs_CZ","og_type":"article","og_title":"Aktivita hr\u00e1\u010d\u016f | Game4Fun.eu - Hern\u00ed sv\u011bt","og_url":"https:\/\/www.game4fun.eu\/?page_id=2916","og_site_name":"Game4Fun.eu - Hern\u00ed sv\u011bt","twitter_card":"summary_large_image","schema":{"@context":"https:\/\/schema.org","@graph":[{"@type":"WebPage","@id":"https:\/\/www.game4fun.eu\/?page_id=2916","url":"https:\/\/www.game4fun.eu\/?page_id=2916","name":"Aktivita hr\u00e1\u010d\u016f | Game4Fun.eu - Hern\u00ed sv\u011bt","isPartOf":{"@id":"https:\/\/www.game4fun.eu\/#website"},"datePublished":"2026-01-24T11:21:26+00:00","breadcrumb":{"@id":"https:\/\/www.game4fun.eu\/?page_id=2916#breadcrumb"},"inLanguage":"cs","potentialAction":[{"@type":"ReadAction","target":["https:\/\/www.game4fun.eu\/?page_id=2916"]}]},{"@type":"BreadcrumbList","@id":"https:\/\/www.game4fun.eu\/?page_id=2916#breadcrumb","itemListElement":[{"@type":"ListItem","position":1,"name":"Dom\u016f","item":"https:\/\/www.game4fun.eu\/"},{"@type":"ListItem","position":2,"name":"Aktivita hr\u00e1\u010d\u016f"}]},{"@type":"WebSite","@id":"https:\/\/www.game4fun.eu\/#website","url":"https:\/\/www.game4fun.eu\/","name":"Game4Fun.eu | \u010cesk\u00fd hern\u00ed port\u00e1l","description":"\u010cesk\u00fd hern\u00ed port\u00e1l se servery San Andreas Multiplayer (SAMP), Call of Duty, SCUM, OpenTTD. P\u0159ij\u010fte si zahr\u00e1t!","publisher":{"@id":"https:\/\/www.game4fun.eu\/#organization"},"potentialAction":[{"@type":"SearchAction","target":{"@type":"EntryPoint","urlTemplate":"https:\/\/www.game4fun.eu\/?s={search_term_string}"},"query-input":{"@type":"PropertyValueSpecification","valueRequired":true,"valueName":"search_term_string"}}],"inLanguage":"cs"},{"@type":"Organization","@id":"https:\/\/www.game4fun.eu\/#organization","name":"Game4Fun.eu | \u010cesk\u00fd hern\u00ed port\u00e1l","url":"https:\/\/www.game4fun.eu\/","logo":{"@type":"ImageObject","inLanguage":"cs","@id":"https:\/\/www.game4fun.eu\/#\/schema\/logo\/image\/","url":"https:\/\/www.game4fun.eu\/wp-content\/uploads\/2025\/10\/Game4funlogo.png","contentUrl":"https:\/\/www.game4fun.eu\/wp-content\/uploads\/2025\/10\/Game4funlogo.png","width":210,"height":94,"caption":"Game4Fun.eu | \u010cesk\u00fd hern\u00ed port\u00e1l"},"image":{"@id":"https:\/\/www.game4fun.eu\/#\/schema\/logo\/image\/"}}]}},"_links":{"self":[{"href":"https:\/\/www.game4fun.eu\/index.php?rest_route=\/wp\/v2\/pages\/2916","targetHints":{"allow":["GET"]}}],"collection":[{"href":"https:\/\/www.game4fun.eu\/index.php?rest_route=\/wp\/v2\/pages"}],"about":[{"href":"https:\/\/www.game4fun.eu\/index.php?rest_route=\/wp\/v2\/types\/page"}],"author":[{"embeddable":true,"href":"https:\/\/www.game4fun.eu\/index.php?rest_route=\/wp\/v2\/users\/19"}],"replies":[{"embeddable":true,"href":"https:\/\/www.game4fun.eu\/index.php?rest_route=%2Fwp%2Fv2%2Fcomments&post=2916"}],"version-history":[{"count":1,"href":"https:\/\/www.game4fun.eu\/index.php?rest_route=\/wp\/v2\/pages\/2916\/revisions"}],"predecessor-version":[{"id":2917,"href":"https:\/\/www.game4fun.eu\/index.php?rest_route=\/wp\/v2\/pages\/2916\/revisions\/2917"}],"wp:attachment":[{"href":"https:\/\/www.game4fun.eu\/index.php?rest_route=%2Fwp%2Fv2%2Fmedia&parent=2916"}],"curies":[{"name":"wp","href":"https:\/\/api.w.org\/{rel}","templated":true}]}}