{"id":2976,"date":"2026-01-31T20:22:29","date_gmt":"2026-01-31T20:22:29","guid":{"rendered":"https:\/\/www.game4fun.eu\/?page_id=2976"},"modified":"2026-02-04T21:52:54","modified_gmt":"2026-02-04T21:52:54","slug":"test-scum-bazar","status":"publish","type":"page","link":"https:\/\/www.game4fun.eu\/?page_id=2976","title":{"rendered":"SCUM Bazar"},"content":{"rendered":"<h2 style=\"text-align: center;\"><strong>SCUM BAZAR<\/strong><\/h2>\n<p style=\"text-align: center;\"><strong>M\u00e1te p\u0159ebyte\u010dn\u00e9 v\u011bci a chcete je prodat nebo vym\u011bnit?<\/strong><br data-start=\"630\" data-end=\"633\" \/><strong>SCUM Bazar slou\u017e\u00ed jako online tr\u017ei\u0161t\u011b mezi hr\u00e1\u010di. Sta\u010d\u00ed podat inzer\u00e1t a po\u010dkat, a\u017e se ozve z\u00e1jemce. Pokud n\u011bkdo nebude m\u00edt n\u00e1ladu hledat loot a uvid\u00ed va\u0161i nab\u00eddku zde, m\u016f\u017ee obchod prob\u011bhnout rychle a jednodu\u0161e.<\/strong><\/p>\n<p><strong>Informace:<\/strong><br \/>\nTento bazar je ur\u010den\u00fd pouze hry SCUM.<br \/>\nNem\u00e1 nic spole\u010dn\u00e9ho s re\u00e1ln\u00fdm prodejem.<br \/>\nJe to \u010dist\u011b pro zbo\u017e\u00ed kter\u00e9 se vyskytuje ve h\u0159e SCUM a jeho m\u011bna (Coins &#8211; Cash &#8211; Credits)<\/p>\n<h4>Pravidla:<\/h4>\n<p>1. Pro <strong>vlo\u017een\u00ed inzer\u00e1tu je zapot\u0159eb\u00ed \u010dlenstv\u00ed<\/strong>.<br \/>\n1.1 \u010clenstv\u00ed <strong>ud\u011bluje hlavn\u00ed admin hry<\/strong> na po\u017e\u00e1d\u00e1n\u00ed.<br \/>\n1.2 Je <strong>nutn\u00e1 registrace na tomto webu<\/strong>.<br \/>\n2. \u017d\u00e1dn\u00fd spam.<br \/>\n2.1 Anti-spam: jeden inzer\u00e1t ka\u017ed\u00fdch 15 minut.<br \/>\n3. Co nem\u00e1te, to nenab\u00edzejte.<br \/>\n4. Pokud se v\u011bc prod\u00e1, ozna\u010dte ji jako prodanou.<br \/>\n5. Pokud danou v\u011bc ztrat\u00edte nebo se rozbije, inzer\u00e1t sma\u017ete.<br \/>\n6. Cel\u00e1 inzerce nab\u00eddek se p<strong>o wipe serveru adminem sma\u017ee<\/strong>.<br \/>\n7. <span style=\"color: #ff0000;\">Podvody jsou zak\u00e1zan\u00e9!<\/span><br \/>\n7.1 Trestem je ztr\u00e1ta \u010dlenstv\u00ed nebo ban.<br \/>\n7.2 <span style=\"color: #ff0000;\">Podvody je nutn\u00e9 zdokumentovat jako d\u016fkaz<\/span> a pot\u00e9 podat ticket (DC ticket syst\u00e9m scum), kde se cel\u00e1 v\u011bc pro\u0161et\u0159\u00ed a p\u0159\u00edpadn\u011b rozhodne.<\/p>\n<p><strong>Doporu\u010den\u00ed:<\/strong><br \/>\n<span style=\"color: #000000;\">Obchodovat nejl\u00e9pe s hr\u00e1\u010di kte\u0159\u00ed maj\u00ed ve h\u0159e v\u00edce odehr\u00e1no a n\u011bjakou hodnotu.<\/span><\/p>\n<p>Pokud n\u011bkdo poru\u0161\u00ed dan\u00e1 pravidla, bude mu odebran\u00e9 \u010dlenstv\u00ed.<\/p>\n<div class=\"scum-bazar-box\">\r\n        <div class=\"scum-bazar-title\">ID 3090 | Velk\u00fd Eletrick\u00fd gener\u00e1tor<\/div>\r\n        Stav OK<br \/>\r\n70%<br \/>\r\nBenz\u00edn 16%\r\n        <div class=\"scum-bazar-meta\">\r\n        <span class=\"scum-bazar-stav-prodano\">STAV: PRODANO<\/span><br>\r\n        Hern\u00ed nick: Piplovic<br>\r\n        Cena: 1000 C<br>\r\n        Datum: 19.04.2026 15:32<br>\r\n        Autor: Piplovic.\r\n        <\/div><\/div>\n","protected":false},"excerpt":{"rendered":"<p>SCUM BAZAR M\u00e1te p\u0159ebyte\u010dn\u00e9 v\u011bci a chcete je prodat nebo vym\u011bnit?SCUM Bazar slou\u017e\u00ed jako online tr\u017ei\u0161t\u011b mezi hr\u00e1\u010di. Sta\u010d\u00ed podat inzer\u00e1t a po\u010dkat, a\u017e se ozve z\u00e1jemce. Pokud n\u011bkdo nebude m\u00edt n\u00e1ladu hledat loot a uvid\u00ed va\u0161i nab\u00eddku zde, m\u016f\u017ee obchod prob\u011bhnout rychle a jednodu\u0161e. Informace: Tento bazar je ur\u010den\u00fd pouze hry SCUM. Nem\u00e1 nic &hellip;<br \/><a href=\"https:\/\/www.game4fun.eu\/?scum_bazar=velky-eletricky-generator\" class=\"more-link pen_button pen_element_default pen_icon_arrow_double\">Pokra\u010dovat ve\u00a0\u010dten\u00ed <span class=\"screen-reader-text\">Velk\u00fd Eletrick\u00fd gener\u00e1tor<\/span><\/a><\/p>\n","protected":false},"author":19,"featured_media":0,"parent":0,"menu_order":0,"comment_status":"closed","ping_status":"closed","template":"","meta":{"footnotes":""},"class_list":["post-2976","page","type-page","status-publish","hentry"],"yoast_head":"<!-- This site is optimized with the Yoast SEO plugin v27.6 - https:\/\/yoast.com\/product\/yoast-seo-wordpress\/ -->\n<title>SCUM Bazar | Game4Fun.eu - Hern\u00ed sv\u011bt<\/title>\n<meta name=\"robots\" content=\"index, follow, max-snippet:-1, max-image-preview:large, max-video-preview:-1\" \/>\n<link rel=\"canonical\" href=\"https:\/\/www.game4fun.eu\/?page_id=2976\" \/>\n<meta property=\"og:locale\" content=\"cs_CZ\" \/>\n<meta property=\"og:type\" content=\"article\" \/>\n<meta property=\"og:title\" content=\"SCUM Bazar | Game4Fun.eu - Hern\u00ed sv\u011bt\" \/>\n<meta property=\"og:description\" content=\"SCUM BAZAR M\u00e1te p\u0159ebyte\u010dn\u00e9 v\u011bci a chcete je prodat nebo vym\u011bnit?SCUM Bazar slou\u017e\u00ed jako online tr\u017ei\u0161t\u011b mezi hr\u00e1\u010di. Sta\u010d\u00ed podat inzer\u00e1t a po\u010dkat, a\u017e se ozve z\u00e1jemce. Pokud n\u011bkdo nebude m\u00edt n\u00e1ladu hledat loot a uvid\u00ed va\u0161i nab\u00eddku zde, m\u016f\u017ee obchod prob\u011bhnout rychle a jednodu\u0161e. Informace: Tento bazar je ur\u010den\u00fd pouze hry SCUM. Nem\u00e1 nic &hellip;Pokra\u010dovat ve\u00a0\u010dten\u00ed Velk\u00fd Eletrick\u00fd gener\u00e1tor\" \/>\n<meta property=\"og:url\" content=\"https:\/\/www.game4fun.eu\/?page_id=2976\" \/>\n<meta property=\"og:site_name\" content=\"Game4Fun.eu - Hern\u00ed sv\u011bt\" \/>\n<meta property=\"article:modified_time\" content=\"2026-02-04T21:52:54+00:00\" \/>\n<meta name=\"twitter:card\" content=\"summary_large_image\" \/>\n<meta name=\"twitter:label1\" content=\"Odhadovan\u00e1 doba \u010dten\u00ed\" \/>\n\t<meta name=\"twitter:data1\" content=\"2 minuty\" \/>\n<script type=\"application\/ld+json\" class=\"yoast-schema-graph\">{\"@context\":\"https:\\\/\\\/schema.org\",\"@graph\":[{\"@type\":\"WebPage\",\"@id\":\"https:\\\/\\\/www.game4fun.eu\\\/?page_id=2976\",\"url\":\"https:\\\/\\\/www.game4fun.eu\\\/?page_id=2976\",\"name\":\"SCUM Bazar | Game4Fun.eu - Hern\u00ed sv\u011bt\",\"isPartOf\":{\"@id\":\"https:\\\/\\\/www.game4fun.eu\\\/#website\"},\"datePublished\":\"2026-01-31T20:22:29+00:00\",\"dateModified\":\"2026-02-04T21:52:54+00:00\",\"breadcrumb\":{\"@id\":\"https:\\\/\\\/www.game4fun.eu\\\/?page_id=2976#breadcrumb\"},\"inLanguage\":\"cs\",\"potentialAction\":[{\"@type\":\"ReadAction\",\"target\":[\"https:\\\/\\\/www.game4fun.eu\\\/?page_id=2976\"]}]},{\"@type\":\"BreadcrumbList\",\"@id\":\"https:\\\/\\\/www.game4fun.eu\\\/?page_id=2976#breadcrumb\",\"itemListElement\":[{\"@type\":\"ListItem\",\"position\":1,\"name\":\"Dom\u016f\",\"item\":\"https:\\\/\\\/www.game4fun.eu\\\/\"},{\"@type\":\"ListItem\",\"position\":2,\"name\":\"SCUM Bazar\"}]},{\"@type\":\"WebSite\",\"@id\":\"https:\\\/\\\/www.game4fun.eu\\\/#website\",\"url\":\"https:\\\/\\\/www.game4fun.eu\\\/\",\"name\":\"Game4Fun.eu | \u010cesk\u00fd hern\u00ed port\u00e1l\",\"description\":\"\u010cesk\u00fd hern\u00ed port\u00e1l se servery San Andreas Multiplayer (SAMP), Call of Duty, SCUM, OpenTTD. P\u0159ij\u010fte si zahr\u00e1t!\",\"publisher\":{\"@id\":\"https:\\\/\\\/www.game4fun.eu\\\/#organization\"},\"potentialAction\":[{\"@type\":\"SearchAction\",\"target\":{\"@type\":\"EntryPoint\",\"urlTemplate\":\"https:\\\/\\\/www.game4fun.eu\\\/?s={search_term_string}\"},\"query-input\":{\"@type\":\"PropertyValueSpecification\",\"valueRequired\":true,\"valueName\":\"search_term_string\"}}],\"inLanguage\":\"cs\"},{\"@type\":\"Organization\",\"@id\":\"https:\\\/\\\/www.game4fun.eu\\\/#organization\",\"name\":\"Game4Fun.eu | \u010cesk\u00fd hern\u00ed port\u00e1l\",\"url\":\"https:\\\/\\\/www.game4fun.eu\\\/\",\"logo\":{\"@type\":\"ImageObject\",\"inLanguage\":\"cs\",\"@id\":\"https:\\\/\\\/www.game4fun.eu\\\/#\\\/schema\\\/logo\\\/image\\\/\",\"url\":\"https:\\\/\\\/www.game4fun.eu\\\/wp-content\\\/uploads\\\/2025\\\/10\\\/Game4funlogo.png\",\"contentUrl\":\"https:\\\/\\\/www.game4fun.eu\\\/wp-content\\\/uploads\\\/2025\\\/10\\\/Game4funlogo.png\",\"width\":210,\"height\":94,\"caption\":\"Game4Fun.eu | \u010cesk\u00fd hern\u00ed port\u00e1l\"},\"image\":{\"@id\":\"https:\\\/\\\/www.game4fun.eu\\\/#\\\/schema\\\/logo\\\/image\\\/\"}}]}<\/script>\n<!-- \/ Yoast SEO plugin. -->","yoast_head_json":{"title":"SCUM Bazar | Game4Fun.eu - Hern\u00ed sv\u011bt","robots":{"index":"index","follow":"follow","max-snippet":"max-snippet:-1","max-image-preview":"max-image-preview:large","max-video-preview":"max-video-preview:-1"},"canonical":"https:\/\/www.game4fun.eu\/?page_id=2976","og_locale":"cs_CZ","og_type":"article","og_title":"SCUM Bazar | Game4Fun.eu - Hern\u00ed sv\u011bt","og_description":"SCUM BAZAR M\u00e1te p\u0159ebyte\u010dn\u00e9 v\u011bci a chcete je prodat nebo vym\u011bnit?SCUM Bazar slou\u017e\u00ed jako online tr\u017ei\u0161t\u011b mezi hr\u00e1\u010di. Sta\u010d\u00ed podat inzer\u00e1t a po\u010dkat, a\u017e se ozve z\u00e1jemce. Pokud n\u011bkdo nebude m\u00edt n\u00e1ladu hledat loot a uvid\u00ed va\u0161i nab\u00eddku zde, m\u016f\u017ee obchod prob\u011bhnout rychle a jednodu\u0161e. Informace: Tento bazar je ur\u010den\u00fd pouze hry SCUM. Nem\u00e1 nic &hellip;Pokra\u010dovat ve\u00a0\u010dten\u00ed Velk\u00fd Eletrick\u00fd gener\u00e1tor","og_url":"https:\/\/www.game4fun.eu\/?page_id=2976","og_site_name":"Game4Fun.eu - Hern\u00ed sv\u011bt","article_modified_time":"2026-02-04T21:52:54+00:00","twitter_card":"summary_large_image","twitter_misc":{"Odhadovan\u00e1 doba \u010dten\u00ed":"2 minuty"},"schema":{"@context":"https:\/\/schema.org","@graph":[{"@type":"WebPage","@id":"https:\/\/www.game4fun.eu\/?page_id=2976","url":"https:\/\/www.game4fun.eu\/?page_id=2976","name":"SCUM Bazar | Game4Fun.eu - Hern\u00ed sv\u011bt","isPartOf":{"@id":"https:\/\/www.game4fun.eu\/#website"},"datePublished":"2026-01-31T20:22:29+00:00","dateModified":"2026-02-04T21:52:54+00:00","breadcrumb":{"@id":"https:\/\/www.game4fun.eu\/?page_id=2976#breadcrumb"},"inLanguage":"cs","potentialAction":[{"@type":"ReadAction","target":["https:\/\/www.game4fun.eu\/?page_id=2976"]}]},{"@type":"BreadcrumbList","@id":"https:\/\/www.game4fun.eu\/?page_id=2976#breadcrumb","itemListElement":[{"@type":"ListItem","position":1,"name":"Dom\u016f","item":"https:\/\/www.game4fun.eu\/"},{"@type":"ListItem","position":2,"name":"SCUM Bazar"}]},{"@type":"WebSite","@id":"https:\/\/www.game4fun.eu\/#website","url":"https:\/\/www.game4fun.eu\/","name":"Game4Fun.eu | \u010cesk\u00fd hern\u00ed port\u00e1l","description":"\u010cesk\u00fd hern\u00ed port\u00e1l se servery San Andreas Multiplayer (SAMP), Call of Duty, SCUM, OpenTTD. P\u0159ij\u010fte si zahr\u00e1t!","publisher":{"@id":"https:\/\/www.game4fun.eu\/#organization"},"potentialAction":[{"@type":"SearchAction","target":{"@type":"EntryPoint","urlTemplate":"https:\/\/www.game4fun.eu\/?s={search_term_string}"},"query-input":{"@type":"PropertyValueSpecification","valueRequired":true,"valueName":"search_term_string"}}],"inLanguage":"cs"},{"@type":"Organization","@id":"https:\/\/www.game4fun.eu\/#organization","name":"Game4Fun.eu | \u010cesk\u00fd hern\u00ed port\u00e1l","url":"https:\/\/www.game4fun.eu\/","logo":{"@type":"ImageObject","inLanguage":"cs","@id":"https:\/\/www.game4fun.eu\/#\/schema\/logo\/image\/","url":"https:\/\/www.game4fun.eu\/wp-content\/uploads\/2025\/10\/Game4funlogo.png","contentUrl":"https:\/\/www.game4fun.eu\/wp-content\/uploads\/2025\/10\/Game4funlogo.png","width":210,"height":94,"caption":"Game4Fun.eu | \u010cesk\u00fd hern\u00ed port\u00e1l"},"image":{"@id":"https:\/\/www.game4fun.eu\/#\/schema\/logo\/image\/"}}]}},"_links":{"self":[{"href":"https:\/\/www.game4fun.eu\/index.php?rest_route=\/wp\/v2\/pages\/2976","targetHints":{"allow":["GET"]}}],"collection":[{"href":"https:\/\/www.game4fun.eu\/index.php?rest_route=\/wp\/v2\/pages"}],"about":[{"href":"https:\/\/www.game4fun.eu\/index.php?rest_route=\/wp\/v2\/types\/page"}],"author":[{"embeddable":true,"href":"https:\/\/www.game4fun.eu\/index.php?rest_route=\/wp\/v2\/users\/19"}],"replies":[{"embeddable":true,"href":"https:\/\/www.game4fun.eu\/index.php?rest_route=%2Fwp%2Fv2%2Fcomments&post=2976"}],"version-history":[{"count":15,"href":"https:\/\/www.game4fun.eu\/index.php?rest_route=\/wp\/v2\/pages\/2976\/revisions"}],"predecessor-version":[{"id":3022,"href":"https:\/\/www.game4fun.eu\/index.php?rest_route=\/wp\/v2\/pages\/2976\/revisions\/3022"}],"wp:attachment":[{"href":"https:\/\/www.game4fun.eu\/index.php?rest_route=%2Fwp%2Fv2%2Fmedia&parent=2976"}],"curies":[{"name":"wp","href":"https:\/\/api.w.org\/{rel}","templated":true}]}}