{"id":3044,"date":"2026-03-10T09:33:23","date_gmt":"2026-03-10T09:33:23","guid":{"rendered":"https:\/\/www.game4fun.eu\/?page_id=3044"},"modified":"2026-03-31T04:25:43","modified_gmt":"2026-03-31T04:25:43","slug":"chat-2","status":"publish","type":"page","link":"https:\/\/www.game4fun.eu\/?page_id=3044","title":{"rendered":"Pokec pro v\u0161echny!"},"content":{"rendered":"<h5><strong>Ps\u00e1t mohou jen <strong class=\"Yjhzub\" data-sfc-root=\"c\" data-sfc-cb=\"\">registrovan\u00ed<\/strong> u\u017eivatel\u00e9. Tak nev\u00e1hej a zaregistruj se.<\/strong><br \/>\n<strong><div id=\"wc4803ed936a5f23c02553a5007a05c2d4\" class=\"wcContainer wcContainerClassic wcColddarkTheme\" data-wc-config=\"{&quot;chatId&quot;:&quot;wc4803ed936a5f23c02553a5007a05c2d4&quot;,&quot;checksum&quot;:&quot;VTB4TGJFZFNkRVJsVm1sSFRGRkRWV2RoWjJoMlJrUnVTRzgwWWxkSlJrczVUVmhIVjBsbk5sRlRVbGRWUW1aUFkwdGxRMk5XTURBd1dtSTJiR2RxVVE9PQ==&quot;,&quot;isMultisite&quot;:false,&quot;blogId&quot;:1,&quot;theme&quot;:&quot;colddark&quot;,&quot;themeClassName&quot;:&quot;wcColddarkTheme&quot;,&quot;baseDir&quot;:&quot;https:\\\/\\\/www.game4fun.eu\\\/wp-content\\\/plugins\\\/wise-chat\\\/&quot;,&quot;mode&quot;:0,&quot;channelIds&quot;:[1],&quot;nowTime&quot;:&quot;2026-05-15T00:51:38+00:00&quot;,&quot;messagesOrder&quot;:&quot;ascending&quot;,&quot;debug&quot;:false,&quot;disableChannelsRestore&quot;:false,&quot;interface&quot;:{&quot;auth&quot;:{&quot;mode&quot;:&quot;auto&quot;,&quot;username&quot;:{&quot;fields&quot;:[],&quot;intro&quot;:&quot;&quot;},&quot;error&quot;:null},&quot;chat&quot;:{&quot;title&quot;:&quot;Chat&quot;,&quot;publicEnabled&quot;:true,&quot;classic&quot;:{&quot;channelsView&quot;:&quot;tabs&quot;,&quot;grid&quot;:{&quot;cols&quot;:2,&quot;height&quot;:550}},&quot;fb&quot;:{&quot;topOffset&quot;:0,&quot;bottomOffset&quot;:0,&quot;bottomThreshold&quot;:0,&quot;browserMinimizable&quot;:false,&quot;minimizeOnStart&quot;:false,&quot;location&quot;:&quot;right&quot;},&quot;mobile&quot;:{&quot;tabs&quot;:{&quot;chats&quot;:false}}},&quot;channel&quot;:{&quot;inputLocation&quot;:&quot;bottom&quot;,&quot;directEnabled&quot;:true,&quot;direct&quot;:{&quot;closeConfirmation&quot;:false,&quot;title&quot;:&quot;&quot;},&quot;logOffOnCloseLast&quot;:false,&quot;destroyOnCloseLast&quot;:false},&quot;message&quot;:{&quot;compact&quot;:true,&quot;timeMode&quot;:&quot;&quot;,&quot;dateFormat&quot;:&quot;&quot;,&quot;timeFormat&quot;:&quot;&quot;,&quot;senderMode&quot;:3,&quot;approvingMode&quot;:1,&quot;approvalConfirmation&quot;:false,&quot;links&quot;:true,&quot;attachments&quot;:false,&quot;attachmentsVideoPlayer&quot;:false,&quot;attachmentsSoundPlayer&quot;:false,&quot;images&quot;:false,&quot;imagesViewer&quot;:&quot;internal&quot;,&quot;yt&quot;:false,&quot;ytWidth&quot;:186,&quot;ytHeight&quot;:105,&quot;tt&quot;:false,&quot;edit&quot;:false,&quot;reactions&quot;:{&quot;enabled&quot;:true,&quot;mode&quot;:&quot;like&quot;,&quot;group&quot;:false,&quot;buttonMode&quot;:&quot;icon_text&quot;,&quot;list&quot;:[{&quot;id&quot;:1,&quot;class&quot;:&quot;wcReactionLike&quot;,&quot;action&quot;:&quot;Like&quot;,&quot;active&quot;:&quot;I like it&quot;,&quot;icon&quot;:&quot;https:\\\/\\\/www.game4fun.eu\\\/wp-content\\\/plugins\\\/wise-chat\\\/gfx\\\/icons\\\/reactions\\\/like-light.svg&quot;,&quot;iconSm&quot;:&quot;https:\\\/\\\/www.game4fun.eu\\\/wp-content\\\/plugins\\\/wise-chat\\\/gfx\\\/icons\\\/reactions\\\/like-light.svg&quot;}]}},&quot;input&quot;:{&quot;userName&quot;:true,&quot;submit&quot;:true,&quot;multiline&quot;:false,&quot;multilineEasy&quot;:false,&quot;maxLength&quot;:400,&quot;emoticons&quot;:{&quot;enabled&quot;:true,&quot;set&quot;:1,&quot;size&quot;:32,&quot;custom&quot;:null,&quot;customPopupWidth&quot;:0,&quot;customPopupHeight&quot;:0,&quot;customEmoticonMaxWidthInPopup&quot;:0,&quot;baseURL&quot;:&quot;https:\\\/\\\/www.game4fun.eu\\\/wp-content\\\/plugins\\\/wise-chat\\\/gfx\\\/emoticons\\\/&quot;},&quot;gifs&quot;:{&quot;enabled&quot;:false},&quot;images&quot;:{&quot;enabled&quot;:false,&quot;sizeLimit&quot;:3145728},&quot;attachments&quot;:{&quot;enabled&quot;:false,&quot;extensionsList&quot;:&quot;.mp3&quot;,&quot;validFileFormats&quot;:[&quot;mp3&quot;],&quot;sizeLimit&quot;:3145728},&quot;sounds&quot;:{&quot;enabled&quot;:false,&quot;maxLength&quot;:true}},&quot;customization&quot;:{&quot;userNameLengthLimit&quot;:25},&quot;browser&quot;:{&quot;enabled&quot;:true,&quot;searchSubChannels&quot;:true,&quot;location&quot;:&quot;right&quot;,&quot;status&quot;:true,&quot;mode&quot;:&quot;full-channels&quot;,&quot;autoOpenFirstPublic&quot;:true,&quot;autoOpenOnlyExisting&quot;:false,&quot;autoOpen&quot;:false},&quot;recent&quot;:{&quot;enabled&quot;:true,&quot;excerpts&quot;:true,&quot;status&quot;:false},&quot;incoming&quot;:{&quot;enabled&quot;:true,&quot;confirm&quot;:true,&quot;focus&quot;:true},&quot;counter&quot;:{&quot;onlineUsers&quot;:false},&quot;streams&quot;:{&quot;video&quot;:{&quot;calls&quot;:{&quot;enabled&quot;:false}}}},&quot;engines&quot;:{&quot;ajax&quot;:{&quot;apiEndpointBase&quot;:&quot;https:\\\/\\\/www.game4fun.eu\\\/?wc-gold-engine&quot;,&quot;apiMessagesEndpointBase&quot;:&quot;https:\\\/\\\/www.game4fun.eu\\\/?wc-gold-engine&quot;,&quot;apiWPEndpointBase&quot;:&quot;https:\\\/\\\/www.game4fun.eu\\\/wp-admin\\\/admin-ajax.php&quot;,&quot;refresh&quot;:4000}},&quot;rights&quot;:{&quot;receiveMessages&quot;:true},&quot;notifications&quot;:{&quot;newChat&quot;:{&quot;sound&quot;:&quot;wise-chat-02&quot;},&quot;newMessage&quot;:{&quot;title&quot;:false,&quot;sound&quot;:&quot;wise-chat-01&quot;,&quot;mode&quot;:&quot;&quot;},&quot;userLeft&quot;:{&quot;sound&quot;:&quot;&quot;,&quot;browserHighlight&quot;:true},&quot;userJoined&quot;:{&quot;sound&quot;:&quot;&quot;,&quot;browserHighlight&quot;:true},&quot;mentioned&quot;:{&quot;sound&quot;:&quot;&quot;}},&quot;i18n&quot;:{&quot;loadingChat&quot;:&quot;Loading the chat ...&quot;,&quot;loading&quot;:&quot;Loading ...&quot;,&quot;sending&quot;:&quot;Sending ...&quot;,&quot;send&quot;:&quot;Send&quot;,&quot;hint&quot;:&quot;Enter message here&quot;,&quot;customize&quot;:&quot;Customize&quot;,&quot;secAgo&quot;:&quot;sec. ago&quot;,&quot;minAgo&quot;:&quot;min. ago&quot;,&quot;yesterday&quot;:&quot;yesterday&quot;,&quot;insertIntoMessage&quot;:&quot;Insert into message&quot;,&quot;users&quot;:&quot;Users&quot;,&quot;channels&quot;:&quot;Channels&quot;,&quot;channel&quot;:&quot;Channel&quot;,&quot;recent&quot;:&quot;Recent&quot;,&quot;chats&quot;:&quot;Chats&quot;,&quot;usersAndChannels&quot;:&quot;Users and Channels&quot;,&quot;noChannels&quot;:&quot;No channels open.&quot;,&quot;noChats&quot;:&quot;No chats open.&quot;,&quot;enterUserName&quot;:&quot;Enter your username&quot;,&quot;logIn&quot;:&quot;Log in&quot;,&quot;logInUsing&quot;:&quot;Log in using&quot;,&quot;logInAnonymously&quot;:&quot;Log in anonymously&quot;,&quot;onlineUsers&quot;:&quot;Online users&quot;}}\">\r\n\t\t<div class=\"wcClassic\">\r\n\t\t\t<div class=\"wcLoadingContainer\">\r\n\t\t\t\t<div class=\"wcTitle\">Chat<\/div>\r\n\t\t\t\t<div class=\"wcLoading\">\r\n\t\t\t\t\t<div class=\"wcLoadingMessage\">Loading the chat ...<\/div>\r\n\t\t\t\t<\/div>\r\n\t\t\t<\/div>\r\n\t\t<\/div>\r\n\t<\/div>\r\n\r\n\r\n<style type=\"text\/css\">#wc4803ed936a5f23c02553a5007a05c2d4 .wcBody .wcMessagesArea .wcTabsContainer { background-color: #777777; }\n#wc4803ed936a5f23c02553a5007a05c2d4 .wcBody .wcBrowserArea { background-color: #777777; }\n#wc4803ed936a5f23c02553a5007a05c2d4 .wcDesktop .wcBrowser { background-color: #777777; }\n#wc4803ed936a5f23c02553a5007a05c2d4 .wcMobile .wcTabs { background-color: #777777; }\n#wc4803ed936a5f23c02553a5007a05c2d4 .wcSidebar .wcColumn .wcContent.wcBrowserContent .wcCustomizations { background-color: #777777; }\n#wc4803ed936a5f23c02553a5007a05c2d4 .wcBody .wcMessagesArea .wcTabsContainer .wcTabs .wcTab .wcName { color: #ffffff; }\n#wc4803ed936a5f23c02553a5007a05c2d4 .wcDesktop .wcBrowser * { color: #ffffff; }\n#wc4803ed936a5f23c02553a5007a05c2d4  { width: 100%; height: 500px; }\n<\/style>\r\n<\/strong><\/h5>\n","protected":false},"excerpt":{"rendered":"<p>Ps\u00e1t mohou jen registrovan\u00ed u\u017eivatel\u00e9. Tak nev\u00e1hej a zaregistruj se.<\/p>\n","protected":false},"author":19,"featured_media":0,"parent":0,"menu_order":0,"comment_status":"closed","ping_status":"closed","template":"","meta":{"footnotes":""},"class_list":["post-3044","page","type-page","status-publish","hentry"],"yoast_head":"<!-- This site is optimized with the Yoast SEO plugin v27.6 - https:\/\/yoast.com\/product\/yoast-seo-wordpress\/ -->\n<title>Pokec chat: Objevte nov\u00e9 p\u0159\u00e1tele online | Game4Fun.eu - Hern\u00ed sv\u011bt<\/title>\n<meta name=\"robots\" content=\"index, follow, max-snippet:-1, max-image-preview:large, max-video-preview:-1\" \/>\n<link rel=\"canonical\" href=\"https:\/\/www.game4fun.eu\/?page_id=3044\" \/>\n<meta property=\"og:locale\" content=\"cs_CZ\" \/>\n<meta property=\"og:type\" content=\"article\" \/>\n<meta property=\"og:title\" content=\"Pokec chat: Objevte nov\u00e9 p\u0159\u00e1tele online | Game4Fun.eu - Hern\u00ed sv\u011bt\" \/>\n<meta property=\"og:description\" content=\"Ps\u00e1t mohou jen registrovan\u00ed u\u017eivatel\u00e9. Tak nev\u00e1hej a zaregistruj se.\" \/>\n<meta property=\"og:url\" content=\"https:\/\/www.game4fun.eu\/?page_id=3044\" \/>\n<meta property=\"og:site_name\" content=\"Game4Fun.eu - Hern\u00ed sv\u011bt\" \/>\n<meta property=\"article:modified_time\" content=\"2026-03-31T04:25:43+00:00\" \/>\n<meta name=\"twitter:card\" content=\"summary_large_image\" \/>\n<meta name=\"twitter:label1\" content=\"Odhadovan\u00e1 doba \u010dten\u00ed\" \/>\n\t<meta name=\"twitter:data1\" content=\"1 minuta\" \/>\n<script type=\"application\/ld+json\" class=\"yoast-schema-graph\">{\"@context\":\"https:\\\/\\\/schema.org\",\"@graph\":[{\"@type\":\"WebPage\",\"@id\":\"https:\\\/\\\/www.game4fun.eu\\\/?page_id=3044\",\"url\":\"https:\\\/\\\/www.game4fun.eu\\\/?page_id=3044\",\"name\":\"Pokec chat: Objevte nov\u00e9 p\u0159\u00e1tele online | Game4Fun.eu - Hern\u00ed sv\u011bt\",\"isPartOf\":{\"@id\":\"https:\\\/\\\/www.game4fun.eu\\\/#website\"},\"datePublished\":\"2026-03-10T09:33:23+00:00\",\"dateModified\":\"2026-03-31T04:25:43+00:00\",\"breadcrumb\":{\"@id\":\"https:\\\/\\\/www.game4fun.eu\\\/?page_id=3044#breadcrumb\"},\"inLanguage\":\"cs\",\"potentialAction\":[{\"@type\":\"ReadAction\",\"target\":[\"https:\\\/\\\/www.game4fun.eu\\\/?page_id=3044\"]}]},{\"@type\":\"BreadcrumbList\",\"@id\":\"https:\\\/\\\/www.game4fun.eu\\\/?page_id=3044#breadcrumb\",\"itemListElement\":[{\"@type\":\"ListItem\",\"position\":1,\"name\":\"Dom\u016f\",\"item\":\"https:\\\/\\\/www.game4fun.eu\\\/\"},{\"@type\":\"ListItem\",\"position\":2,\"name\":\"Pokec pro v\u0161echny!\"}]},{\"@type\":\"WebSite\",\"@id\":\"https:\\\/\\\/www.game4fun.eu\\\/#website\",\"url\":\"https:\\\/\\\/www.game4fun.eu\\\/\",\"name\":\"Game4Fun.eu | \u010cesk\u00fd hern\u00ed port\u00e1l\",\"description\":\"\u010cesk\u00fd hern\u00ed port\u00e1l se servery San Andreas Multiplayer (SAMP), Call of Duty, SCUM, OpenTTD. P\u0159ij\u010fte si zahr\u00e1t!\",\"publisher\":{\"@id\":\"https:\\\/\\\/www.game4fun.eu\\\/#organization\"},\"potentialAction\":[{\"@type\":\"SearchAction\",\"target\":{\"@type\":\"EntryPoint\",\"urlTemplate\":\"https:\\\/\\\/www.game4fun.eu\\\/?s={search_term_string}\"},\"query-input\":{\"@type\":\"PropertyValueSpecification\",\"valueRequired\":true,\"valueName\":\"search_term_string\"}}],\"inLanguage\":\"cs\"},{\"@type\":\"Organization\",\"@id\":\"https:\\\/\\\/www.game4fun.eu\\\/#organization\",\"name\":\"Game4Fun.eu | \u010cesk\u00fd hern\u00ed port\u00e1l\",\"url\":\"https:\\\/\\\/www.game4fun.eu\\\/\",\"logo\":{\"@type\":\"ImageObject\",\"inLanguage\":\"cs\",\"@id\":\"https:\\\/\\\/www.game4fun.eu\\\/#\\\/schema\\\/logo\\\/image\\\/\",\"url\":\"https:\\\/\\\/www.game4fun.eu\\\/wp-content\\\/uploads\\\/2025\\\/10\\\/Game4funlogo.png\",\"contentUrl\":\"https:\\\/\\\/www.game4fun.eu\\\/wp-content\\\/uploads\\\/2025\\\/10\\\/Game4funlogo.png\",\"width\":210,\"height\":94,\"caption\":\"Game4Fun.eu | \u010cesk\u00fd hern\u00ed port\u00e1l\"},\"image\":{\"@id\":\"https:\\\/\\\/www.game4fun.eu\\\/#\\\/schema\\\/logo\\\/image\\\/\"}}]}<\/script>\n<!-- \/ Yoast SEO plugin. -->","yoast_head_json":{"title":"Pokec chat: Objevte nov\u00e9 p\u0159\u00e1tele online | Game4Fun.eu - Hern\u00ed sv\u011bt","robots":{"index":"index","follow":"follow","max-snippet":"max-snippet:-1","max-image-preview":"max-image-preview:large","max-video-preview":"max-video-preview:-1"},"canonical":"https:\/\/www.game4fun.eu\/?page_id=3044","og_locale":"cs_CZ","og_type":"article","og_title":"Pokec chat: Objevte nov\u00e9 p\u0159\u00e1tele online | Game4Fun.eu - Hern\u00ed sv\u011bt","og_description":"Ps\u00e1t mohou jen registrovan\u00ed u\u017eivatel\u00e9. Tak nev\u00e1hej a zaregistruj se.","og_url":"https:\/\/www.game4fun.eu\/?page_id=3044","og_site_name":"Game4Fun.eu - Hern\u00ed sv\u011bt","article_modified_time":"2026-03-31T04:25:43+00:00","twitter_card":"summary_large_image","twitter_misc":{"Odhadovan\u00e1 doba \u010dten\u00ed":"1 minuta"},"schema":{"@context":"https:\/\/schema.org","@graph":[{"@type":"WebPage","@id":"https:\/\/www.game4fun.eu\/?page_id=3044","url":"https:\/\/www.game4fun.eu\/?page_id=3044","name":"Pokec chat: Objevte nov\u00e9 p\u0159\u00e1tele online | Game4Fun.eu - Hern\u00ed sv\u011bt","isPartOf":{"@id":"https:\/\/www.game4fun.eu\/#website"},"datePublished":"2026-03-10T09:33:23+00:00","dateModified":"2026-03-31T04:25:43+00:00","breadcrumb":{"@id":"https:\/\/www.game4fun.eu\/?page_id=3044#breadcrumb"},"inLanguage":"cs","potentialAction":[{"@type":"ReadAction","target":["https:\/\/www.game4fun.eu\/?page_id=3044"]}]},{"@type":"BreadcrumbList","@id":"https:\/\/www.game4fun.eu\/?page_id=3044#breadcrumb","itemListElement":[{"@type":"ListItem","position":1,"name":"Dom\u016f","item":"https:\/\/www.game4fun.eu\/"},{"@type":"ListItem","position":2,"name":"Pokec pro v\u0161echny!"}]},{"@type":"WebSite","@id":"https:\/\/www.game4fun.eu\/#website","url":"https:\/\/www.game4fun.eu\/","name":"Game4Fun.eu | \u010cesk\u00fd hern\u00ed port\u00e1l","description":"\u010cesk\u00fd hern\u00ed port\u00e1l se servery San Andreas Multiplayer (SAMP), Call of Duty, SCUM, OpenTTD. P\u0159ij\u010fte si zahr\u00e1t!","publisher":{"@id":"https:\/\/www.game4fun.eu\/#organization"},"potentialAction":[{"@type":"SearchAction","target":{"@type":"EntryPoint","urlTemplate":"https:\/\/www.game4fun.eu\/?s={search_term_string}"},"query-input":{"@type":"PropertyValueSpecification","valueRequired":true,"valueName":"search_term_string"}}],"inLanguage":"cs"},{"@type":"Organization","@id":"https:\/\/www.game4fun.eu\/#organization","name":"Game4Fun.eu | \u010cesk\u00fd hern\u00ed port\u00e1l","url":"https:\/\/www.game4fun.eu\/","logo":{"@type":"ImageObject","inLanguage":"cs","@id":"https:\/\/www.game4fun.eu\/#\/schema\/logo\/image\/","url":"https:\/\/www.game4fun.eu\/wp-content\/uploads\/2025\/10\/Game4funlogo.png","contentUrl":"https:\/\/www.game4fun.eu\/wp-content\/uploads\/2025\/10\/Game4funlogo.png","width":210,"height":94,"caption":"Game4Fun.eu | \u010cesk\u00fd hern\u00ed port\u00e1l"},"image":{"@id":"https:\/\/www.game4fun.eu\/#\/schema\/logo\/image\/"}}]}},"_links":{"self":[{"href":"https:\/\/www.game4fun.eu\/index.php?rest_route=\/wp\/v2\/pages\/3044","targetHints":{"allow":["GET"]}}],"collection":[{"href":"https:\/\/www.game4fun.eu\/index.php?rest_route=\/wp\/v2\/pages"}],"about":[{"href":"https:\/\/www.game4fun.eu\/index.php?rest_route=\/wp\/v2\/types\/page"}],"author":[{"embeddable":true,"href":"https:\/\/www.game4fun.eu\/index.php?rest_route=\/wp\/v2\/users\/19"}],"replies":[{"embeddable":true,"href":"https:\/\/www.game4fun.eu\/index.php?rest_route=%2Fwp%2Fv2%2Fcomments&post=3044"}],"version-history":[{"count":7,"href":"https:\/\/www.game4fun.eu\/index.php?rest_route=\/wp\/v2\/pages\/3044\/revisions"}],"predecessor-version":[{"id":3058,"href":"https:\/\/www.game4fun.eu\/index.php?rest_route=\/wp\/v2\/pages\/3044\/revisions\/3058"}],"wp:attachment":[{"href":"https:\/\/www.game4fun.eu\/index.php?rest_route=%2Fwp%2Fv2%2Fmedia&parent=3044"}],"curies":[{"name":"wp","href":"https:\/\/api.w.org\/{rel}","templated":true}]}}