{"id":69,"date":"2018-05-09T18:11:56","date_gmt":"2018-05-09T18:11:56","guid":{"rendered":"http:\/\/www.game4fun.eu\/www\/?page_id=69"},"modified":"2025-11-21T12:38:11","modified_gmt":"2025-11-21T12:38:11","slug":"pravidla","status":"publish","type":"page","link":"https:\/\/www.game4fun.eu\/?page_id=69","title":{"rendered":"Pravidla"},"content":{"rendered":"<!DOCTYPE html>\r\n<html>\r\n<head>\r\n<meta http-equiv=\"Content-Type\" content=\"text\/html; charset=utf-8\">\r\n<style>\r\ntable {\r\n\tmargin: auto; \r\n    border-collapse: collapse;\r\n    width: 100%;\r\n\tfont-family: 'Comic Sans MS',sans-serif; font-size:12px; font-weight:normal;\r\n}\r\n\r\nth, td {\r\n    padding: 8px;\r\n    text-align: left;\r\n    border-bottom: 1px solid #ddd;\r\n}\r\n\r\n\r\nth {\r\n    background-color: #585858;\r\n\tcolor:white;\r\n\tfont-size:16px;\r\n}\r\ntr:hover {background-color:#585858; color:white;}\r\n\r\nh1   {font-size:12px;font-weight: bold;}\r\n<\/style>\r\n<\/head>\r\n<body>\r\n\r\n\r\n<table>\r\n<tr><td>1. Z\u00e1kaz jak\u00e9koliv reklamy, \u00famysln\u00e9 pohor\u0161ov\u00e1n\u00ed serveru.<\/td><tr><tr><td>2. Z\u00e1kaz spamu, CMD spamu a vulgarity. Plat\u00ed i pro soukrom\u00e9 chaty jako PM,Skupiny,Job chat, Gang chat...<\/td><tr><tr><td>3. Z\u00e1kaz nerespektov\u00e1n\u00ed rozhodnut\u00ed Administr\u00e1tor\u016f.<\/td><tr><tr><td>4. Z\u00e1kaz ni\u010den\u00ed akc\u00ed a Event\u016f po\u0159\u00e1dan\u00fdch Administr\u00e1torem a Event Mastrem nebo akce po\u0159\u00e1dan\u00e9 hr\u00e1\u010dem, kter\u00fd m\u00e1 svolen\u00ed admina nebo moder\u00e1tora.<\/td><tr><tr><td>5. Z\u00e1kaz Cheatov\u00e1n\u00ed a zneu\u017e\u00edvan\u00ed bug\u016f, pou\u017e\u00edv\u00e1n\u00ed CLEO script\u016f a upravovat soubory z\u00e1kladn\u00ed hry GTA SA<\/td><tr><tr><td>6.  Z\u00e1kaz nenahl\u00e1\u0161en\u00ed cheater\u016f, nenahl\u00e1\u0161en\u00ed bugov\u00e1n\u00ed hr\u00e1\u010de.<\/td><tr><tr><td>7. Z\u00e1kaz zneu\u017e\u00edv\u00e1n\u00ed p\u0159\u00edkaz\u016f a funkc\u00ed serveru (nap\u0159. bodov\u00e1n\u00ed, mise, z\u00e1vody, obch\u00e1zen\u00ed sb\u00edr\u00e1n\u00ed ZK atd ).<\/td><tr><tr><td>8. Z\u00e1kaz obch\u00e1zen\u00ed banu, pravidel a ostatn\u00edch trest\u016f.<\/td><tr><tr><td>9. Z\u00e1kaz zab\u00edjen\u00ed na spawnu. Zak\u00e1z\u00e1no zab\u00edjet\/\u00fato\u010dit s arm\u00e1dn\u00ed technikou mimo zelenou zonu.<\/td><tr><tr><td>10. Z\u00e1kaz poru\u0161ov\u00e1n\u00ed v\u0161eobecn\u00fdch pravidel Game4Fun.eu (viz discord).<\/td><tr><tr><td>11. Z\u00e1kaz nav\u00e1d\u011bn\u00ed a vyu\u017eit\u00ed neznalost\u00ed nov\u00fdch hr\u00e1\u010d\u016f.<\/td><tr><tr><td>12. Z\u00e1kaz nab\u00edzen\u00ed a prodej za re\u00e1ln\u00e9 pen\u00edze (Neplat\u00ed pro obchodov\u00e1n\u00ed s VIP tarifem Sponzor za hern\u00ed m\u011bnu!).<\/td><tr><tr><td>13. Z\u00e1kaz \u00famysln\u00e9ho \u00fat\u011bku z boje (AFK \/ Odpojen\u00ed \/ Banka \/ D\u016fm) a p\u0159ed zat\u010den\u00edm (AFK \/ Odpojen\u00ed).<\/td><tr><tr><td>14. Z\u00e1kaz pou\u017eit\u00ed Joypadu\/AsistAim\/AimLock za \u00fa\u010delem automatick\u00e9ho zam\u011b\u0159ov\u00e1n\u00ed se bere jako pou\u017e\u00edv\u00e1n\u00ed aimbotu.<\/td><tr><tr><td>15. Z\u00e1kaz podv\u00e1d\u011bn\u00ed\/okr\u00e1d\u00e1n\u00ed hr\u00e1\u010d\u016f za \u00famyslem osobn\u00edho obohacen\u00ed.<\/td><tr><tr><td>16. Z\u00e1kaz ni\u010den\u00ed vozidel v bazarech (\u00famysln\u00e9 posouvan\u00ed\/bour\u00e1n\u00ed vozidel a napad\u00e1n\u00ed zam\u011bstnanc\u016f v bazaru p\u0159i parkov\u00e1n\u00ed).<\/td><tr><tr><td>17. Z\u00e1kaz prod\u00e1v\u00e1n\u00ed lokac\u00ed bal\u00ed\u010dk\u016f (plat\u00ed i pro d\u00e1rky, vaj\u00ed\u010dka, so\u0161ky atd) pro svoje obohacen\u00ed.<\/td><tr><tr><td>18. Z\u00e1kaz blokovat, bourat nebo ni\u010dit misi hr\u00e1\u010de, kter\u00fd ji vykon\u00e1v\u00e1. (Je povoleno zat\u00fdk\u00e1n\u00ed u v\u0161ech mis\u00edch).<\/td><tr><tr><td>19. Z\u00e1kaz zneu\u017e\u00edvat\/vyu\u017e\u00edvat Multiaccount ve sv\u016fj \u010di ciz\u00ed prosp\u011bch (p\u0159epos\u00edl\u00e1n\u00ed pen\u011bz, majetku...).<\/td><tr><tr><td>20. Z\u00e1kaz vyd\u00e1v\u00e1n\u00ed se za admina nebo ji\u017e registrovan\u00e9ho hr\u00e1\u010de ( napodobov\u00e1n\u00ed nicku ).<\/td><tr><tr><td>21. Z\u00e1kaz zab\u00edjen\u00ed v No Kill Z\u00f3n\u011b ( NKZ ).<\/td><tr><tr><td>22. Z\u00e1kaz zneu\u017e\u00edvat p\u0159\u00edkaz \/spec.<\/td><tr><tr><td>23. Z\u00e1kaz zab\u00edjen\u00ed hr\u00e1\u010de za \u00fa\u010delem \u0161ikany. (Tzn. M\u00edt na n\u011bj psychick\u00fd n\u00e1tlak aby opustil hru.)<\/td><tr><tr><td>24. Z\u00e1kaz zneu\u017e\u00edv\u00e1n\u00ed p\u0159\u00edkazu \/report.<\/td><tr><tr><td>25. Z\u00e1kaz blokov\u00e1n\u00ed spawn pozice nebo warpu vozidly.<\/td><tr><tr><td>26. Z\u00e1kaz jak\u00e9koli blokov\u00e1n\u00ed \/ dr\u017een\u00ed nemovitosti. Pokud admin usoud\u00ed \u017ee aktivita je n\u00edzk\u00e1 a dr\u017e\u00ed majetek, bude nemovitost odebr\u00e1na. <\/td><tr><tr><td>27. Ka\u017ed\u00fd h\u0159i\u0161n\u00edk, kter\u00fd obdr\u017e\u00ed ban na serveru obdr\u017e\u00ed na na\u0161em DC roli Muted\/Banned do skon\u010den\u00ed banu na serveru.<\/td><tr><tr><td>28. Je zak\u00e1z\u00e1no hrub\u011b ur\u00e1\u017eet a oso\u010dovat bez jak\u00fdkoliv d\u016fkaz\u016f.<\/td><tr><\/table>\n","protected":false},"excerpt":{"rendered":"","protected":false},"author":1,"featured_media":0,"parent":0,"menu_order":1,"comment_status":"closed","ping_status":"closed","template":"","meta":{"footnotes":""},"class_list":["post-69","page","type-page","status-publish","hentry"],"yoast_head":"<!-- This site is optimized with the Yoast SEO plugin v27.3 - https:\/\/yoast.com\/product\/yoast-seo-wordpress\/ -->\n<title>Pravidla | Game4Fun.eu - Hern\u00ed sv\u011bt<\/title>\n<meta name=\"robots\" content=\"index, follow, max-snippet:-1, max-image-preview:large, max-video-preview:-1\" \/>\n<link rel=\"canonical\" href=\"https:\/\/www.game4fun.eu\/?page_id=69\" \/>\n<meta property=\"og:locale\" content=\"cs_CZ\" \/>\n<meta property=\"og:type\" content=\"article\" \/>\n<meta property=\"og:title\" content=\"Pravidla | Game4Fun.eu - Hern\u00ed sv\u011bt\" \/>\n<meta property=\"og:url\" content=\"https:\/\/www.game4fun.eu\/?page_id=69\" \/>\n<meta property=\"og:site_name\" content=\"Game4Fun.eu - Hern\u00ed sv\u011bt\" \/>\n<meta property=\"article:modified_time\" content=\"2025-11-21T12:38:11+00:00\" \/>\n<meta name=\"twitter:card\" content=\"summary_large_image\" \/>\n<script type=\"application\/ld+json\" class=\"yoast-schema-graph\">{\"@context\":\"https:\\\/\\\/schema.org\",\"@graph\":[{\"@type\":\"WebPage\",\"@id\":\"https:\\\/\\\/www.game4fun.eu\\\/?page_id=69\",\"url\":\"https:\\\/\\\/www.game4fun.eu\\\/?page_id=69\",\"name\":\"Pravidla | Game4Fun.eu - Hern\u00ed sv\u011bt\",\"isPartOf\":{\"@id\":\"https:\\\/\\\/www.game4fun.eu\\\/#website\"},\"datePublished\":\"2018-05-09T18:11:56+00:00\",\"dateModified\":\"2025-11-21T12:38:11+00:00\",\"breadcrumb\":{\"@id\":\"https:\\\/\\\/www.game4fun.eu\\\/?page_id=69#breadcrumb\"},\"inLanguage\":\"cs\",\"potentialAction\":[{\"@type\":\"ReadAction\",\"target\":[\"https:\\\/\\\/www.game4fun.eu\\\/?page_id=69\"]}]},{\"@type\":\"BreadcrumbList\",\"@id\":\"https:\\\/\\\/www.game4fun.eu\\\/?page_id=69#breadcrumb\",\"itemListElement\":[{\"@type\":\"ListItem\",\"position\":1,\"name\":\"Dom\u016f\",\"item\":\"https:\\\/\\\/www.game4fun.eu\\\/\"},{\"@type\":\"ListItem\",\"position\":2,\"name\":\"Pravidla\"}]},{\"@type\":\"WebSite\",\"@id\":\"https:\\\/\\\/www.game4fun.eu\\\/#website\",\"url\":\"https:\\\/\\\/www.game4fun.eu\\\/\",\"name\":\"Game4Fun.eu | \u010cesk\u00fd hern\u00ed port\u00e1l\",\"description\":\"\u010cesk\u00fd hern\u00ed port\u00e1l se servery San Andreas Multiplayer (SAMP), Call of Duty, SCUM, OpenTTD. P\u0159ij\u010fte si zahr\u00e1t!\",\"publisher\":{\"@id\":\"https:\\\/\\\/www.game4fun.eu\\\/#organization\"},\"potentialAction\":[{\"@type\":\"SearchAction\",\"target\":{\"@type\":\"EntryPoint\",\"urlTemplate\":\"https:\\\/\\\/www.game4fun.eu\\\/?s={search_term_string}\"},\"query-input\":{\"@type\":\"PropertyValueSpecification\",\"valueRequired\":true,\"valueName\":\"search_term_string\"}}],\"inLanguage\":\"cs\"},{\"@type\":\"Organization\",\"@id\":\"https:\\\/\\\/www.game4fun.eu\\\/#organization\",\"name\":\"Game4Fun.eu | \u010cesk\u00fd hern\u00ed port\u00e1l\",\"url\":\"https:\\\/\\\/www.game4fun.eu\\\/\",\"logo\":{\"@type\":\"ImageObject\",\"inLanguage\":\"cs\",\"@id\":\"https:\\\/\\\/www.game4fun.eu\\\/#\\\/schema\\\/logo\\\/image\\\/\",\"url\":\"https:\\\/\\\/www.game4fun.eu\\\/wp-content\\\/uploads\\\/2025\\\/10\\\/Game4funlogo.png\",\"contentUrl\":\"https:\\\/\\\/www.game4fun.eu\\\/wp-content\\\/uploads\\\/2025\\\/10\\\/Game4funlogo.png\",\"width\":210,\"height\":94,\"caption\":\"Game4Fun.eu | \u010cesk\u00fd hern\u00ed port\u00e1l\"},\"image\":{\"@id\":\"https:\\\/\\\/www.game4fun.eu\\\/#\\\/schema\\\/logo\\\/image\\\/\"}}]}<\/script>\n<!-- \/ Yoast SEO plugin. -->","yoast_head_json":{"title":"Pravidla | Game4Fun.eu - Hern\u00ed sv\u011bt","robots":{"index":"index","follow":"follow","max-snippet":"max-snippet:-1","max-image-preview":"max-image-preview:large","max-video-preview":"max-video-preview:-1"},"canonical":"https:\/\/www.game4fun.eu\/?page_id=69","og_locale":"cs_CZ","og_type":"article","og_title":"Pravidla | Game4Fun.eu - Hern\u00ed sv\u011bt","og_url":"https:\/\/www.game4fun.eu\/?page_id=69","og_site_name":"Game4Fun.eu - Hern\u00ed sv\u011bt","article_modified_time":"2025-11-21T12:38:11+00:00","twitter_card":"summary_large_image","schema":{"@context":"https:\/\/schema.org","@graph":[{"@type":"WebPage","@id":"https:\/\/www.game4fun.eu\/?page_id=69","url":"https:\/\/www.game4fun.eu\/?page_id=69","name":"Pravidla | Game4Fun.eu - Hern\u00ed sv\u011bt","isPartOf":{"@id":"https:\/\/www.game4fun.eu\/#website"},"datePublished":"2018-05-09T18:11:56+00:00","dateModified":"2025-11-21T12:38:11+00:00","breadcrumb":{"@id":"https:\/\/www.game4fun.eu\/?page_id=69#breadcrumb"},"inLanguage":"cs","potentialAction":[{"@type":"ReadAction","target":["https:\/\/www.game4fun.eu\/?page_id=69"]}]},{"@type":"BreadcrumbList","@id":"https:\/\/www.game4fun.eu\/?page_id=69#breadcrumb","itemListElement":[{"@type":"ListItem","position":1,"name":"Dom\u016f","item":"https:\/\/www.game4fun.eu\/"},{"@type":"ListItem","position":2,"name":"Pravidla"}]},{"@type":"WebSite","@id":"https:\/\/www.game4fun.eu\/#website","url":"https:\/\/www.game4fun.eu\/","name":"Game4Fun.eu | \u010cesk\u00fd hern\u00ed port\u00e1l","description":"\u010cesk\u00fd hern\u00ed port\u00e1l se servery San Andreas Multiplayer (SAMP), Call of Duty, SCUM, OpenTTD. P\u0159ij\u010fte si zahr\u00e1t!","publisher":{"@id":"https:\/\/www.game4fun.eu\/#organization"},"potentialAction":[{"@type":"SearchAction","target":{"@type":"EntryPoint","urlTemplate":"https:\/\/www.game4fun.eu\/?s={search_term_string}"},"query-input":{"@type":"PropertyValueSpecification","valueRequired":true,"valueName":"search_term_string"}}],"inLanguage":"cs"},{"@type":"Organization","@id":"https:\/\/www.game4fun.eu\/#organization","name":"Game4Fun.eu | \u010cesk\u00fd hern\u00ed port\u00e1l","url":"https:\/\/www.game4fun.eu\/","logo":{"@type":"ImageObject","inLanguage":"cs","@id":"https:\/\/www.game4fun.eu\/#\/schema\/logo\/image\/","url":"https:\/\/www.game4fun.eu\/wp-content\/uploads\/2025\/10\/Game4funlogo.png","contentUrl":"https:\/\/www.game4fun.eu\/wp-content\/uploads\/2025\/10\/Game4funlogo.png","width":210,"height":94,"caption":"Game4Fun.eu | \u010cesk\u00fd hern\u00ed port\u00e1l"},"image":{"@id":"https:\/\/www.game4fun.eu\/#\/schema\/logo\/image\/"}}]}},"_links":{"self":[{"href":"https:\/\/www.game4fun.eu\/index.php?rest_route=\/wp\/v2\/pages\/69","targetHints":{"allow":["GET"]}}],"collection":[{"href":"https:\/\/www.game4fun.eu\/index.php?rest_route=\/wp\/v2\/pages"}],"about":[{"href":"https:\/\/www.game4fun.eu\/index.php?rest_route=\/wp\/v2\/types\/page"}],"author":[{"embeddable":true,"href":"https:\/\/www.game4fun.eu\/index.php?rest_route=\/wp\/v2\/users\/1"}],"replies":[{"embeddable":true,"href":"https:\/\/www.game4fun.eu\/index.php?rest_route=%2Fwp%2Fv2%2Fcomments&post=69"}],"version-history":[{"count":15,"href":"https:\/\/www.game4fun.eu\/index.php?rest_route=\/wp\/v2\/pages\/69\/revisions"}],"predecessor-version":[{"id":2649,"href":"https:\/\/www.game4fun.eu\/index.php?rest_route=\/wp\/v2\/pages\/69\/revisions\/2649"}],"wp:attachment":[{"href":"https:\/\/www.game4fun.eu\/index.php?rest_route=%2Fwp%2Fv2%2Fmedia&parent=69"}],"curies":[{"name":"wp","href":"https:\/\/api.w.org\/{rel}","templated":true}]}}