{"id":80,"date":"2018-05-22T18:27:10","date_gmt":"2018-05-22T18:27:10","guid":{"rendered":"http:\/\/www.game4fun.eu\/www\/?page_id=80"},"modified":"2025-11-05T18:47:29","modified_gmt":"2025-11-05T18:47:29","slug":"openttd-server","status":"publish","type":"page","link":"https:\/\/www.game4fun.eu\/?page_id=80","title":{"rendered":"OpenTTD"},"content":{"rendered":"<p><img loading=\"lazy\" decoding=\"async\" class=\"wp-image-1143 aligncenter\" src=\"https:\/\/www.game4fun.eu\/wp-content\/uploads\/2024\/05\/Openttdlogo.svg_.png\" alt=\"\" width=\"238\" height=\"230\" srcset=\"https:\/\/www.game4fun.eu\/wp-content\/uploads\/2024\/05\/Openttdlogo.svg_.png 800w, https:\/\/www.game4fun.eu\/wp-content\/uploads\/2024\/05\/Openttdlogo.svg_-300x291.png 300w, https:\/\/www.game4fun.eu\/wp-content\/uploads\/2024\/05\/Openttdlogo.svg_-768x744.png 768w\" sizes=\"auto, (max-width: 238px) 100vw, 238px\" \/><\/p>\r\n\r\n<div class=\"wp-block-group\">\r\n<div class=\"wp-block-group__inner-container is-layout-flow wp-block-group-is-layout-flow\">\r\n<p><strong><a href=\"https:\/\/servers.openttd.org\/server\/+2zqXywN\" target=\"_blank\" rel=\"noopener\">Server 1#:<\/a> <\/strong><\/p>\r\n<\/div>\r\n<\/div>\r\n\r\n\r\n\r\n\r\n\r\n\r\n\r\n<p>&#8211; Pro p\u0159ipojen\u00ed pou\u017eijte ip adresu server: <strong>play.game4fun.eu:28890<\/strong><br \/><br \/><a href=\"https:\/\/servers.openttd.org\/server\/+mgkVjkD\" target=\"_blank\" rel=\"noopener\"><strong>Server 2#:<\/strong><\/a><\/p>\r\n<p>&#8211; Pro p\u0159ipojen\u00ed pou\u017eijte ip adresu server: <strong>play.game4fun.eu:28888<\/strong><br \/><br \/>&#8211; OpenTTD je <a href=\"https:\/\/www.openttd.org\/downloads\/openttd-releases\/latest\">ke sta\u017een\u00ed zde<\/a><br \/>&#8211;<strong> Ve\u0161ker\u00e9 p\u0159ipom\u00ednky k serveru pi\u0161te na <a href=\"http:\/\/www.discord.gg\/sWp2DJf\">discord do sekce OpenTTD<\/a><br \/><\/strong><\/p>\r\n\r\n<p><img decoding=\"async\" src=\"https:\/\/www.game4fun.eu\/wp-content\/uploads\/2025\/09\/banner_openttd.png\" alt=\"Server play.game4fun.eu:28890\" \/><\/p>\r\n\r\n<iframe loading=\"lazy\" src=\"https:\/\/store.steampowered.com\/widget\/1536610\/\" frameborder=\"0\" width=\"600\" height=\"190\"><\/iframe>","protected":false},"excerpt":{"rendered":"<p>Server 1#: &#8211; Pro p\u0159ipojen\u00ed pou\u017eijte ip adresu server: play.game4fun.eu:28890 Server 2#: &#8211; Pro p\u0159ipojen\u00ed pou\u017eijte ip adresu server: play.game4fun.eu:28888 &#8211; OpenTTD je ke sta\u017een\u00ed zde&#8211; Ve\u0161ker\u00e9 p\u0159ipom\u00ednky k serveru pi\u0161te na discord do sekce OpenTTD<\/p>\n","protected":false},"author":1,"featured_media":0,"parent":0,"menu_order":5,"comment_status":"open","ping_status":"closed","template":"","meta":{"footnotes":""},"class_list":["post-80","page","type-page","status-publish","hentry"],"yoast_head":"<!-- This site is optimized with the Yoast SEO plugin v27.3 - https:\/\/yoast.com\/product\/yoast-seo-wordpress\/ -->\n<title>OpenTTD | Game4Fun.eu - Hern\u00ed sv\u011bt<\/title>\n<meta name=\"robots\" content=\"index, follow, max-snippet:-1, max-image-preview:large, max-video-preview:-1\" \/>\n<link rel=\"canonical\" href=\"https:\/\/www.game4fun.eu\/?page_id=80\" \/>\n<meta property=\"og:locale\" content=\"cs_CZ\" \/>\n<meta property=\"og:type\" content=\"article\" \/>\n<meta property=\"og:title\" content=\"OpenTTD | Game4Fun.eu - Hern\u00ed sv\u011bt\" \/>\n<meta property=\"og:description\" content=\"Server 1#: &#8211; Pro p\u0159ipojen\u00ed pou\u017eijte ip adresu server: play.game4fun.eu:28890 Server 2#: &#8211; Pro p\u0159ipojen\u00ed pou\u017eijte ip adresu server: play.game4fun.eu:28888 &#8211; OpenTTD je ke sta\u017een\u00ed zde&#8211; Ve\u0161ker\u00e9 p\u0159ipom\u00ednky k serveru pi\u0161te na discord do sekce OpenTTD\" \/>\n<meta property=\"og:url\" content=\"https:\/\/www.game4fun.eu\/?page_id=80\" \/>\n<meta property=\"og:site_name\" content=\"Game4Fun.eu - Hern\u00ed sv\u011bt\" \/>\n<meta property=\"article:modified_time\" content=\"2025-11-05T18:47:29+00:00\" \/>\n<meta property=\"og:image\" content=\"https:\/\/www.game4fun.eu\/wp-content\/uploads\/2024\/05\/Openttdlogo.svg_.png\" \/>\n\t<meta property=\"og:image:width\" content=\"800\" \/>\n\t<meta property=\"og:image:height\" content=\"775\" \/>\n\t<meta property=\"og:image:type\" content=\"image\/png\" \/>\n<meta name=\"twitter:card\" content=\"summary_large_image\" \/>\n<script type=\"application\/ld+json\" class=\"yoast-schema-graph\">{\"@context\":\"https:\\\/\\\/schema.org\",\"@graph\":[{\"@type\":\"WebPage\",\"@id\":\"https:\\\/\\\/www.game4fun.eu\\\/?page_id=80\",\"url\":\"https:\\\/\\\/www.game4fun.eu\\\/?page_id=80\",\"name\":\"OpenTTD | Game4Fun.eu - Hern\u00ed sv\u011bt\",\"isPartOf\":{\"@id\":\"https:\\\/\\\/www.game4fun.eu\\\/#website\"},\"primaryImageOfPage\":{\"@id\":\"https:\\\/\\\/www.game4fun.eu\\\/?page_id=80#primaryimage\"},\"image\":{\"@id\":\"https:\\\/\\\/www.game4fun.eu\\\/?page_id=80#primaryimage\"},\"thumbnailUrl\":\"https:\\\/\\\/www.game4fun.eu\\\/wp-content\\\/uploads\\\/2024\\\/05\\\/Openttdlogo.svg_.png\",\"datePublished\":\"2018-05-22T18:27:10+00:00\",\"dateModified\":\"2025-11-05T18:47:29+00:00\",\"breadcrumb\":{\"@id\":\"https:\\\/\\\/www.game4fun.eu\\\/?page_id=80#breadcrumb\"},\"inLanguage\":\"cs\",\"potentialAction\":[{\"@type\":\"ReadAction\",\"target\":[\"https:\\\/\\\/www.game4fun.eu\\\/?page_id=80\"]}]},{\"@type\":\"ImageObject\",\"inLanguage\":\"cs\",\"@id\":\"https:\\\/\\\/www.game4fun.eu\\\/?page_id=80#primaryimage\",\"url\":\"https:\\\/\\\/www.game4fun.eu\\\/wp-content\\\/uploads\\\/2024\\\/05\\\/Openttdlogo.svg_.png\",\"contentUrl\":\"https:\\\/\\\/www.game4fun.eu\\\/wp-content\\\/uploads\\\/2024\\\/05\\\/Openttdlogo.svg_.png\",\"width\":800,\"height\":775},{\"@type\":\"BreadcrumbList\",\"@id\":\"https:\\\/\\\/www.game4fun.eu\\\/?page_id=80#breadcrumb\",\"itemListElement\":[{\"@type\":\"ListItem\",\"position\":1,\"name\":\"Dom\u016f\",\"item\":\"https:\\\/\\\/www.game4fun.eu\\\/\"},{\"@type\":\"ListItem\",\"position\":2,\"name\":\"OpenTTD\"}]},{\"@type\":\"WebSite\",\"@id\":\"https:\\\/\\\/www.game4fun.eu\\\/#website\",\"url\":\"https:\\\/\\\/www.game4fun.eu\\\/\",\"name\":\"Game4Fun.eu | \u010cesk\u00fd hern\u00ed port\u00e1l\",\"description\":\"\u010cesk\u00fd hern\u00ed port\u00e1l se servery San Andreas Multiplayer (SAMP), Call of Duty, SCUM, OpenTTD. P\u0159ij\u010fte si zahr\u00e1t!\",\"publisher\":{\"@id\":\"https:\\\/\\\/www.game4fun.eu\\\/#organization\"},\"potentialAction\":[{\"@type\":\"SearchAction\",\"target\":{\"@type\":\"EntryPoint\",\"urlTemplate\":\"https:\\\/\\\/www.game4fun.eu\\\/?s={search_term_string}\"},\"query-input\":{\"@type\":\"PropertyValueSpecification\",\"valueRequired\":true,\"valueName\":\"search_term_string\"}}],\"inLanguage\":\"cs\"},{\"@type\":\"Organization\",\"@id\":\"https:\\\/\\\/www.game4fun.eu\\\/#organization\",\"name\":\"Game4Fun.eu | \u010cesk\u00fd hern\u00ed port\u00e1l\",\"url\":\"https:\\\/\\\/www.game4fun.eu\\\/\",\"logo\":{\"@type\":\"ImageObject\",\"inLanguage\":\"cs\",\"@id\":\"https:\\\/\\\/www.game4fun.eu\\\/#\\\/schema\\\/logo\\\/image\\\/\",\"url\":\"https:\\\/\\\/www.game4fun.eu\\\/wp-content\\\/uploads\\\/2025\\\/10\\\/Game4funlogo.png\",\"contentUrl\":\"https:\\\/\\\/www.game4fun.eu\\\/wp-content\\\/uploads\\\/2025\\\/10\\\/Game4funlogo.png\",\"width\":210,\"height\":94,\"caption\":\"Game4Fun.eu | \u010cesk\u00fd hern\u00ed port\u00e1l\"},\"image\":{\"@id\":\"https:\\\/\\\/www.game4fun.eu\\\/#\\\/schema\\\/logo\\\/image\\\/\"}}]}<\/script>\n<!-- \/ Yoast SEO plugin. -->","yoast_head_json":{"title":"OpenTTD | Game4Fun.eu - Hern\u00ed sv\u011bt","robots":{"index":"index","follow":"follow","max-snippet":"max-snippet:-1","max-image-preview":"max-image-preview:large","max-video-preview":"max-video-preview:-1"},"canonical":"https:\/\/www.game4fun.eu\/?page_id=80","og_locale":"cs_CZ","og_type":"article","og_title":"OpenTTD | Game4Fun.eu - Hern\u00ed sv\u011bt","og_description":"Server 1#: &#8211; Pro p\u0159ipojen\u00ed pou\u017eijte ip adresu server: play.game4fun.eu:28890 Server 2#: &#8211; Pro p\u0159ipojen\u00ed pou\u017eijte ip adresu server: play.game4fun.eu:28888 &#8211; OpenTTD je ke sta\u017een\u00ed zde&#8211; Ve\u0161ker\u00e9 p\u0159ipom\u00ednky k serveru pi\u0161te na discord do sekce OpenTTD","og_url":"https:\/\/www.game4fun.eu\/?page_id=80","og_site_name":"Game4Fun.eu - Hern\u00ed sv\u011bt","article_modified_time":"2025-11-05T18:47:29+00:00","og_image":[{"width":800,"height":775,"url":"https:\/\/www.game4fun.eu\/wp-content\/uploads\/2024\/05\/Openttdlogo.svg_.png","type":"image\/png"}],"twitter_card":"summary_large_image","schema":{"@context":"https:\/\/schema.org","@graph":[{"@type":"WebPage","@id":"https:\/\/www.game4fun.eu\/?page_id=80","url":"https:\/\/www.game4fun.eu\/?page_id=80","name":"OpenTTD | Game4Fun.eu - Hern\u00ed sv\u011bt","isPartOf":{"@id":"https:\/\/www.game4fun.eu\/#website"},"primaryImageOfPage":{"@id":"https:\/\/www.game4fun.eu\/?page_id=80#primaryimage"},"image":{"@id":"https:\/\/www.game4fun.eu\/?page_id=80#primaryimage"},"thumbnailUrl":"https:\/\/www.game4fun.eu\/wp-content\/uploads\/2024\/05\/Openttdlogo.svg_.png","datePublished":"2018-05-22T18:27:10+00:00","dateModified":"2025-11-05T18:47:29+00:00","breadcrumb":{"@id":"https:\/\/www.game4fun.eu\/?page_id=80#breadcrumb"},"inLanguage":"cs","potentialAction":[{"@type":"ReadAction","target":["https:\/\/www.game4fun.eu\/?page_id=80"]}]},{"@type":"ImageObject","inLanguage":"cs","@id":"https:\/\/www.game4fun.eu\/?page_id=80#primaryimage","url":"https:\/\/www.game4fun.eu\/wp-content\/uploads\/2024\/05\/Openttdlogo.svg_.png","contentUrl":"https:\/\/www.game4fun.eu\/wp-content\/uploads\/2024\/05\/Openttdlogo.svg_.png","width":800,"height":775},{"@type":"BreadcrumbList","@id":"https:\/\/www.game4fun.eu\/?page_id=80#breadcrumb","itemListElement":[{"@type":"ListItem","position":1,"name":"Dom\u016f","item":"https:\/\/www.game4fun.eu\/"},{"@type":"ListItem","position":2,"name":"OpenTTD"}]},{"@type":"WebSite","@id":"https:\/\/www.game4fun.eu\/#website","url":"https:\/\/www.game4fun.eu\/","name":"Game4Fun.eu | \u010cesk\u00fd hern\u00ed port\u00e1l","description":"\u010cesk\u00fd hern\u00ed port\u00e1l se servery San Andreas Multiplayer (SAMP), Call of Duty, SCUM, OpenTTD. P\u0159ij\u010fte si zahr\u00e1t!","publisher":{"@id":"https:\/\/www.game4fun.eu\/#organization"},"potentialAction":[{"@type":"SearchAction","target":{"@type":"EntryPoint","urlTemplate":"https:\/\/www.game4fun.eu\/?s={search_term_string}"},"query-input":{"@type":"PropertyValueSpecification","valueRequired":true,"valueName":"search_term_string"}}],"inLanguage":"cs"},{"@type":"Organization","@id":"https:\/\/www.game4fun.eu\/#organization","name":"Game4Fun.eu | \u010cesk\u00fd hern\u00ed port\u00e1l","url":"https:\/\/www.game4fun.eu\/","logo":{"@type":"ImageObject","inLanguage":"cs","@id":"https:\/\/www.game4fun.eu\/#\/schema\/logo\/image\/","url":"https:\/\/www.game4fun.eu\/wp-content\/uploads\/2025\/10\/Game4funlogo.png","contentUrl":"https:\/\/www.game4fun.eu\/wp-content\/uploads\/2025\/10\/Game4funlogo.png","width":210,"height":94,"caption":"Game4Fun.eu | \u010cesk\u00fd hern\u00ed port\u00e1l"},"image":{"@id":"https:\/\/www.game4fun.eu\/#\/schema\/logo\/image\/"}}]}},"_links":{"self":[{"href":"https:\/\/www.game4fun.eu\/index.php?rest_route=\/wp\/v2\/pages\/80","targetHints":{"allow":["GET"]}}],"collection":[{"href":"https:\/\/www.game4fun.eu\/index.php?rest_route=\/wp\/v2\/pages"}],"about":[{"href":"https:\/\/www.game4fun.eu\/index.php?rest_route=\/wp\/v2\/types\/page"}],"author":[{"embeddable":true,"href":"https:\/\/www.game4fun.eu\/index.php?rest_route=\/wp\/v2\/users\/1"}],"replies":[{"embeddable":true,"href":"https:\/\/www.game4fun.eu\/index.php?rest_route=%2Fwp%2Fv2%2Fcomments&post=80"}],"version-history":[{"count":40,"href":"https:\/\/www.game4fun.eu\/index.php?rest_route=\/wp\/v2\/pages\/80\/revisions"}],"predecessor-version":[{"id":2493,"href":"https:\/\/www.game4fun.eu\/index.php?rest_route=\/wp\/v2\/pages\/80\/revisions\/2493"}],"wp:attachment":[{"href":"https:\/\/www.game4fun.eu\/index.php?rest_route=%2Fwp%2Fv2%2Fmedia&parent=80"}],"curies":[{"name":"wp","href":"https:\/\/api.w.org\/{rel}","templated":true}]}}